{"id":10965,"date":"2021-10-21T14:23:06","date_gmt":"2021-10-21T11:23:06","guid":{"rendered":"http:\/\/localhost\/TR\/?page_id=10965"},"modified":"2021-10-21T14:37:44","modified_gmt":"2021-10-21T11:37:44","slug":"dayanikli-tuketim","status":"publish","type":"page","link":"https:\/\/poyrazpaslanmaz.com\/TUR\/dayanikli-tuketim\/","title":{"rendered":"Dayan\u0131kl\u0131 T\u00fcketim"},"content":{"rendered":"\t\t<div data-elementor-type=\"wp-page\" data-elementor-id=\"10965\" class=\"elementor elementor-10965\" data-elementor-settings=\"[]\">\n\t\t\t\t\t\t\t<div class=\"elementor-section-wrap\">\n\t\t\t\t\t\t\t<section class=\"elementor-section elementor-top-section elementor-element elementor-element-b38b302 elementor-section-boxed elementor-section-height-default elementor-section-height-default\" data-id=\"b38b302\" data-element_type=\"section\">\n\t\t\t\t\t\t<div class=\"elementor-container elementor-column-gap-default\">\n\t\t\t\t\t<div class=\"elementor-column elementor-col-100 elementor-top-column elementor-element elementor-element-ddedd92\" data-id=\"ddedd92\" data-element_type=\"column\">\n\t\t\t<div class=\"elementor-widget-wrap elementor-element-populated\">\n\t\t\t\t\t\t\t\t<div class=\"elementor-element elementor-element-0b428cc elementor-widget elementor-widget-ld_fancy_image\" data-id=\"0b428cc\" data-element_type=\"widget\" data-widget_type=\"ld_fancy_image.default\">\n\t\t\t\t<div class=\"elementor-widget-container\">\n\t\t\t\n\t\t\t<div id=\"\" class=\"lqd-imggrp-single\"   >\n\t\t\t\t\n\t\t\t\t<div class=\"lqd-imggrp-img-container\"   >\n\t\t\t\t\t\n\t\t\t\t\t\t\t\n\t\t\t\t\t\t\t\t\t\t<figure><img loading=\"lazy\" decoding=\"async\" width=\"1992\" height=\"1126\" src=\"https:\/\/poyrazpaslanmaz.com\/TUR\/wp-content\/uploads\/2021\/10\/40236c25c2535f7c8bca11fcab9c21d2-1590588725738.jpg\" class=\"attachment-full size-full\" alt=\"\" srcset=\"https:\/\/poyrazpaslanmaz.com\/TUR\/wp-content\/uploads\/2021\/10\/40236c25c2535f7c8bca11fcab9c21d2-1590588725738.jpg 1992w, https:\/\/poyrazpaslanmaz.com\/TUR\/wp-content\/uploads\/2021\/10\/40236c25c2535f7c8bca11fcab9c21d2-1590588725738-1536x868.jpg 1536w\" sizes=\"auto, (max-width: 1992px) 100vw, 1992px\" \/><\/figure>\n\t\t\t\t\t\t\t\t\t\t\t\t\t\t\t\t\t\t\t\t\n\t\t\t\t<\/div>\n\t\t\t<\/div>\n\n\t\t\t\t<\/div>\n\t\t\t\t<\/div>\n\t\t\t\t\t<\/div>\n\t\t<\/div>\n\t\t\t\t\t\t\t<\/div>\n\t\t<\/section>\n\t\t\t\t<section class=\"elementor-section elementor-top-section elementor-element elementor-element-fa2c630 elementor-section-boxed elementor-section-height-default elementor-section-height-default\" data-id=\"fa2c630\" data-element_type=\"section\">\n\t\t\t\t\t\t<div class=\"elementor-container elementor-column-gap-default\">\n\t\t\t\t\t<div class=\"elementor-column elementor-col-100 elementor-top-column elementor-element elementor-element-42dc28d\" data-id=\"42dc28d\" data-element_type=\"column\">\n\t\t\t<div class=\"elementor-widget-wrap elementor-element-populated\">\n\t\t\t\t\t\t\t\t<div class=\"elementor-element elementor-element-be7ce20 elementor-widget elementor-widget-hub_fancy_heading\" data-id=\"be7ce20\" data-element_type=\"widget\" data-widget_type=\"hub_fancy_heading.default\">\n\t\t\t\t<div class=\"elementor-widget-container\">\n\t\t\t\n\t\t<div id=\"ld-fancy-heading-69f9b83cd5251\" class=\"ld-fancy-heading\">\n\t\t\t<span class=\"ld-fh-element lqd-highlight-underline lqd-highlight-grow-left span\"  > T\u00fcrkiye\u2019nin en b\u00fcy\u00fck paslanmaz \u00e7elik tedarik\u00e7i ve \u00fcreticilerinden biri olan Poyraz Paslanmaz; kaliteli paslanmaz \u00e7elik \u00fcr\u00fcnleri ve m\u00fc\u015fterinin ihtiya\u00e7lar\u0131 do\u011frultusunda \u00e7\u00f6z\u00fcm \u00fcretebilme refleksi ile Dayan\u0131kl\u0131 T\u00fcketim sekt\u00f6r\u00fcnde yurt i\u00e7inde ve yurt d\u0131\u015f\u0131nda pek \u00e7ok global \u015firketin tercih sebebi olmaktad\u0131r. Buzdolab\u0131, derin dondurucu, \u00e7ama\u015f\u0131r makinesi, kurutucu, f\u0131r\u0131n, set \u00fcst\u00fc ocak ve muhtelif ev aletleri, ofis mobilyalar\u0131, \u00e7ekmece ray\u0131, metal dolap ve benzeri \u00fcretimlerde paslanmaz \u00e7elik \u00fcr\u00fcn grubu tercih edilebilmektedir.<\/span>\t\t<\/div>\n\n\t\t\t\t<\/div>\n\t\t\t\t<\/div>\n\t\t\t\t\t<\/div>\n\t\t<\/div>\n\t\t\t\t\t\t\t<\/div>\n\t\t<\/section>\n\t\t\t\t\t\t<\/div>\n\t\t\t\t\t<\/div>\n\t\t","protected":false},"excerpt":{"rendered":"<p>T\u00fcrkiye\u2019nin en b\u00fcy\u00fck paslanmaz \u00e7elik tedarik\u00e7i ve \u00fcreticilerinden biri olan Poyraz Paslanmaz; kaliteli paslanmaz \u00e7elik \u00fcr\u00fcnleri ve m\u00fc\u015fterinin ihtiya\u00e7lar\u0131 do\u011frultusunda \u00e7\u00f6z\u00fcm \u00fcretebilme refleksi ile Dayan\u0131kl\u0131 T\u00fcketim sekt\u00f6r\u00fcnde yurt i\u00e7inde ve yurt d\u0131\u015f\u0131nda pek \u00e7ok global \u015firketin tercih sebebi olmaktad\u0131r. Buzdolab\u0131, derin dondurucu, \u00e7ama\u015f\u0131r makinesi, kurutucu, f\u0131r\u0131n, set \u00fcst\u00fc ocak ve muhtelif ev aletleri, ofis mobilyalar\u0131, [&hellip;]<\/p>\n","protected":false},"author":1,"featured_media":0,"parent":0,"menu_order":0,"comment_status":"closed","ping_status":"closed","template":"elementor_header_footer","meta":{"footnotes":""},"class_list":["post-10965","page","type-page","status-publish","hentry"],"yoast_head":"<!-- This site is optimized with the Yoast SEO Premium plugin v18.1 (Yoast SEO v18.2) - https:\/\/yoast.com\/wordpress\/plugins\/seo\/ -->\n<title>Paslanmaz \u00c7elik Dayan\u0131kl\u0131 T\u00fcketim \u00dcr\u00fcnleri<\/title>\n<meta name=\"robots\" content=\"index, follow, max-snippet:-1, max-image-preview:large, max-video-preview:-1\" \/>\n<link rel=\"canonical\" href=\"https:\/\/poyrazpaslanmaz.com\/TUR\/dayanikli-tuketim\/\" \/>\n<meta property=\"og:locale\" content=\"tr_TR\" \/>\n<meta property=\"og:type\" content=\"article\" \/>\n<meta property=\"og:title\" content=\"Dayan\u0131kl\u0131 T\u00fcketim\" \/>\n<meta property=\"og:description\" content=\"T\u00fcrkiye\u2019nin en b\u00fcy\u00fck paslanmaz \u00e7elik tedarik\u00e7i ve \u00fcreticilerinden biri olan Poyraz Paslanmaz; kaliteli paslanmaz \u00e7elik \u00fcr\u00fcnleri ve m\u00fc\u015fterinin ihtiya\u00e7lar\u0131 do\u011frultusunda \u00e7\u00f6z\u00fcm \u00fcretebilme refleksi ile Dayan\u0131kl\u0131 T\u00fcketim sekt\u00f6r\u00fcnde yurt i\u00e7inde ve yurt d\u0131\u015f\u0131nda pek \u00e7ok global \u015firketin tercih sebebi olmaktad\u0131r. Buzdolab\u0131, derin dondurucu, \u00e7ama\u015f\u0131r makinesi, kurutucu, f\u0131r\u0131n, set \u00fcst\u00fc ocak ve muhtelif ev aletleri, ofis mobilyalar\u0131, [&hellip;]\" \/>\n<meta property=\"og:url\" content=\"https:\/\/poyrazpaslanmaz.com\/TUR\/dayanikli-tuketim\/\" \/>\n<meta property=\"og:site_name\" content=\"Poyraz Paslanmaz \u00c7elik Servisi\" \/>\n<meta property=\"article:modified_time\" content=\"2021-10-21T11:37:44+00:00\" \/>\n<meta property=\"og:image\" content=\"http:\/\/localhost\/TR\/wp-content\/uploads\/2021\/10\/40236c25c2535f7c8bca11fcab9c21d2-1590588725738.jpg\" \/>\n<meta name=\"twitter:card\" content=\"summary_large_image\" \/>\n<script type=\"application\/ld+json\" class=\"yoast-schema-graph\">{\"@context\":\"https:\/\/schema.org\",\"@graph\":[{\"@type\":\"Organization\",\"@id\":\"https:\/\/poyrazpaslanmaz.com\/TUR\/#organization\",\"name\":\"Poyraz Paslanmaz \u00c7elik Servis Merkezi\",\"url\":\"https:\/\/poyrazpaslanmaz.com\/TUR\/\",\"sameAs\":[\"https:\/\/www.linkedin.com\/company\/poyraz-paslanmaz\/\",\"https:\/\/www.youtube.com\/channel\/UCikMTgktvEY2HsKznCs6wNQ\"],\"logo\":{\"@type\":\"ImageObject\",\"@id\":\"https:\/\/poyrazpaslanmaz.com\/TUR\/#logo\",\"inLanguage\":\"tr\",\"url\":\"https:\/\/poyrazpaslanmaz.com\/TUR\/wp-content\/uploads\/2019\/12\/POYRAZ-LOGO.png\",\"contentUrl\":\"https:\/\/poyrazpaslanmaz.com\/TUR\/wp-content\/uploads\/2019\/12\/POYRAZ-LOGO.png\",\"width\":700,\"height\":215,\"caption\":\"Poyraz Paslanmaz \u00c7elik Servis Merkezi\"},\"image\":{\"@id\":\"https:\/\/poyrazpaslanmaz.com\/TUR\/#logo\"}},{\"@type\":\"WebSite\",\"@id\":\"https:\/\/poyrazpaslanmaz.com\/TUR\/#website\",\"url\":\"https:\/\/poyrazpaslanmaz.com\/TUR\/\",\"name\":\"Poyraz Paslanmaz \u00c7elik Servisi\",\"description\":\"Paslanmaz Rulo, Sac, Boru, Profil, \u00c7ubuk, Lama, K\u00f6\u015febent\",\"publisher\":{\"@id\":\"https:\/\/poyrazpaslanmaz.com\/TUR\/#organization\"},\"potentialAction\":[{\"@type\":\"SearchAction\",\"target\":{\"@type\":\"EntryPoint\",\"urlTemplate\":\"https:\/\/poyrazpaslanmaz.com\/TUR\/?s={search_term_string}\"},\"query-input\":\"required name=search_term_string\"}],\"inLanguage\":\"tr\"},{\"@type\":\"ImageObject\",\"@id\":\"https:\/\/poyrazpaslanmaz.com\/TUR\/dayanikli-tuketim\/#primaryimage\",\"inLanguage\":\"tr\",\"url\":\"http:\/\/localhost\/TR\/wp-content\/uploads\/2021\/10\/40236c25c2535f7c8bca11fcab9c21d2-1590588725738.jpg\",\"contentUrl\":\"http:\/\/localhost\/TR\/wp-content\/uploads\/2021\/10\/40236c25c2535f7c8bca11fcab9c21d2-1590588725738.jpg\"},{\"@type\":\"WebPage\",\"@id\":\"https:\/\/poyrazpaslanmaz.com\/TUR\/dayanikli-tuketim\/#webpage\",\"url\":\"https:\/\/poyrazpaslanmaz.com\/TUR\/dayanikli-tuketim\/\",\"name\":\"Paslanmaz \u00c7elik Dayan\u0131kl\u0131 T\u00fcketim \u00dcr\u00fcnleri\",\"isPartOf\":{\"@id\":\"https:\/\/poyrazpaslanmaz.com\/TUR\/#website\"},\"primaryImageOfPage\":{\"@id\":\"https:\/\/poyrazpaslanmaz.com\/TUR\/dayanikli-tuketim\/#primaryimage\"},\"datePublished\":\"2021-10-21T11:23:06+00:00\",\"dateModified\":\"2021-10-21T11:37:44+00:00\",\"breadcrumb\":{\"@id\":\"https:\/\/poyrazpaslanmaz.com\/TUR\/dayanikli-tuketim\/#breadcrumb\"},\"inLanguage\":\"tr\",\"potentialAction\":[{\"@type\":\"ReadAction\",\"target\":[\"https:\/\/poyrazpaslanmaz.com\/TUR\/dayanikli-tuketim\/\"]}]},{\"@type\":\"BreadcrumbList\",\"@id\":\"https:\/\/poyrazpaslanmaz.com\/TUR\/dayanikli-tuketim\/#breadcrumb\",\"itemListElement\":[{\"@type\":\"ListItem\",\"position\":1,\"name\":\"Anasayfa\",\"item\":\"https:\/\/poyrazpaslanmaz.com\/TUR\/\"},{\"@type\":\"ListItem\",\"position\":2,\"name\":\"Dayan\u0131kl\u0131 T\u00fcketim\"}]},{\"@type\":\"TechArticle\",\"@id\":\"https:\/\/poyrazpaslanmaz.com\/TUR\/dayanikli-tuketim\/#article\",\"isPartOf\":{\"@id\":\"https:\/\/poyrazpaslanmaz.com\/TUR\/dayanikli-tuketim\/#webpage\"},\"author\":{\"@id\":\"https:\/\/poyrazpaslanmaz.com\/TUR\/#\/schema\/person\/c779564c9945a08d3334cf8c7064c3a0\"},\"headline\":\"Dayan\u0131kl\u0131 T\u00fcketim\",\"datePublished\":\"2021-10-21T11:23:06+00:00\",\"dateModified\":\"2021-10-21T11:37:44+00:00\",\"mainEntityOfPage\":{\"@id\":\"https:\/\/poyrazpaslanmaz.com\/TUR\/dayanikli-tuketim\/#webpage\"},\"wordCount\":93,\"publisher\":{\"@id\":\"https:\/\/poyrazpaslanmaz.com\/TUR\/#organization\"},\"image\":{\"@id\":\"https:\/\/poyrazpaslanmaz.com\/TUR\/dayanikli-tuketim\/#primaryimage\"},\"thumbnailUrl\":\"http:\/\/localhost\/TR\/wp-content\/uploads\/2021\/10\/40236c25c2535f7c8bca11fcab9c21d2-1590588725738.jpg\",\"inLanguage\":\"tr\"},{\"@type\":\"Person\",\"@id\":\"https:\/\/poyrazpaslanmaz.com\/TUR\/#\/schema\/person\/c779564c9945a08d3334cf8c7064c3a0\",\"name\":\"poyraz\",\"image\":{\"@type\":\"ImageObject\",\"@id\":\"https:\/\/poyrazpaslanmaz.com\/TUR\/#personlogo\",\"inLanguage\":\"tr\",\"url\":\"https:\/\/secure.gravatar.com\/avatar\/0e253ed5519749879d717378123245bf?s=96&d=mm&r=g\",\"contentUrl\":\"https:\/\/secure.gravatar.com\/avatar\/0e253ed5519749879d717378123245bf?s=96&d=mm&r=g\",\"caption\":\"poyraz\"},\"sameAs\":[\"http:\/\/poyrazpaslanmaz.com\/TUR\"],\"url\":\"https:\/\/poyrazpaslanmaz.com\/TUR\/author\/poyraz\/\"}]}<\/script>\n<!-- \/ Yoast SEO Premium plugin. -->","yoast_head_json":{"title":"Paslanmaz \u00c7elik Dayan\u0131kl\u0131 T\u00fcketim \u00dcr\u00fcnleri","robots":{"index":"index","follow":"follow","max-snippet":"max-snippet:-1","max-image-preview":"max-image-preview:large","max-video-preview":"max-video-preview:-1"},"canonical":"https:\/\/poyrazpaslanmaz.com\/TUR\/dayanikli-tuketim\/","og_locale":"tr_TR","og_type":"article","og_title":"Dayan\u0131kl\u0131 T\u00fcketim","og_description":"T\u00fcrkiye\u2019nin en b\u00fcy\u00fck paslanmaz \u00e7elik tedarik\u00e7i ve \u00fcreticilerinden biri olan Poyraz Paslanmaz; kaliteli paslanmaz \u00e7elik \u00fcr\u00fcnleri ve m\u00fc\u015fterinin ihtiya\u00e7lar\u0131 do\u011frultusunda \u00e7\u00f6z\u00fcm \u00fcretebilme refleksi ile Dayan\u0131kl\u0131 T\u00fcketim sekt\u00f6r\u00fcnde yurt i\u00e7inde ve yurt d\u0131\u015f\u0131nda pek \u00e7ok global \u015firketin tercih sebebi olmaktad\u0131r. Buzdolab\u0131, derin dondurucu, \u00e7ama\u015f\u0131r makinesi, kurutucu, f\u0131r\u0131n, set \u00fcst\u00fc ocak ve muhtelif ev aletleri, ofis mobilyalar\u0131, [&hellip;]","og_url":"https:\/\/poyrazpaslanmaz.com\/TUR\/dayanikli-tuketim\/","og_site_name":"Poyraz Paslanmaz \u00c7elik Servisi","article_modified_time":"2021-10-21T11:37:44+00:00","og_image":[{"url":"http:\/\/localhost\/TR\/wp-content\/uploads\/2021\/10\/40236c25c2535f7c8bca11fcab9c21d2-1590588725738.jpg"}],"twitter_card":"summary_large_image","schema":{"@context":"https:\/\/schema.org","@graph":[{"@type":"Organization","@id":"https:\/\/poyrazpaslanmaz.com\/TUR\/#organization","name":"Poyraz Paslanmaz \u00c7elik Servis Merkezi","url":"https:\/\/poyrazpaslanmaz.com\/TUR\/","sameAs":["https:\/\/www.linkedin.com\/company\/poyraz-paslanmaz\/","https:\/\/www.youtube.com\/channel\/UCikMTgktvEY2HsKznCs6wNQ"],"logo":{"@type":"ImageObject","@id":"https:\/\/poyrazpaslanmaz.com\/TUR\/#logo","inLanguage":"tr","url":"https:\/\/poyrazpaslanmaz.com\/TUR\/wp-content\/uploads\/2019\/12\/POYRAZ-LOGO.png","contentUrl":"https:\/\/poyrazpaslanmaz.com\/TUR\/wp-content\/uploads\/2019\/12\/POYRAZ-LOGO.png","width":700,"height":215,"caption":"Poyraz Paslanmaz \u00c7elik Servis Merkezi"},"image":{"@id":"https:\/\/poyrazpaslanmaz.com\/TUR\/#logo"}},{"@type":"WebSite","@id":"https:\/\/poyrazpaslanmaz.com\/TUR\/#website","url":"https:\/\/poyrazpaslanmaz.com\/TUR\/","name":"Poyraz Paslanmaz \u00c7elik Servisi","description":"Paslanmaz Rulo, Sac, Boru, Profil, \u00c7ubuk, Lama, K\u00f6\u015febent","publisher":{"@id":"https:\/\/poyrazpaslanmaz.com\/TUR\/#organization"},"potentialAction":[{"@type":"SearchAction","target":{"@type":"EntryPoint","urlTemplate":"https:\/\/poyrazpaslanmaz.com\/TUR\/?s={search_term_string}"},"query-input":"required name=search_term_string"}],"inLanguage":"tr"},{"@type":"ImageObject","@id":"https:\/\/poyrazpaslanmaz.com\/TUR\/dayanikli-tuketim\/#primaryimage","inLanguage":"tr","url":"http:\/\/localhost\/TR\/wp-content\/uploads\/2021\/10\/40236c25c2535f7c8bca11fcab9c21d2-1590588725738.jpg","contentUrl":"http:\/\/localhost\/TR\/wp-content\/uploads\/2021\/10\/40236c25c2535f7c8bca11fcab9c21d2-1590588725738.jpg"},{"@type":"WebPage","@id":"https:\/\/poyrazpaslanmaz.com\/TUR\/dayanikli-tuketim\/#webpage","url":"https:\/\/poyrazpaslanmaz.com\/TUR\/dayanikli-tuketim\/","name":"Paslanmaz \u00c7elik Dayan\u0131kl\u0131 T\u00fcketim \u00dcr\u00fcnleri","isPartOf":{"@id":"https:\/\/poyrazpaslanmaz.com\/TUR\/#website"},"primaryImageOfPage":{"@id":"https:\/\/poyrazpaslanmaz.com\/TUR\/dayanikli-tuketim\/#primaryimage"},"datePublished":"2021-10-21T11:23:06+00:00","dateModified":"2021-10-21T11:37:44+00:00","breadcrumb":{"@id":"https:\/\/poyrazpaslanmaz.com\/TUR\/dayanikli-tuketim\/#breadcrumb"},"inLanguage":"tr","potentialAction":[{"@type":"ReadAction","target":["https:\/\/poyrazpaslanmaz.com\/TUR\/dayanikli-tuketim\/"]}]},{"@type":"BreadcrumbList","@id":"https:\/\/poyrazpaslanmaz.com\/TUR\/dayanikli-tuketim\/#breadcrumb","itemListElement":[{"@type":"ListItem","position":1,"name":"Anasayfa","item":"https:\/\/poyrazpaslanmaz.com\/TUR\/"},{"@type":"ListItem","position":2,"name":"Dayan\u0131kl\u0131 T\u00fcketim"}]},{"@type":"TechArticle","@id":"https:\/\/poyrazpaslanmaz.com\/TUR\/dayanikli-tuketim\/#article","isPartOf":{"@id":"https:\/\/poyrazpaslanmaz.com\/TUR\/dayanikli-tuketim\/#webpage"},"author":{"@id":"https:\/\/poyrazpaslanmaz.com\/TUR\/#\/schema\/person\/c779564c9945a08d3334cf8c7064c3a0"},"headline":"Dayan\u0131kl\u0131 T\u00fcketim","datePublished":"2021-10-21T11:23:06+00:00","dateModified":"2021-10-21T11:37:44+00:00","mainEntityOfPage":{"@id":"https:\/\/poyrazpaslanmaz.com\/TUR\/dayanikli-tuketim\/#webpage"},"wordCount":93,"publisher":{"@id":"https:\/\/poyrazpaslanmaz.com\/TUR\/#organization"},"image":{"@id":"https:\/\/poyrazpaslanmaz.com\/TUR\/dayanikli-tuketim\/#primaryimage"},"thumbnailUrl":"http:\/\/localhost\/TR\/wp-content\/uploads\/2021\/10\/40236c25c2535f7c8bca11fcab9c21d2-1590588725738.jpg","inLanguage":"tr"},{"@type":"Person","@id":"https:\/\/poyrazpaslanmaz.com\/TUR\/#\/schema\/person\/c779564c9945a08d3334cf8c7064c3a0","name":"poyraz","image":{"@type":"ImageObject","@id":"https:\/\/poyrazpaslanmaz.com\/TUR\/#personlogo","inLanguage":"tr","url":"https:\/\/secure.gravatar.com\/avatar\/0e253ed5519749879d717378123245bf?s=96&d=mm&r=g","contentUrl":"https:\/\/secure.gravatar.com\/avatar\/0e253ed5519749879d717378123245bf?s=96&d=mm&r=g","caption":"poyraz"},"sameAs":["http:\/\/poyrazpaslanmaz.com\/TUR"],"url":"https:\/\/poyrazpaslanmaz.com\/TUR\/author\/poyraz\/"}]}},"_links":{"self":[{"href":"https:\/\/poyrazpaslanmaz.com\/TUR\/wp-json\/wp\/v2\/pages\/10965","targetHints":{"allow":["GET"]}}],"collection":[{"href":"https:\/\/poyrazpaslanmaz.com\/TUR\/wp-json\/wp\/v2\/pages"}],"about":[{"href":"https:\/\/poyrazpaslanmaz.com\/TUR\/wp-json\/wp\/v2\/types\/page"}],"author":[{"embeddable":true,"href":"https:\/\/poyrazpaslanmaz.com\/TUR\/wp-json\/wp\/v2\/users\/1"}],"replies":[{"embeddable":true,"href":"https:\/\/poyrazpaslanmaz.com\/TUR\/wp-json\/wp\/v2\/comments?post=10965"}],"version-history":[{"count":0,"href":"https:\/\/poyrazpaslanmaz.com\/TUR\/wp-json\/wp\/v2\/pages\/10965\/revisions"}],"wp:attachment":[{"href":"https:\/\/poyrazpaslanmaz.com\/TUR\/wp-json\/wp\/v2\/media?parent=10965"}],"curies":[{"name":"wp","href":"https:\/\/api.w.org\/{rel}","templated":true}]}}