{"id":11000,"date":"2021-10-21T15:01:52","date_gmt":"2021-10-21T12:01:52","guid":{"rendered":"http:\/\/localhost\/TR\/?page_id=11000"},"modified":"2021-10-21T15:03:42","modified_gmt":"2021-10-21T12:03:42","slug":"gida-sanayii","status":"publish","type":"page","link":"https:\/\/poyrazpaslanmaz.com\/TUR\/gida-sanayii\/","title":{"rendered":"G\u0131da End\u00fcstrisi"},"content":{"rendered":"\t\t<div data-elementor-type=\"wp-page\" data-elementor-id=\"11000\" class=\"elementor elementor-11000\" data-elementor-settings=\"[]\">\n\t\t\t\t\t\t\t<div class=\"elementor-section-wrap\">\n\t\t\t\t\t\t\t<section class=\"elementor-section elementor-top-section elementor-element elementor-element-7e12cc1 elementor-section-boxed elementor-section-height-default elementor-section-height-default\" data-id=\"7e12cc1\" data-element_type=\"section\">\n\t\t\t\t\t\t<div class=\"elementor-container elementor-column-gap-default\">\n\t\t\t\t\t<div class=\"elementor-column elementor-col-100 elementor-top-column elementor-element elementor-element-9ae8851\" data-id=\"9ae8851\" data-element_type=\"column\">\n\t\t\t<div class=\"elementor-widget-wrap elementor-element-populated\">\n\t\t\t\t\t\t\t\t<div class=\"elementor-element elementor-element-b5d7ec0 elementor-widget elementor-widget-ld_fancy_image\" data-id=\"b5d7ec0\" data-element_type=\"widget\" data-widget_type=\"ld_fancy_image.default\">\n\t\t\t\t<div class=\"elementor-widget-container\">\n\t\t\t\n\t\t\t<div id=\"\" class=\"lqd-imggrp-single\"   >\n\t\t\t\t\n\t\t\t\t<div class=\"lqd-imggrp-img-container\"   >\n\t\t\t\t\t\n\t\t\t\t\t\t\t\n\t\t\t\t\t\t\t\t\t\t<figure><img loading=\"lazy\" decoding=\"async\" width=\"962\" height=\"722\" src=\"https:\/\/poyrazpaslanmaz.com\/TUR\/wp-content\/uploads\/2021\/10\/Untitled-design-2021-02-17T163654.385-1.jpg\" class=\"attachment-full size-full\" alt=\"\" \/><\/figure>\n\t\t\t\t\t\t\t\t\t\t\t\t\t\t\t\t\t\t\t\t\n\t\t\t\t<\/div>\n\t\t\t<\/div>\n\n\t\t\t\t<\/div>\n\t\t\t\t<\/div>\n\t\t\t\t\t<\/div>\n\t\t<\/div>\n\t\t\t\t\t\t\t<\/div>\n\t\t<\/section>\n\t\t\t\t<section class=\"elementor-section elementor-top-section elementor-element elementor-element-746a472 elementor-section-boxed elementor-section-height-default elementor-section-height-default\" data-id=\"746a472\" data-element_type=\"section\">\n\t\t\t\t\t\t<div class=\"elementor-container elementor-column-gap-default\">\n\t\t\t\t\t<div class=\"elementor-column elementor-col-100 elementor-top-column elementor-element elementor-element-c326145\" data-id=\"c326145\" data-element_type=\"column\">\n\t\t\t<div class=\"elementor-widget-wrap elementor-element-populated\">\n\t\t\t\t\t\t\t\t<div class=\"elementor-element elementor-element-cfe4b1c elementor-widget elementor-widget-hub_fancy_heading\" data-id=\"cfe4b1c\" data-element_type=\"widget\" data-widget_type=\"hub_fancy_heading.default\">\n\t\t\t\t<div class=\"elementor-widget-container\">\n\t\t\t\n\t\t<div id=\"ld-fancy-heading-69f4c786e3178\" class=\"ld-fancy-heading\">\n\t\t\t<div class=\"ld-fh-element lqd-highlight-underline lqd-highlight-grow-left div\"  > T\u00fcrkiye\u2019nin en b\u00fcy\u00fck paslanmaz \u00e7elik tedarik\u00e7i ve \u00fcreticilerinden biri olan Poyraz Paslanmaz; kaliteli paslanmaz \u00e7elik \u00fcr\u00fcnleri ve m\u00fc\u015fterinin ihtiya\u00e7lar\u0131 do\u011frultusunda \u00e7\u00f6z\u00fcm \u00fcretebilme refleksi ile Kimya sekt\u00f6r\u00fcnde yurt i\u00e7inde ve yurt d\u0131\u015f\u0131nda pek \u00e7ok global \u015firketin tercih sebebi olmaktad\u0131r.\n<\/div>\t\t<\/div>\n\n\t\t\t\t<\/div>\n\t\t\t\t<\/div>\n\t\t\t\t\t<\/div>\n\t\t<\/div>\n\t\t\t\t\t\t\t<\/div>\n\t\t<\/section>\n\t\t\t\t\t\t<\/div>\n\t\t\t\t\t<\/div>\n\t\t","protected":false},"excerpt":{"rendered":"<p>T\u00fcrkiye\u2019nin en b\u00fcy\u00fck paslanmaz \u00e7elik tedarik\u00e7i ve \u00fcreticilerinden biri olan Poyraz Paslanmaz; kaliteli paslanmaz \u00e7elik \u00fcr\u00fcnleri ve m\u00fc\u015fterinin ihtiya\u00e7lar\u0131 do\u011frultusunda \u00e7\u00f6z\u00fcm \u00fcretebilme refleksi ile Kimya sekt\u00f6r\u00fcnde yurt i\u00e7inde ve yurt d\u0131\u015f\u0131nda pek \u00e7ok global \u015firketin tercih sebebi olmaktad\u0131r.<\/p>\n","protected":false},"author":1,"featured_media":0,"parent":0,"menu_order":0,"comment_status":"closed","ping_status":"closed","template":"elementor_theme","meta":{"footnotes":""},"class_list":["post-11000","page","type-page","status-publish","hentry"],"yoast_head":"<!-- This site is optimized with the Yoast SEO Premium plugin v18.1 (Yoast SEO v18.2) - https:\/\/yoast.com\/wordpress\/plugins\/seo\/ -->\n<title>Paslanmaz \u00c7elik G\u0131da Sanayii \u00dcr\u00fcnleri<\/title>\n<meta name=\"robots\" content=\"index, follow, max-snippet:-1, max-image-preview:large, max-video-preview:-1\" \/>\n<link rel=\"canonical\" href=\"https:\/\/poyrazpaslanmaz.com\/TUR\/gida-sanayii\/\" \/>\n<meta property=\"og:locale\" content=\"tr_TR\" \/>\n<meta property=\"og:type\" content=\"article\" \/>\n<meta property=\"og:title\" content=\"G\u0131da End\u00fcstrisi\" \/>\n<meta property=\"og:description\" content=\"T\u00fcrkiye\u2019nin en b\u00fcy\u00fck paslanmaz \u00e7elik tedarik\u00e7i ve \u00fcreticilerinden biri olan Poyraz Paslanmaz; kaliteli paslanmaz \u00e7elik \u00fcr\u00fcnleri ve m\u00fc\u015fterinin ihtiya\u00e7lar\u0131 do\u011frultusunda \u00e7\u00f6z\u00fcm \u00fcretebilme refleksi ile Kimya sekt\u00f6r\u00fcnde yurt i\u00e7inde ve yurt d\u0131\u015f\u0131nda pek \u00e7ok global \u015firketin tercih sebebi olmaktad\u0131r.\" \/>\n<meta property=\"og:url\" content=\"https:\/\/poyrazpaslanmaz.com\/TUR\/gida-sanayii\/\" \/>\n<meta property=\"og:site_name\" content=\"Poyraz Paslanmaz \u00c7elik Servisi\" \/>\n<meta property=\"article:modified_time\" content=\"2021-10-21T12:03:42+00:00\" \/>\n<meta property=\"og:image\" content=\"http:\/\/localhost\/TR\/wp-content\/uploads\/2021\/10\/Untitled-design-2021-02-17T163654.385-1.jpg\" \/>\n<meta name=\"twitter:card\" content=\"summary_large_image\" \/>\n<script type=\"application\/ld+json\" class=\"yoast-schema-graph\">{\"@context\":\"https:\/\/schema.org\",\"@graph\":[{\"@type\":\"Organization\",\"@id\":\"https:\/\/poyrazpaslanmaz.com\/TUR\/#organization\",\"name\":\"Poyraz Paslanmaz \u00c7elik Servis Merkezi\",\"url\":\"https:\/\/poyrazpaslanmaz.com\/TUR\/\",\"sameAs\":[\"https:\/\/www.linkedin.com\/company\/poyraz-paslanmaz\/\",\"https:\/\/www.youtube.com\/channel\/UCikMTgktvEY2HsKznCs6wNQ\"],\"logo\":{\"@type\":\"ImageObject\",\"@id\":\"https:\/\/poyrazpaslanmaz.com\/TUR\/#logo\",\"inLanguage\":\"tr\",\"url\":\"https:\/\/poyrazpaslanmaz.com\/TUR\/wp-content\/uploads\/2019\/12\/POYRAZ-LOGO.png\",\"contentUrl\":\"https:\/\/poyrazpaslanmaz.com\/TUR\/wp-content\/uploads\/2019\/12\/POYRAZ-LOGO.png\",\"width\":700,\"height\":215,\"caption\":\"Poyraz Paslanmaz \u00c7elik Servis Merkezi\"},\"image\":{\"@id\":\"https:\/\/poyrazpaslanmaz.com\/TUR\/#logo\"}},{\"@type\":\"WebSite\",\"@id\":\"https:\/\/poyrazpaslanmaz.com\/TUR\/#website\",\"url\":\"https:\/\/poyrazpaslanmaz.com\/TUR\/\",\"name\":\"Poyraz Paslanmaz \u00c7elik Servisi\",\"description\":\"Paslanmaz Rulo, Sac, Boru, Profil, \u00c7ubuk, Lama, K\u00f6\u015febent\",\"publisher\":{\"@id\":\"https:\/\/poyrazpaslanmaz.com\/TUR\/#organization\"},\"potentialAction\":[{\"@type\":\"SearchAction\",\"target\":{\"@type\":\"EntryPoint\",\"urlTemplate\":\"https:\/\/poyrazpaslanmaz.com\/TUR\/?s={search_term_string}\"},\"query-input\":\"required name=search_term_string\"}],\"inLanguage\":\"tr\"},{\"@type\":\"ImageObject\",\"@id\":\"https:\/\/poyrazpaslanmaz.com\/TUR\/gida-sanayii\/#primaryimage\",\"inLanguage\":\"tr\",\"url\":\"http:\/\/localhost\/TR\/wp-content\/uploads\/2021\/10\/Untitled-design-2021-02-17T163654.385-1.jpg\",\"contentUrl\":\"http:\/\/localhost\/TR\/wp-content\/uploads\/2021\/10\/Untitled-design-2021-02-17T163654.385-1.jpg\"},{\"@type\":\"WebPage\",\"@id\":\"https:\/\/poyrazpaslanmaz.com\/TUR\/gida-sanayii\/#webpage\",\"url\":\"https:\/\/poyrazpaslanmaz.com\/TUR\/gida-sanayii\/\",\"name\":\"Paslanmaz \u00c7elik G\u0131da Sanayii \u00dcr\u00fcnleri\",\"isPartOf\":{\"@id\":\"https:\/\/poyrazpaslanmaz.com\/TUR\/#website\"},\"primaryImageOfPage\":{\"@id\":\"https:\/\/poyrazpaslanmaz.com\/TUR\/gida-sanayii\/#primaryimage\"},\"datePublished\":\"2021-10-21T12:01:52+00:00\",\"dateModified\":\"2021-10-21T12:03:42+00:00\",\"breadcrumb\":{\"@id\":\"https:\/\/poyrazpaslanmaz.com\/TUR\/gida-sanayii\/#breadcrumb\"},\"inLanguage\":\"tr\",\"potentialAction\":[{\"@type\":\"ReadAction\",\"target\":[\"https:\/\/poyrazpaslanmaz.com\/TUR\/gida-sanayii\/\"]}]},{\"@type\":\"BreadcrumbList\",\"@id\":\"https:\/\/poyrazpaslanmaz.com\/TUR\/gida-sanayii\/#breadcrumb\",\"itemListElement\":[{\"@type\":\"ListItem\",\"position\":1,\"name\":\"Anasayfa\",\"item\":\"https:\/\/poyrazpaslanmaz.com\/TUR\/\"},{\"@type\":\"ListItem\",\"position\":2,\"name\":\"G\u0131da End\u00fcstrisi\"}]},{\"@type\":\"TechArticle\",\"@id\":\"https:\/\/poyrazpaslanmaz.com\/TUR\/gida-sanayii\/#article\",\"isPartOf\":{\"@id\":\"https:\/\/poyrazpaslanmaz.com\/TUR\/gida-sanayii\/#webpage\"},\"author\":{\"@id\":\"https:\/\/poyrazpaslanmaz.com\/TUR\/#\/schema\/person\/c779564c9945a08d3334cf8c7064c3a0\"},\"headline\":\"G\u0131da End\u00fcstrisi\",\"datePublished\":\"2021-10-21T12:01:52+00:00\",\"dateModified\":\"2021-10-21T12:03:42+00:00\",\"mainEntityOfPage\":{\"@id\":\"https:\/\/poyrazpaslanmaz.com\/TUR\/gida-sanayii\/#webpage\"},\"wordCount\":57,\"publisher\":{\"@id\":\"https:\/\/poyrazpaslanmaz.com\/TUR\/#organization\"},\"image\":{\"@id\":\"https:\/\/poyrazpaslanmaz.com\/TUR\/gida-sanayii\/#primaryimage\"},\"thumbnailUrl\":\"http:\/\/localhost\/TR\/wp-content\/uploads\/2021\/10\/Untitled-design-2021-02-17T163654.385-1.jpg\",\"inLanguage\":\"tr\"},{\"@type\":\"Person\",\"@id\":\"https:\/\/poyrazpaslanmaz.com\/TUR\/#\/schema\/person\/c779564c9945a08d3334cf8c7064c3a0\",\"name\":\"poyraz\",\"image\":{\"@type\":\"ImageObject\",\"@id\":\"https:\/\/poyrazpaslanmaz.com\/TUR\/#personlogo\",\"inLanguage\":\"tr\",\"url\":\"https:\/\/secure.gravatar.com\/avatar\/0e253ed5519749879d717378123245bf?s=96&d=mm&r=g\",\"contentUrl\":\"https:\/\/secure.gravatar.com\/avatar\/0e253ed5519749879d717378123245bf?s=96&d=mm&r=g\",\"caption\":\"poyraz\"},\"sameAs\":[\"http:\/\/poyrazpaslanmaz.com\/TUR\"],\"url\":\"https:\/\/poyrazpaslanmaz.com\/TUR\/author\/poyraz\/\"}]}<\/script>\n<!-- \/ Yoast SEO Premium plugin. -->","yoast_head_json":{"title":"Paslanmaz \u00c7elik G\u0131da Sanayii \u00dcr\u00fcnleri","robots":{"index":"index","follow":"follow","max-snippet":"max-snippet:-1","max-image-preview":"max-image-preview:large","max-video-preview":"max-video-preview:-1"},"canonical":"https:\/\/poyrazpaslanmaz.com\/TUR\/gida-sanayii\/","og_locale":"tr_TR","og_type":"article","og_title":"G\u0131da End\u00fcstrisi","og_description":"T\u00fcrkiye\u2019nin en b\u00fcy\u00fck paslanmaz \u00e7elik tedarik\u00e7i ve \u00fcreticilerinden biri olan Poyraz Paslanmaz; kaliteli paslanmaz \u00e7elik \u00fcr\u00fcnleri ve m\u00fc\u015fterinin ihtiya\u00e7lar\u0131 do\u011frultusunda \u00e7\u00f6z\u00fcm \u00fcretebilme refleksi ile Kimya sekt\u00f6r\u00fcnde yurt i\u00e7inde ve yurt d\u0131\u015f\u0131nda pek \u00e7ok global \u015firketin tercih sebebi olmaktad\u0131r.","og_url":"https:\/\/poyrazpaslanmaz.com\/TUR\/gida-sanayii\/","og_site_name":"Poyraz Paslanmaz \u00c7elik Servisi","article_modified_time":"2021-10-21T12:03:42+00:00","og_image":[{"url":"http:\/\/localhost\/TR\/wp-content\/uploads\/2021\/10\/Untitled-design-2021-02-17T163654.385-1.jpg"}],"twitter_card":"summary_large_image","schema":{"@context":"https:\/\/schema.org","@graph":[{"@type":"Organization","@id":"https:\/\/poyrazpaslanmaz.com\/TUR\/#organization","name":"Poyraz Paslanmaz \u00c7elik Servis Merkezi","url":"https:\/\/poyrazpaslanmaz.com\/TUR\/","sameAs":["https:\/\/www.linkedin.com\/company\/poyraz-paslanmaz\/","https:\/\/www.youtube.com\/channel\/UCikMTgktvEY2HsKznCs6wNQ"],"logo":{"@type":"ImageObject","@id":"https:\/\/poyrazpaslanmaz.com\/TUR\/#logo","inLanguage":"tr","url":"https:\/\/poyrazpaslanmaz.com\/TUR\/wp-content\/uploads\/2019\/12\/POYRAZ-LOGO.png","contentUrl":"https:\/\/poyrazpaslanmaz.com\/TUR\/wp-content\/uploads\/2019\/12\/POYRAZ-LOGO.png","width":700,"height":215,"caption":"Poyraz Paslanmaz \u00c7elik Servis Merkezi"},"image":{"@id":"https:\/\/poyrazpaslanmaz.com\/TUR\/#logo"}},{"@type":"WebSite","@id":"https:\/\/poyrazpaslanmaz.com\/TUR\/#website","url":"https:\/\/poyrazpaslanmaz.com\/TUR\/","name":"Poyraz Paslanmaz \u00c7elik Servisi","description":"Paslanmaz Rulo, Sac, Boru, Profil, \u00c7ubuk, Lama, K\u00f6\u015febent","publisher":{"@id":"https:\/\/poyrazpaslanmaz.com\/TUR\/#organization"},"potentialAction":[{"@type":"SearchAction","target":{"@type":"EntryPoint","urlTemplate":"https:\/\/poyrazpaslanmaz.com\/TUR\/?s={search_term_string}"},"query-input":"required name=search_term_string"}],"inLanguage":"tr"},{"@type":"ImageObject","@id":"https:\/\/poyrazpaslanmaz.com\/TUR\/gida-sanayii\/#primaryimage","inLanguage":"tr","url":"http:\/\/localhost\/TR\/wp-content\/uploads\/2021\/10\/Untitled-design-2021-02-17T163654.385-1.jpg","contentUrl":"http:\/\/localhost\/TR\/wp-content\/uploads\/2021\/10\/Untitled-design-2021-02-17T163654.385-1.jpg"},{"@type":"WebPage","@id":"https:\/\/poyrazpaslanmaz.com\/TUR\/gida-sanayii\/#webpage","url":"https:\/\/poyrazpaslanmaz.com\/TUR\/gida-sanayii\/","name":"Paslanmaz \u00c7elik G\u0131da Sanayii \u00dcr\u00fcnleri","isPartOf":{"@id":"https:\/\/poyrazpaslanmaz.com\/TUR\/#website"},"primaryImageOfPage":{"@id":"https:\/\/poyrazpaslanmaz.com\/TUR\/gida-sanayii\/#primaryimage"},"datePublished":"2021-10-21T12:01:52+00:00","dateModified":"2021-10-21T12:03:42+00:00","breadcrumb":{"@id":"https:\/\/poyrazpaslanmaz.com\/TUR\/gida-sanayii\/#breadcrumb"},"inLanguage":"tr","potentialAction":[{"@type":"ReadAction","target":["https:\/\/poyrazpaslanmaz.com\/TUR\/gida-sanayii\/"]}]},{"@type":"BreadcrumbList","@id":"https:\/\/poyrazpaslanmaz.com\/TUR\/gida-sanayii\/#breadcrumb","itemListElement":[{"@type":"ListItem","position":1,"name":"Anasayfa","item":"https:\/\/poyrazpaslanmaz.com\/TUR\/"},{"@type":"ListItem","position":2,"name":"G\u0131da End\u00fcstrisi"}]},{"@type":"TechArticle","@id":"https:\/\/poyrazpaslanmaz.com\/TUR\/gida-sanayii\/#article","isPartOf":{"@id":"https:\/\/poyrazpaslanmaz.com\/TUR\/gida-sanayii\/#webpage"},"author":{"@id":"https:\/\/poyrazpaslanmaz.com\/TUR\/#\/schema\/person\/c779564c9945a08d3334cf8c7064c3a0"},"headline":"G\u0131da End\u00fcstrisi","datePublished":"2021-10-21T12:01:52+00:00","dateModified":"2021-10-21T12:03:42+00:00","mainEntityOfPage":{"@id":"https:\/\/poyrazpaslanmaz.com\/TUR\/gida-sanayii\/#webpage"},"wordCount":57,"publisher":{"@id":"https:\/\/poyrazpaslanmaz.com\/TUR\/#organization"},"image":{"@id":"https:\/\/poyrazpaslanmaz.com\/TUR\/gida-sanayii\/#primaryimage"},"thumbnailUrl":"http:\/\/localhost\/TR\/wp-content\/uploads\/2021\/10\/Untitled-design-2021-02-17T163654.385-1.jpg","inLanguage":"tr"},{"@type":"Person","@id":"https:\/\/poyrazpaslanmaz.com\/TUR\/#\/schema\/person\/c779564c9945a08d3334cf8c7064c3a0","name":"poyraz","image":{"@type":"ImageObject","@id":"https:\/\/poyrazpaslanmaz.com\/TUR\/#personlogo","inLanguage":"tr","url":"https:\/\/secure.gravatar.com\/avatar\/0e253ed5519749879d717378123245bf?s=96&d=mm&r=g","contentUrl":"https:\/\/secure.gravatar.com\/avatar\/0e253ed5519749879d717378123245bf?s=96&d=mm&r=g","caption":"poyraz"},"sameAs":["http:\/\/poyrazpaslanmaz.com\/TUR"],"url":"https:\/\/poyrazpaslanmaz.com\/TUR\/author\/poyraz\/"}]}},"_links":{"self":[{"href":"https:\/\/poyrazpaslanmaz.com\/TUR\/wp-json\/wp\/v2\/pages\/11000","targetHints":{"allow":["GET"]}}],"collection":[{"href":"https:\/\/poyrazpaslanmaz.com\/TUR\/wp-json\/wp\/v2\/pages"}],"about":[{"href":"https:\/\/poyrazpaslanmaz.com\/TUR\/wp-json\/wp\/v2\/types\/page"}],"author":[{"embeddable":true,"href":"https:\/\/poyrazpaslanmaz.com\/TUR\/wp-json\/wp\/v2\/users\/1"}],"replies":[{"embeddable":true,"href":"https:\/\/poyrazpaslanmaz.com\/TUR\/wp-json\/wp\/v2\/comments?post=11000"}],"version-history":[{"count":0,"href":"https:\/\/poyrazpaslanmaz.com\/TUR\/wp-json\/wp\/v2\/pages\/11000\/revisions"}],"wp:attachment":[{"href":"https:\/\/poyrazpaslanmaz.com\/TUR\/wp-json\/wp\/v2\/media?parent=11000"}],"curies":[{"name":"wp","href":"https:\/\/api.w.org\/{rel}","templated":true}]}}