{"id":11182,"date":"2021-11-01T14:33:57","date_gmt":"2021-11-01T11:33:57","guid":{"rendered":"https:\/\/poyrazpaslanmaz.com\/TUR\/?page_id=11182"},"modified":"2021-12-29T11:53:05","modified_gmt":"2021-12-29T08:53:05","slug":"teklif-formu","status":"publish","type":"page","link":"https:\/\/poyrazpaslanmaz.com\/TUR\/teklif-formu\/","title":{"rendered":"Teklif Formu"},"content":{"rendered":"\t\t<div data-elementor-type=\"wp-page\" data-elementor-id=\"11182\" class=\"elementor elementor-11182\" data-elementor-settings=\"[]\">\n\t\t\t\t\t\t\t<div class=\"elementor-section-wrap\">\n\t\t\t\t\t\t\t<section class=\"elementor-section elementor-top-section elementor-element elementor-element-84ce077 elementor-section-boxed elementor-section-height-default elementor-section-height-default\" data-id=\"84ce077\" data-element_type=\"section\">\n\t\t\t\t\t\t<div class=\"elementor-container elementor-column-gap-default\">\n\t\t\t\t\t<div class=\"elementor-column elementor-col-100 elementor-top-column elementor-element elementor-element-73e5464\" data-id=\"73e5464\" data-element_type=\"column\">\n\t\t\t<div class=\"elementor-widget-wrap elementor-element-populated\">\n\t\t\t\t\t\t\t\t<div class=\"elementor-element elementor-element-cb64276 elementor-widget elementor-widget-heading\" data-id=\"cb64276\" data-element_type=\"widget\" data-widget_type=\"heading.default\">\n\t\t\t\t<div class=\"elementor-widget-container\">\n\t\t\t<style>\/*! elementor - v3.4.8 - 01-12-2021 *\/\n.elementor-heading-title{padding:0;margin:0;line-height:1}.elementor-widget-heading .elementor-heading-title[class*=elementor-size-]>a{color:inherit;font-size:inherit;line-height:inherit}.elementor-widget-heading .elementor-heading-title.elementor-size-small{font-size:15px}.elementor-widget-heading .elementor-heading-title.elementor-size-medium{font-size:19px}.elementor-widget-heading .elementor-heading-title.elementor-size-large{font-size:29px}.elementor-widget-heading .elementor-heading-title.elementor-size-xl{font-size:39px}.elementor-widget-heading .elementor-heading-title.elementor-size-xxl{font-size:59px}<\/style><h2 class=\"elementor-heading-title elementor-size-default\"><div class=\"forminator-ui forminator-custom-form forminator-custom-form-12516 forminator-design--default  forminator_ajax\" data-forminator-render=\"0\" data-form=\"forminator-module-12516\" data-uid=\"69f9ce1288cd9\"><br\/><\/div><form\n\t\t\t\tid=\"forminator-module-12516\"\n\t\t\t\tclass=\"forminator-ui forminator-custom-form forminator-custom-form-12516 forminator-design--default  forminator_ajax\"\n\t\t\t\tmethod=\"post\"\n\t\t\t\tdata-forminator-render=\"0\"\n\t\t\t\tdata-form-id=\"12516\"\n\t\t\t\t\n\t\t\t\tdata-design=\"default\"\n\t\t\t\t\n\t\t\t\t\n\t\t\t\t\n\t\t\t\tdata-grid=\"open\"\n\t\t\t\t\n\t\t\t\t\n\t\t\t\tstyle=\"display: none;\"\n\t\t\t\t\n\t\t\t\tdata-uid=\"69f9ce1288cd9\"\n\t\t\t><div class=\"forminator-response-message forminator-error\" aria-hidden=\"true\"><\/div><div class=\"forminator-row\"><div id=\"text-1\" class=\"forminator-col forminator-col-12 \"><div class=\"forminator-field\"><label for=\"forminator-field-text-1_69f9ce1288cd9\" class=\"forminator-label\">Ad Soyad <span class=\"forminator-required\">*<\/span><\/label><input type=\"text\" name=\"text-1\" value=\"\" placeholder=\"Ad-Soyad\" id=\"forminator-field-text-1_69f9ce1288cd9\" class=\"forminator-input forminator-name--field\" data-required=\"1\" \/><span class=\"forminator-description\">L\u00fctfen uzmanlar\u0131m\u0131z\u0131n size hitap edebilmesi ad\u0131na, isminizi ve soyisminizi belirtiniz.<\/span><\/div><\/div><\/div><div class=\"forminator-row\"><div id=\"email-1\" class=\"forminator-col forminator-col-12 \"><div class=\"forminator-field\"><label for=\"forminator-field-email-1_69f9ce1288cd9\" class=\"forminator-label\">E-Posta <span class=\"forminator-required\">*<\/span><\/label><input type=\"email\" name=\"email-1\" value=\"\" placeholder=\"E-Posta Adresiniz\" id=\"forminator-field-email-1_69f9ce1288cd9\" class=\"forminator-input forminator-email--field\" data-required=\"1\" aria-required=\"true\" \/><span class=\"forminator-description\" aria-describedby=\"forminator-field-email-1_69f9ce1288cd9\">Teklif iletilebilmesi ad\u0131na, e-posta adresinizi giriniz.<\/span><\/div><\/div><\/div><div class=\"forminator-row\"><div id=\"select-1\" class=\"forminator-col forminator-col-12 \"><div class=\"forminator-field\"><div class=\"forminator-multiselect\"><label for=\"forminator-form-12516__field--select-1_69f9ce1288cd9-1\" class=\"forminator-option\"><input type=\"checkbox\" name=\"select-1[]\" value=\"Paslanmaz \u00c7elik Rulo\" id=\"forminator-form-12516__field--select-1_69f9ce1288cd9-1\" data-calculation=\"0\"  \/>Paslanmaz \u00c7elik Rulo<\/label><label for=\"forminator-form-12516__field--select-1_69f9ce1288cd9-2\" class=\"forminator-option\"><input type=\"checkbox\" name=\"select-1[]\" value=\"Paslanmaz \u00c7elik Sac\" id=\"forminator-form-12516__field--select-1_69f9ce1288cd9-2\" data-calculation=\"0\"  \/>Paslanmaz \u00c7elik Sac<\/label><label for=\"forminator-form-12516__field--select-1_69f9ce1288cd9-3\" class=\"forminator-option\"><input type=\"checkbox\" name=\"select-1[]\" value=\"Paslanmaz \u00c7elik Uzun \u00dcr\u00fcnler\" id=\"forminator-form-12516__field--select-1_69f9ce1288cd9-3\" data-calculation=\"0\"  \/>Paslanmaz \u00c7elik Uzun \u00dcr\u00fcnler<\/label><input type='hidden' name='select-1-multiselect-default-values' class='multiselect-default-values' value='' \/><\/div><\/div><\/div><\/div><div class=\"forminator-row\"><div id=\"phone-1\" class=\"forminator-col forminator-col-12 \"><div class=\"forminator-field\"><input type=\"text\" name=\"phone-1\" value=\"\" placeholder=\"Telefon Numaras\u0131\" id=\"forminator-field-phone-1_69f9ce1288cd9\" class=\"forminator-input forminator-field--phone\" data-required=\"1\" aria-required=\"true\" autocomplete=\"off\" \/><\/div><\/div><\/div><div class=\"forminator-row\"><div id=\"textarea-1\" class=\"forminator-col forminator-col-12 \"><div class=\"forminator-field\"><label for=\"forminator-field-textarea-1_69f9ce1288cd9\" class=\"forminator-label\">Talebinize Y\u00f6nelik Detaylar <span class=\"forminator-required\">*<\/span><\/label><textarea name=\"textarea-1\" placeholder=\"Detay belirtiniz. Y\u00fczey, tolerans gibi detaylar\u0131 a\u00e7\u0131k\u00e7a belirtti\u011finizden emin olunuz.\" id=\"forminator-field-textarea-1_69f9ce1288cd9\" class=\"forminator-textarea\" rows=\"6\" style=\"min-height:100px;\" ><\/textarea><span class=\"forminator-description\">2B, SB, 4N, No1 gibi y\u00fczey \u00f6zelliklerini belirtmeyi unutmay\u0131n\u0131z.<\/span><\/div><\/div><\/div><input type=\"hidden\" name=\"referer_url\" value=\"\" \/><div class=\"forminator-row forminator-row-last\"><div class=\"forminator-col\"><div class=\"forminator-field\"><button class=\"forminator-button forminator-button-submit\">Talep G&ouml;nder<\/button><\/div><\/div><\/div><input type=\"hidden\" id=\"forminator_nonce\" name=\"forminator_nonce\" value=\"c53f542eaf\" \/><input type=\"hidden\" name=\"_wp_http_referer\" value=\"\/TUR\/wp-json\/wp\/v2\/pages\/11182\" \/><input type=\"hidden\" name=\"form_id\" value=\"12516\"><input type=\"hidden\" name=\"page_id\" value=\"11182\"><input type=\"hidden\" name=\"form_type\" value=\"default\"><input type=\"hidden\" name=\"current_url\" value=\"https:\/\/poyrazpaslanmaz.com\/TUR\/teklif-formu\/\"><input type=\"hidden\" name=\"render_id\" value=\"0\"><input type=\"hidden\" name=\"action\" value=\"forminator_submit_form_custom-forms\"><\/form><\/h2>\t\t<\/div>\n\t\t\t\t<\/div>\n\t\t\t\t\t<\/div>\n\t\t<\/div>\n\t\t\t\t\t\t\t<\/div>\n\t\t<\/section>\n\t\t\t\t\t\t<\/div>\n\t\t\t\t\t<\/div>\n\t\t","protected":false},"excerpt":{"rendered":"","protected":false},"author":1,"featured_media":0,"parent":0,"menu_order":0,"comment_status":"closed","ping_status":"closed","template":"","meta":{"footnotes":""},"class_list":["post-11182","page","type-page","status-publish","hentry"],"yoast_head":"<!-- This site is optimized with the Yoast SEO Premium plugin v18.1 (Yoast SEO v18.2) - https:\/\/yoast.com\/wordpress\/plugins\/seo\/ -->\n<title>Paslanmaz \u00c7elik Fiyatlar\u0131, Paslanmaz \u00c7elik Teklif Al<\/title>\n<meta name=\"robots\" content=\"index, follow, max-snippet:-1, max-image-preview:large, max-video-preview:-1\" \/>\n<link rel=\"canonical\" href=\"https:\/\/poyrazpaslanmaz.com\/TUR\/teklif-formu\/\" \/>\n<meta property=\"og:locale\" content=\"tr_TR\" \/>\n<meta property=\"og:type\" content=\"article\" \/>\n<meta property=\"og:title\" content=\"Teklif Formu\" \/>\n<meta property=\"og:url\" content=\"https:\/\/poyrazpaslanmaz.com\/TUR\/teklif-formu\/\" \/>\n<meta property=\"og:site_name\" content=\"Poyraz Paslanmaz \u00c7elik Servisi\" \/>\n<meta property=\"article:modified_time\" content=\"2021-12-29T08:53:05+00:00\" \/>\n<meta name=\"twitter:card\" content=\"summary_large_image\" \/>\n<meta name=\"twitter:label1\" content=\"Tahmini okuma s\u00fcresi\" \/>\n\t<meta name=\"twitter:data1\" content=\"1 dakika\" \/>\n<script type=\"application\/ld+json\" class=\"yoast-schema-graph\">{\"@context\":\"https:\/\/schema.org\",\"@graph\":[{\"@type\":\"Organization\",\"@id\":\"https:\/\/poyrazpaslanmaz.com\/TUR\/#organization\",\"name\":\"Poyraz Paslanmaz \u00c7elik Servis Merkezi\",\"url\":\"https:\/\/poyrazpaslanmaz.com\/TUR\/\",\"sameAs\":[\"https:\/\/www.linkedin.com\/company\/poyraz-paslanmaz\/\",\"https:\/\/www.youtube.com\/channel\/UCikMTgktvEY2HsKznCs6wNQ\"],\"logo\":{\"@type\":\"ImageObject\",\"@id\":\"https:\/\/poyrazpaslanmaz.com\/TUR\/#logo\",\"inLanguage\":\"tr\",\"url\":\"https:\/\/poyrazpaslanmaz.com\/TUR\/wp-content\/uploads\/2019\/12\/POYRAZ-LOGO.png\",\"contentUrl\":\"https:\/\/poyrazpaslanmaz.com\/TUR\/wp-content\/uploads\/2019\/12\/POYRAZ-LOGO.png\",\"width\":700,\"height\":215,\"caption\":\"Poyraz Paslanmaz \u00c7elik Servis Merkezi\"},\"image\":{\"@id\":\"https:\/\/poyrazpaslanmaz.com\/TUR\/#logo\"}},{\"@type\":\"WebSite\",\"@id\":\"https:\/\/poyrazpaslanmaz.com\/TUR\/#website\",\"url\":\"https:\/\/poyrazpaslanmaz.com\/TUR\/\",\"name\":\"Poyraz Paslanmaz \u00c7elik Servisi\",\"description\":\"Paslanmaz Rulo, Sac, Boru, Profil, \u00c7ubuk, Lama, K\u00f6\u015febent\",\"publisher\":{\"@id\":\"https:\/\/poyrazpaslanmaz.com\/TUR\/#organization\"},\"potentialAction\":[{\"@type\":\"SearchAction\",\"target\":{\"@type\":\"EntryPoint\",\"urlTemplate\":\"https:\/\/poyrazpaslanmaz.com\/TUR\/?s={search_term_string}\"},\"query-input\":\"required name=search_term_string\"}],\"inLanguage\":\"tr\"},{\"@type\":\"WebPage\",\"@id\":\"https:\/\/poyrazpaslanmaz.com\/TUR\/teklif-formu\/#webpage\",\"url\":\"https:\/\/poyrazpaslanmaz.com\/TUR\/teklif-formu\/\",\"name\":\"Paslanmaz \u00c7elik Fiyatlar\u0131, Paslanmaz \u00c7elik Teklif Al\",\"isPartOf\":{\"@id\":\"https:\/\/poyrazpaslanmaz.com\/TUR\/#website\"},\"datePublished\":\"2021-11-01T11:33:57+00:00\",\"dateModified\":\"2021-12-29T08:53:05+00:00\",\"breadcrumb\":{\"@id\":\"https:\/\/poyrazpaslanmaz.com\/TUR\/teklif-formu\/#breadcrumb\"},\"inLanguage\":\"tr\",\"potentialAction\":[{\"@type\":\"ReadAction\",\"target\":[\"https:\/\/poyrazpaslanmaz.com\/TUR\/teklif-formu\/\"]}]},{\"@type\":\"BreadcrumbList\",\"@id\":\"https:\/\/poyrazpaslanmaz.com\/TUR\/teklif-formu\/#breadcrumb\",\"itemListElement\":[{\"@type\":\"ListItem\",\"position\":1,\"name\":\"Anasayfa\",\"item\":\"https:\/\/poyrazpaslanmaz.com\/TUR\/\"},{\"@type\":\"ListItem\",\"position\":2,\"name\":\"Teklif Formu\"}]},{\"@type\":\"TechArticle\",\"@id\":\"https:\/\/poyrazpaslanmaz.com\/TUR\/teklif-formu\/#article\",\"isPartOf\":{\"@id\":\"https:\/\/poyrazpaslanmaz.com\/TUR\/teklif-formu\/#webpage\"},\"author\":{\"@id\":\"https:\/\/poyrazpaslanmaz.com\/TUR\/#\/schema\/person\/c779564c9945a08d3334cf8c7064c3a0\"},\"headline\":\"Teklif Formu\",\"datePublished\":\"2021-11-01T11:33:57+00:00\",\"dateModified\":\"2021-12-29T08:53:05+00:00\",\"mainEntityOfPage\":{\"@id\":\"https:\/\/poyrazpaslanmaz.com\/TUR\/teklif-formu\/#webpage\"},\"wordCount\":5,\"publisher\":{\"@id\":\"https:\/\/poyrazpaslanmaz.com\/TUR\/#organization\"},\"inLanguage\":\"tr\"},{\"@type\":\"Person\",\"@id\":\"https:\/\/poyrazpaslanmaz.com\/TUR\/#\/schema\/person\/c779564c9945a08d3334cf8c7064c3a0\",\"name\":\"poyraz\",\"image\":{\"@type\":\"ImageObject\",\"@id\":\"https:\/\/poyrazpaslanmaz.com\/TUR\/#personlogo\",\"inLanguage\":\"tr\",\"url\":\"https:\/\/secure.gravatar.com\/avatar\/0e253ed5519749879d717378123245bf?s=96&d=mm&r=g\",\"contentUrl\":\"https:\/\/secure.gravatar.com\/avatar\/0e253ed5519749879d717378123245bf?s=96&d=mm&r=g\",\"caption\":\"poyraz\"},\"sameAs\":[\"http:\/\/poyrazpaslanmaz.com\/TUR\"],\"url\":\"https:\/\/poyrazpaslanmaz.com\/TUR\/author\/poyraz\/\"}]}<\/script>\n<!-- \/ Yoast SEO Premium plugin. -->","yoast_head_json":{"title":"Paslanmaz \u00c7elik Fiyatlar\u0131, Paslanmaz \u00c7elik Teklif Al","robots":{"index":"index","follow":"follow","max-snippet":"max-snippet:-1","max-image-preview":"max-image-preview:large","max-video-preview":"max-video-preview:-1"},"canonical":"https:\/\/poyrazpaslanmaz.com\/TUR\/teklif-formu\/","og_locale":"tr_TR","og_type":"article","og_title":"Teklif Formu","og_url":"https:\/\/poyrazpaslanmaz.com\/TUR\/teklif-formu\/","og_site_name":"Poyraz Paslanmaz \u00c7elik Servisi","article_modified_time":"2021-12-29T08:53:05+00:00","twitter_card":"summary_large_image","twitter_misc":{"Tahmini okuma s\u00fcresi":"1 dakika"},"schema":{"@context":"https:\/\/schema.org","@graph":[{"@type":"Organization","@id":"https:\/\/poyrazpaslanmaz.com\/TUR\/#organization","name":"Poyraz Paslanmaz \u00c7elik Servis Merkezi","url":"https:\/\/poyrazpaslanmaz.com\/TUR\/","sameAs":["https:\/\/www.linkedin.com\/company\/poyraz-paslanmaz\/","https:\/\/www.youtube.com\/channel\/UCikMTgktvEY2HsKznCs6wNQ"],"logo":{"@type":"ImageObject","@id":"https:\/\/poyrazpaslanmaz.com\/TUR\/#logo","inLanguage":"tr","url":"https:\/\/poyrazpaslanmaz.com\/TUR\/wp-content\/uploads\/2019\/12\/POYRAZ-LOGO.png","contentUrl":"https:\/\/poyrazpaslanmaz.com\/TUR\/wp-content\/uploads\/2019\/12\/POYRAZ-LOGO.png","width":700,"height":215,"caption":"Poyraz Paslanmaz \u00c7elik Servis Merkezi"},"image":{"@id":"https:\/\/poyrazpaslanmaz.com\/TUR\/#logo"}},{"@type":"WebSite","@id":"https:\/\/poyrazpaslanmaz.com\/TUR\/#website","url":"https:\/\/poyrazpaslanmaz.com\/TUR\/","name":"Poyraz Paslanmaz \u00c7elik Servisi","description":"Paslanmaz Rulo, Sac, Boru, Profil, \u00c7ubuk, Lama, K\u00f6\u015febent","publisher":{"@id":"https:\/\/poyrazpaslanmaz.com\/TUR\/#organization"},"potentialAction":[{"@type":"SearchAction","target":{"@type":"EntryPoint","urlTemplate":"https:\/\/poyrazpaslanmaz.com\/TUR\/?s={search_term_string}"},"query-input":"required name=search_term_string"}],"inLanguage":"tr"},{"@type":"WebPage","@id":"https:\/\/poyrazpaslanmaz.com\/TUR\/teklif-formu\/#webpage","url":"https:\/\/poyrazpaslanmaz.com\/TUR\/teklif-formu\/","name":"Paslanmaz \u00c7elik Fiyatlar\u0131, Paslanmaz \u00c7elik Teklif Al","isPartOf":{"@id":"https:\/\/poyrazpaslanmaz.com\/TUR\/#website"},"datePublished":"2021-11-01T11:33:57+00:00","dateModified":"2021-12-29T08:53:05+00:00","breadcrumb":{"@id":"https:\/\/poyrazpaslanmaz.com\/TUR\/teklif-formu\/#breadcrumb"},"inLanguage":"tr","potentialAction":[{"@type":"ReadAction","target":["https:\/\/poyrazpaslanmaz.com\/TUR\/teklif-formu\/"]}]},{"@type":"BreadcrumbList","@id":"https:\/\/poyrazpaslanmaz.com\/TUR\/teklif-formu\/#breadcrumb","itemListElement":[{"@type":"ListItem","position":1,"name":"Anasayfa","item":"https:\/\/poyrazpaslanmaz.com\/TUR\/"},{"@type":"ListItem","position":2,"name":"Teklif Formu"}]},{"@type":"TechArticle","@id":"https:\/\/poyrazpaslanmaz.com\/TUR\/teklif-formu\/#article","isPartOf":{"@id":"https:\/\/poyrazpaslanmaz.com\/TUR\/teklif-formu\/#webpage"},"author":{"@id":"https:\/\/poyrazpaslanmaz.com\/TUR\/#\/schema\/person\/c779564c9945a08d3334cf8c7064c3a0"},"headline":"Teklif Formu","datePublished":"2021-11-01T11:33:57+00:00","dateModified":"2021-12-29T08:53:05+00:00","mainEntityOfPage":{"@id":"https:\/\/poyrazpaslanmaz.com\/TUR\/teklif-formu\/#webpage"},"wordCount":5,"publisher":{"@id":"https:\/\/poyrazpaslanmaz.com\/TUR\/#organization"},"inLanguage":"tr"},{"@type":"Person","@id":"https:\/\/poyrazpaslanmaz.com\/TUR\/#\/schema\/person\/c779564c9945a08d3334cf8c7064c3a0","name":"poyraz","image":{"@type":"ImageObject","@id":"https:\/\/poyrazpaslanmaz.com\/TUR\/#personlogo","inLanguage":"tr","url":"https:\/\/secure.gravatar.com\/avatar\/0e253ed5519749879d717378123245bf?s=96&d=mm&r=g","contentUrl":"https:\/\/secure.gravatar.com\/avatar\/0e253ed5519749879d717378123245bf?s=96&d=mm&r=g","caption":"poyraz"},"sameAs":["http:\/\/poyrazpaslanmaz.com\/TUR"],"url":"https:\/\/poyrazpaslanmaz.com\/TUR\/author\/poyraz\/"}]}},"_links":{"self":[{"href":"https:\/\/poyrazpaslanmaz.com\/TUR\/wp-json\/wp\/v2\/pages\/11182","targetHints":{"allow":["GET"]}}],"collection":[{"href":"https:\/\/poyrazpaslanmaz.com\/TUR\/wp-json\/wp\/v2\/pages"}],"about":[{"href":"https:\/\/poyrazpaslanmaz.com\/TUR\/wp-json\/wp\/v2\/types\/page"}],"author":[{"embeddable":true,"href":"https:\/\/poyrazpaslanmaz.com\/TUR\/wp-json\/wp\/v2\/users\/1"}],"replies":[{"embeddable":true,"href":"https:\/\/poyrazpaslanmaz.com\/TUR\/wp-json\/wp\/v2\/comments?post=11182"}],"version-history":[{"count":0,"href":"https:\/\/poyrazpaslanmaz.com\/TUR\/wp-json\/wp\/v2\/pages\/11182\/revisions"}],"wp:attachment":[{"href":"https:\/\/poyrazpaslanmaz.com\/TUR\/wp-json\/wp\/v2\/media?parent=11182"}],"curies":[{"name":"wp","href":"https:\/\/api.w.org\/{rel}","templated":true}]}}