{"id":11623,"date":"2021-11-30T10:56:12","date_gmt":"2021-11-30T07:56:12","guid":{"rendered":"https:\/\/poyrazpaslanmaz.com\/TUR\/?page_id=11623"},"modified":"2021-12-18T12:10:16","modified_gmt":"2021-12-18T09:10:16","slug":"paslanmaz-celik-serit-testere","status":"publish","type":"page","link":"https:\/\/poyrazpaslanmaz.com\/TUR\/paslanmaz-celik-serit-testere\/","title":{"rendered":"\u015eerit Testere"},"content":{"rendered":"\t\t<div data-elementor-type=\"wp-page\" data-elementor-id=\"11623\" class=\"elementor elementor-11623\" data-elementor-settings=\"[]\">\n\t\t\t\t\t\t\t<div class=\"elementor-section-wrap\">\n\t\t\t\t\t\t\t<section class=\"elementor-section elementor-top-section elementor-element elementor-element-f80daff elementor-section-boxed elementor-section-height-default elementor-section-height-default\" data-id=\"f80daff\" data-element_type=\"section\">\n\t\t\t\t\t\t<div class=\"elementor-container elementor-column-gap-default\">\n\t\t\t\t\t<div class=\"elementor-column elementor-col-100 elementor-top-column elementor-element elementor-element-17a11d6\" data-id=\"17a11d6\" data-element_type=\"column\">\n\t\t\t<div class=\"elementor-widget-wrap elementor-element-populated\">\n\t\t\t\t\t\t\t\t<div class=\"elementor-element elementor-element-248cbab elementor-widget elementor-widget-ld_gallery\" data-id=\"248cbab\" data-element_type=\"widget\" data-widget_type=\"ld_gallery.default\">\n\t\t\t\t<div class=\"elementor-widget-container\">\n\t\t\t\n\t\t<div class=\"lqd-img-gal\">\n\n\t\t\t<div class=\"lqd-img-gal-imgs\">\n\n\t\t\t\t<div class=\"carousel-container carousel-nav-floated carousel-nav-center carousel-nav-middle carousel-nav-lg carousel-nav-solid carousel-nav-circle carousel-nav-appear-onhover carousel-dots-mobile-inside\">\n\t\t\t\t\t<div class=\"carousel-items\" data-lqd-flickity='{ \"prevNextButtons\": true, \"navArrow\": \"6\", \"parallax\": true, \"adaptiveHeight\": true }' id=\"lqd-image-gallery-69f4c90a515e5main-carousel\">\n\n\t\t\t\t\t\t\t\t\t\t\t\t<div class=\"carousel-item col-xs-12 px-0\">\n\t\t\t\t\t\t\t<div class=\"carousel-item-inner\">\n\t\t\t\t\t\t\t\t<figure>\n\t\t\t\t\t\t\t\t\t<img loading=\"lazy\" decoding=\"async\" width=\"1920\" height=\"1277\" src=\"https:\/\/poyrazpaslanmaz.com\/TUR\/wp-content\/uploads\/2021\/11\/CS3_3308-scaled.jpg\" class=\"attachment-full size-full\" alt=\"\" srcset=\"https:\/\/poyrazpaslanmaz.com\/TUR\/wp-content\/uploads\/2021\/11\/CS3_3308-scaled.jpg 1920w, https:\/\/poyrazpaslanmaz.com\/TUR\/wp-content\/uploads\/2021\/11\/CS3_3308-300x200.jpg 300w, https:\/\/poyrazpaslanmaz.com\/TUR\/wp-content\/uploads\/2021\/11\/CS3_3308-1024x681.jpg 1024w, https:\/\/poyrazpaslanmaz.com\/TUR\/wp-content\/uploads\/2021\/11\/CS3_3308-scaled-1536x1022.jpg 1536w, https:\/\/poyrazpaslanmaz.com\/TUR\/wp-content\/uploads\/2021\/11\/CS3_3308-scaled-2048x1362.jpg 2048w, https:\/\/poyrazpaslanmaz.com\/TUR\/wp-content\/uploads\/2021\/11\/CS3_3308-scaled-720x480.jpg 720w\" sizes=\"auto, (max-width: 1920px) 100vw, 1920px\" \/>\t\t\t\t\t\t\t\t<\/figure>\n\t\t\t\t\t\t\t<\/div>\n\t\t\t\t\t\t<\/div>\n\t\t\t\t\t\t\t\t\t\t\t\t<div class=\"carousel-item col-xs-12 px-0\">\n\t\t\t\t\t\t\t<div class=\"carousel-item-inner\">\n\t\t\t\t\t\t\t\t<figure>\n\t\t\t\t\t\t\t\t\t<img loading=\"lazy\" decoding=\"async\" width=\"1920\" height=\"1277\" src=\"https:\/\/poyrazpaslanmaz.com\/TUR\/wp-content\/uploads\/2021\/11\/CS2_9911.jpg\" class=\"attachment-full size-full\" alt=\"\" srcset=\"https:\/\/poyrazpaslanmaz.com\/TUR\/wp-content\/uploads\/2021\/11\/CS2_9911.jpg 1920w, https:\/\/poyrazpaslanmaz.com\/TUR\/wp-content\/uploads\/2021\/11\/CS2_9911-300x200.jpg 300w, https:\/\/poyrazpaslanmaz.com\/TUR\/wp-content\/uploads\/2021\/11\/CS2_9911-1024x681.jpg 1024w\" sizes=\"auto, (max-width: 1920px) 100vw, 1920px\" \/>\t\t\t\t\t\t\t\t<\/figure>\n\t\t\t\t\t\t\t<\/div>\n\t\t\t\t\t\t<\/div>\n\t\t\t\t\t\t\n\t\t\t\t\t<\/div>\n\t\t\t\t<\/div>\n\n\t\t\t<\/div>\n\n\t\t\t<div class=\"lqd-img-gal-thumbs\">\n\n\t\t\t\t<div class=\"carousel-container\">\n\t\t\t\t\t<div class=\"carousel-items\" data-lqd-flickity='{ \"contain\": false, \"pageDots\": false, \"asNavFor\": \"#lqd-image-gallery-69f4c90a515e5main-carousel\" }'>\n\n\t\t\t\t\t\t\t\t\t\t\t\t<div class=\"carousel-item col-xs-4 col-sm-3 col-md-2\">\n\t\t\t\t\t\t\t<div class=\"carousel-item-inner\">\n\t\t\t\t\t\t\t\t<figure>\n\t\t\t\t\t\t\t\t\t<img loading=\"lazy\" decoding=\"async\" width=\"105\" height=\"70\" src=\"https:\/\/poyrazpaslanmaz.com\/TUR\/wp-content\/uploads\/2021\/11\/CS3_3308-scaled.jpg\" class=\"attachment-160x70 size-160x70\" alt=\"\" srcset=\"https:\/\/poyrazpaslanmaz.com\/TUR\/wp-content\/uploads\/2021\/11\/CS3_3308-scaled.jpg 1920w, https:\/\/poyrazpaslanmaz.com\/TUR\/wp-content\/uploads\/2021\/11\/CS3_3308-300x200.jpg 300w, https:\/\/poyrazpaslanmaz.com\/TUR\/wp-content\/uploads\/2021\/11\/CS3_3308-1024x681.jpg 1024w, https:\/\/poyrazpaslanmaz.com\/TUR\/wp-content\/uploads\/2021\/11\/CS3_3308-scaled-1536x1022.jpg 1536w, https:\/\/poyrazpaslanmaz.com\/TUR\/wp-content\/uploads\/2021\/11\/CS3_3308-scaled-2048x1362.jpg 2048w, https:\/\/poyrazpaslanmaz.com\/TUR\/wp-content\/uploads\/2021\/11\/CS3_3308-scaled-720x480.jpg 720w\" sizes=\"auto, (max-width: 105px) 100vw, 105px\" \/>\t\t\t\t\t\t\t\t<\/figure>\n\t\t\t\t\t\t\t<\/div>\n\t\t\t\t\t\t<\/div>\n\t\t\t\t\t\t\t\t\t\t\t\t<div class=\"carousel-item col-xs-4 col-sm-3 col-md-2\">\n\t\t\t\t\t\t\t<div class=\"carousel-item-inner\">\n\t\t\t\t\t\t\t\t<figure>\n\t\t\t\t\t\t\t\t\t<img loading=\"lazy\" decoding=\"async\" width=\"105\" height=\"70\" src=\"https:\/\/poyrazpaslanmaz.com\/TUR\/wp-content\/uploads\/2021\/11\/CS2_9911.jpg\" class=\"attachment-160x70 size-160x70\" alt=\"\" srcset=\"https:\/\/poyrazpaslanmaz.com\/TUR\/wp-content\/uploads\/2021\/11\/CS2_9911.jpg 1920w, https:\/\/poyrazpaslanmaz.com\/TUR\/wp-content\/uploads\/2021\/11\/CS2_9911-300x200.jpg 300w, https:\/\/poyrazpaslanmaz.com\/TUR\/wp-content\/uploads\/2021\/11\/CS2_9911-1024x681.jpg 1024w\" sizes=\"auto, (max-width: 105px) 100vw, 105px\" \/>\t\t\t\t\t\t\t\t<\/figure>\n\t\t\t\t\t\t\t<\/div>\n\t\t\t\t\t\t<\/div>\n\t\t\t\t\t\t\n\t\t\t\t\t<\/div>\n\t\t\t\t<\/div>\n\n\t\t\t<\/div>\n\n\t\t<\/div>\n\n\t\t\t\t<\/div>\n\t\t\t\t<\/div>\n\t\t\t\t\t<\/div>\n\t\t<\/div>\n\t\t\t\t\t\t\t<\/div>\n\t\t<\/section>\n\t\t\t\t<section class=\"elementor-section elementor-top-section elementor-element elementor-element-b373810 elementor-section-boxed elementor-section-height-default elementor-section-height-default\" data-id=\"b373810\" data-element_type=\"section\">\n\t\t\t\t\t\t<div class=\"elementor-container elementor-column-gap-default\">\n\t\t\t\t\t<div class=\"elementor-column elementor-col-100 elementor-top-column elementor-element elementor-element-2d139c5\" data-id=\"2d139c5\" data-element_type=\"column\">\n\t\t\t<div class=\"elementor-widget-wrap elementor-element-populated\">\n\t\t\t\t\t\t\t\t<div class=\"elementor-element elementor-element-ab52126 elementor-widget elementor-widget-ld_price_table\" data-id=\"ab52126\" data-element_type=\"widget\" data-widget_type=\"ld_price_table.default\">\n\t\t\t\t<div class=\"elementor-widget-container\">\n\t\t\t <div class=\"lqd-pt lqd-pt-style-8 lqd-pt-title-16 lqd-pt-price-48 pos-rel round\">\n\t\t\t\t<div class=\"lqd-pt-inner pt-6 pb-5\">\n\n\t\t\t\t\t<div class=\"lqd-pt-bg lqd-overlay round\"><\/div>\n\n\t\t\t\t\t\n\t\t\t\t\t<div class=\"lqd-pt-head pos-rel px-5 pb-4 text-center\">\n\t\t\t\t\t\t<span class=\"lqd-pt-price font-weight-bold mb-3\">\u015eerit Testere<\/span>\t\t\t\t\t\t\t\t\t\t\t<\/div>\n\n\t\t\t\t\t<div class=\"lqd-pt-body pos-rel pt-3 px-5 px-md-8\">\n\t\t\t\t\t\t<ul>\n<li><u>\u00c7ap<\/u>: min. \u00d8 20 mm - max. \u00d8 500 mm<\/li>\n<li>Minimum Boy: 10 mm.<\/li>\n<\/ul>\n\t\t\t\t\t<\/div>\n\n\t\t\t\t\t\n\t\t\t\t<\/div>\n\n\t\t\t<\/div>\t\t<\/div>\n\t\t\t\t<\/div>\n\t\t\t\t\t<\/div>\n\t\t<\/div>\n\t\t\t\t\t\t\t<\/div>\n\t\t<\/section>\n\t\t\t\t\t\t<\/div>\n\t\t\t\t\t<\/div>\n\t\t","protected":false},"excerpt":{"rendered":"<p>\u015eerit Testere \u00c7ap: min. \u00d8 20 mm &#8211; max. \u00d8 500 mm Minimum Boy: 10 mm.<\/p>\n","protected":false},"author":1,"featured_media":0,"parent":0,"menu_order":0,"comment_status":"closed","ping_status":"closed","template":"","meta":{"footnotes":""},"class_list":["post-11623","page","type-page","status-publish","hentry"],"yoast_head":"<!-- This site is optimized with the Yoast SEO Premium plugin v18.1 (Yoast SEO v18.2) - https:\/\/yoast.com\/wordpress\/plugins\/seo\/ -->\n<title>Paslanmaz \u00c7elik \u00c7ubuk Kesim, \u015eerit Testere<\/title>\n<meta name=\"robots\" content=\"index, follow, max-snippet:-1, max-image-preview:large, max-video-preview:-1\" \/>\n<link rel=\"canonical\" href=\"https:\/\/poyrazpaslanmaz.com\/TUR\/paslanmaz-celik-serit-testere\/\" \/>\n<meta property=\"og:locale\" content=\"tr_TR\" \/>\n<meta property=\"og:type\" content=\"article\" \/>\n<meta property=\"og:title\" content=\"\u015eerit Testere\" \/>\n<meta property=\"og:description\" content=\"\u015eerit Testere \u00c7ap: min. \u00d8 20 mm &#8211; max. \u00d8 500 mm Minimum Boy: 10 mm.\" \/>\n<meta property=\"og:url\" content=\"https:\/\/poyrazpaslanmaz.com\/TUR\/paslanmaz-celik-serit-testere\/\" \/>\n<meta property=\"og:site_name\" content=\"Poyraz Paslanmaz \u00c7elik Servisi\" \/>\n<meta property=\"article:modified_time\" content=\"2021-12-18T09:10:16+00:00\" \/>\n<meta property=\"og:image\" content=\"http:\/\/poyrazpaslanmaz.com\/TUR\/wp-content\/uploads\/2021\/11\/CS3_3308-scaled.jpg\" \/>\n<meta name=\"twitter:card\" content=\"summary_large_image\" \/>\n<script type=\"application\/ld+json\" class=\"yoast-schema-graph\">{\"@context\":\"https:\/\/schema.org\",\"@graph\":[{\"@type\":\"Organization\",\"@id\":\"https:\/\/poyrazpaslanmaz.com\/TUR\/#organization\",\"name\":\"Poyraz Paslanmaz \u00c7elik Servis Merkezi\",\"url\":\"https:\/\/poyrazpaslanmaz.com\/TUR\/\",\"sameAs\":[\"https:\/\/www.linkedin.com\/company\/poyraz-paslanmaz\/\",\"https:\/\/www.youtube.com\/channel\/UCikMTgktvEY2HsKznCs6wNQ\"],\"logo\":{\"@type\":\"ImageObject\",\"@id\":\"https:\/\/poyrazpaslanmaz.com\/TUR\/#logo\",\"inLanguage\":\"tr\",\"url\":\"https:\/\/poyrazpaslanmaz.com\/TUR\/wp-content\/uploads\/2019\/12\/POYRAZ-LOGO.png\",\"contentUrl\":\"https:\/\/poyrazpaslanmaz.com\/TUR\/wp-content\/uploads\/2019\/12\/POYRAZ-LOGO.png\",\"width\":700,\"height\":215,\"caption\":\"Poyraz Paslanmaz \u00c7elik Servis Merkezi\"},\"image\":{\"@id\":\"https:\/\/poyrazpaslanmaz.com\/TUR\/#logo\"}},{\"@type\":\"WebSite\",\"@id\":\"https:\/\/poyrazpaslanmaz.com\/TUR\/#website\",\"url\":\"https:\/\/poyrazpaslanmaz.com\/TUR\/\",\"name\":\"Poyraz Paslanmaz \u00c7elik Servisi\",\"description\":\"Paslanmaz Rulo, Sac, Boru, Profil, \u00c7ubuk, Lama, K\u00f6\u015febent\",\"publisher\":{\"@id\":\"https:\/\/poyrazpaslanmaz.com\/TUR\/#organization\"},\"potentialAction\":[{\"@type\":\"SearchAction\",\"target\":{\"@type\":\"EntryPoint\",\"urlTemplate\":\"https:\/\/poyrazpaslanmaz.com\/TUR\/?s={search_term_string}\"},\"query-input\":\"required name=search_term_string\"}],\"inLanguage\":\"tr\"},{\"@type\":\"ImageObject\",\"@id\":\"https:\/\/poyrazpaslanmaz.com\/TUR\/paslanmaz-celik-serit-testere\/#primaryimage\",\"inLanguage\":\"tr\",\"url\":\"http:\/\/poyrazpaslanmaz.com\/TUR\/wp-content\/uploads\/2021\/11\/CS3_3308-scaled.jpg\",\"contentUrl\":\"http:\/\/poyrazpaslanmaz.com\/TUR\/wp-content\/uploads\/2021\/11\/CS3_3308-scaled.jpg\"},{\"@type\":\"WebPage\",\"@id\":\"https:\/\/poyrazpaslanmaz.com\/TUR\/paslanmaz-celik-serit-testere\/#webpage\",\"url\":\"https:\/\/poyrazpaslanmaz.com\/TUR\/paslanmaz-celik-serit-testere\/\",\"name\":\"Paslanmaz \u00c7elik \u00c7ubuk Kesim, \u015eerit Testere\",\"isPartOf\":{\"@id\":\"https:\/\/poyrazpaslanmaz.com\/TUR\/#website\"},\"primaryImageOfPage\":{\"@id\":\"https:\/\/poyrazpaslanmaz.com\/TUR\/paslanmaz-celik-serit-testere\/#primaryimage\"},\"datePublished\":\"2021-11-30T07:56:12+00:00\",\"dateModified\":\"2021-12-18T09:10:16+00:00\",\"breadcrumb\":{\"@id\":\"https:\/\/poyrazpaslanmaz.com\/TUR\/paslanmaz-celik-serit-testere\/#breadcrumb\"},\"inLanguage\":\"tr\",\"potentialAction\":[{\"@type\":\"ReadAction\",\"target\":[\"https:\/\/poyrazpaslanmaz.com\/TUR\/paslanmaz-celik-serit-testere\/\"]}]},{\"@type\":\"BreadcrumbList\",\"@id\":\"https:\/\/poyrazpaslanmaz.com\/TUR\/paslanmaz-celik-serit-testere\/#breadcrumb\",\"itemListElement\":[{\"@type\":\"ListItem\",\"position\":1,\"name\":\"Anasayfa\",\"item\":\"https:\/\/poyrazpaslanmaz.com\/TUR\/\"},{\"@type\":\"ListItem\",\"position\":2,\"name\":\"\u015eerit Testere\"}]},{\"@type\":\"TechArticle\",\"@id\":\"https:\/\/poyrazpaslanmaz.com\/TUR\/paslanmaz-celik-serit-testere\/#article\",\"isPartOf\":{\"@id\":\"https:\/\/poyrazpaslanmaz.com\/TUR\/paslanmaz-celik-serit-testere\/#webpage\"},\"author\":{\"@id\":\"https:\/\/poyrazpaslanmaz.com\/TUR\/#\/schema\/person\/c779564c9945a08d3334cf8c7064c3a0\"},\"headline\":\"\u015eerit Testere\",\"datePublished\":\"2021-11-30T07:56:12+00:00\",\"dateModified\":\"2021-12-18T09:10:16+00:00\",\"mainEntityOfPage\":{\"@id\":\"https:\/\/poyrazpaslanmaz.com\/TUR\/paslanmaz-celik-serit-testere\/#webpage\"},\"wordCount\":13,\"publisher\":{\"@id\":\"https:\/\/poyrazpaslanmaz.com\/TUR\/#organization\"},\"image\":{\"@id\":\"https:\/\/poyrazpaslanmaz.com\/TUR\/paslanmaz-celik-serit-testere\/#primaryimage\"},\"thumbnailUrl\":\"http:\/\/poyrazpaslanmaz.com\/TUR\/wp-content\/uploads\/2021\/11\/CS3_3308-scaled.jpg\",\"inLanguage\":\"tr\"},{\"@type\":\"Person\",\"@id\":\"https:\/\/poyrazpaslanmaz.com\/TUR\/#\/schema\/person\/c779564c9945a08d3334cf8c7064c3a0\",\"name\":\"poyraz\",\"image\":{\"@type\":\"ImageObject\",\"@id\":\"https:\/\/poyrazpaslanmaz.com\/TUR\/#personlogo\",\"inLanguage\":\"tr\",\"url\":\"https:\/\/secure.gravatar.com\/avatar\/0e253ed5519749879d717378123245bf?s=96&d=mm&r=g\",\"contentUrl\":\"https:\/\/secure.gravatar.com\/avatar\/0e253ed5519749879d717378123245bf?s=96&d=mm&r=g\",\"caption\":\"poyraz\"},\"sameAs\":[\"http:\/\/poyrazpaslanmaz.com\/TUR\"],\"url\":\"https:\/\/poyrazpaslanmaz.com\/TUR\/author\/poyraz\/\"}]}<\/script>\n<!-- \/ Yoast SEO Premium plugin. -->","yoast_head_json":{"title":"Paslanmaz \u00c7elik \u00c7ubuk Kesim, \u015eerit Testere","robots":{"index":"index","follow":"follow","max-snippet":"max-snippet:-1","max-image-preview":"max-image-preview:large","max-video-preview":"max-video-preview:-1"},"canonical":"https:\/\/poyrazpaslanmaz.com\/TUR\/paslanmaz-celik-serit-testere\/","og_locale":"tr_TR","og_type":"article","og_title":"\u015eerit Testere","og_description":"\u015eerit Testere \u00c7ap: min. \u00d8 20 mm &#8211; max. \u00d8 500 mm Minimum Boy: 10 mm.","og_url":"https:\/\/poyrazpaslanmaz.com\/TUR\/paslanmaz-celik-serit-testere\/","og_site_name":"Poyraz Paslanmaz \u00c7elik Servisi","article_modified_time":"2021-12-18T09:10:16+00:00","og_image":[{"url":"http:\/\/poyrazpaslanmaz.com\/TUR\/wp-content\/uploads\/2021\/11\/CS3_3308-scaled.jpg"}],"twitter_card":"summary_large_image","schema":{"@context":"https:\/\/schema.org","@graph":[{"@type":"Organization","@id":"https:\/\/poyrazpaslanmaz.com\/TUR\/#organization","name":"Poyraz Paslanmaz \u00c7elik Servis Merkezi","url":"https:\/\/poyrazpaslanmaz.com\/TUR\/","sameAs":["https:\/\/www.linkedin.com\/company\/poyraz-paslanmaz\/","https:\/\/www.youtube.com\/channel\/UCikMTgktvEY2HsKznCs6wNQ"],"logo":{"@type":"ImageObject","@id":"https:\/\/poyrazpaslanmaz.com\/TUR\/#logo","inLanguage":"tr","url":"https:\/\/poyrazpaslanmaz.com\/TUR\/wp-content\/uploads\/2019\/12\/POYRAZ-LOGO.png","contentUrl":"https:\/\/poyrazpaslanmaz.com\/TUR\/wp-content\/uploads\/2019\/12\/POYRAZ-LOGO.png","width":700,"height":215,"caption":"Poyraz Paslanmaz \u00c7elik Servis Merkezi"},"image":{"@id":"https:\/\/poyrazpaslanmaz.com\/TUR\/#logo"}},{"@type":"WebSite","@id":"https:\/\/poyrazpaslanmaz.com\/TUR\/#website","url":"https:\/\/poyrazpaslanmaz.com\/TUR\/","name":"Poyraz Paslanmaz \u00c7elik Servisi","description":"Paslanmaz Rulo, Sac, Boru, Profil, \u00c7ubuk, Lama, K\u00f6\u015febent","publisher":{"@id":"https:\/\/poyrazpaslanmaz.com\/TUR\/#organization"},"potentialAction":[{"@type":"SearchAction","target":{"@type":"EntryPoint","urlTemplate":"https:\/\/poyrazpaslanmaz.com\/TUR\/?s={search_term_string}"},"query-input":"required name=search_term_string"}],"inLanguage":"tr"},{"@type":"ImageObject","@id":"https:\/\/poyrazpaslanmaz.com\/TUR\/paslanmaz-celik-serit-testere\/#primaryimage","inLanguage":"tr","url":"http:\/\/poyrazpaslanmaz.com\/TUR\/wp-content\/uploads\/2021\/11\/CS3_3308-scaled.jpg","contentUrl":"http:\/\/poyrazpaslanmaz.com\/TUR\/wp-content\/uploads\/2021\/11\/CS3_3308-scaled.jpg"},{"@type":"WebPage","@id":"https:\/\/poyrazpaslanmaz.com\/TUR\/paslanmaz-celik-serit-testere\/#webpage","url":"https:\/\/poyrazpaslanmaz.com\/TUR\/paslanmaz-celik-serit-testere\/","name":"Paslanmaz \u00c7elik \u00c7ubuk Kesim, \u015eerit Testere","isPartOf":{"@id":"https:\/\/poyrazpaslanmaz.com\/TUR\/#website"},"primaryImageOfPage":{"@id":"https:\/\/poyrazpaslanmaz.com\/TUR\/paslanmaz-celik-serit-testere\/#primaryimage"},"datePublished":"2021-11-30T07:56:12+00:00","dateModified":"2021-12-18T09:10:16+00:00","breadcrumb":{"@id":"https:\/\/poyrazpaslanmaz.com\/TUR\/paslanmaz-celik-serit-testere\/#breadcrumb"},"inLanguage":"tr","potentialAction":[{"@type":"ReadAction","target":["https:\/\/poyrazpaslanmaz.com\/TUR\/paslanmaz-celik-serit-testere\/"]}]},{"@type":"BreadcrumbList","@id":"https:\/\/poyrazpaslanmaz.com\/TUR\/paslanmaz-celik-serit-testere\/#breadcrumb","itemListElement":[{"@type":"ListItem","position":1,"name":"Anasayfa","item":"https:\/\/poyrazpaslanmaz.com\/TUR\/"},{"@type":"ListItem","position":2,"name":"\u015eerit Testere"}]},{"@type":"TechArticle","@id":"https:\/\/poyrazpaslanmaz.com\/TUR\/paslanmaz-celik-serit-testere\/#article","isPartOf":{"@id":"https:\/\/poyrazpaslanmaz.com\/TUR\/paslanmaz-celik-serit-testere\/#webpage"},"author":{"@id":"https:\/\/poyrazpaslanmaz.com\/TUR\/#\/schema\/person\/c779564c9945a08d3334cf8c7064c3a0"},"headline":"\u015eerit Testere","datePublished":"2021-11-30T07:56:12+00:00","dateModified":"2021-12-18T09:10:16+00:00","mainEntityOfPage":{"@id":"https:\/\/poyrazpaslanmaz.com\/TUR\/paslanmaz-celik-serit-testere\/#webpage"},"wordCount":13,"publisher":{"@id":"https:\/\/poyrazpaslanmaz.com\/TUR\/#organization"},"image":{"@id":"https:\/\/poyrazpaslanmaz.com\/TUR\/paslanmaz-celik-serit-testere\/#primaryimage"},"thumbnailUrl":"http:\/\/poyrazpaslanmaz.com\/TUR\/wp-content\/uploads\/2021\/11\/CS3_3308-scaled.jpg","inLanguage":"tr"},{"@type":"Person","@id":"https:\/\/poyrazpaslanmaz.com\/TUR\/#\/schema\/person\/c779564c9945a08d3334cf8c7064c3a0","name":"poyraz","image":{"@type":"ImageObject","@id":"https:\/\/poyrazpaslanmaz.com\/TUR\/#personlogo","inLanguage":"tr","url":"https:\/\/secure.gravatar.com\/avatar\/0e253ed5519749879d717378123245bf?s=96&d=mm&r=g","contentUrl":"https:\/\/secure.gravatar.com\/avatar\/0e253ed5519749879d717378123245bf?s=96&d=mm&r=g","caption":"poyraz"},"sameAs":["http:\/\/poyrazpaslanmaz.com\/TUR"],"url":"https:\/\/poyrazpaslanmaz.com\/TUR\/author\/poyraz\/"}]}},"_links":{"self":[{"href":"https:\/\/poyrazpaslanmaz.com\/TUR\/wp-json\/wp\/v2\/pages\/11623","targetHints":{"allow":["GET"]}}],"collection":[{"href":"https:\/\/poyrazpaslanmaz.com\/TUR\/wp-json\/wp\/v2\/pages"}],"about":[{"href":"https:\/\/poyrazpaslanmaz.com\/TUR\/wp-json\/wp\/v2\/types\/page"}],"author":[{"embeddable":true,"href":"https:\/\/poyrazpaslanmaz.com\/TUR\/wp-json\/wp\/v2\/users\/1"}],"replies":[{"embeddable":true,"href":"https:\/\/poyrazpaslanmaz.com\/TUR\/wp-json\/wp\/v2\/comments?post=11623"}],"version-history":[{"count":0,"href":"https:\/\/poyrazpaslanmaz.com\/TUR\/wp-json\/wp\/v2\/pages\/11623\/revisions"}],"wp:attachment":[{"href":"https:\/\/poyrazpaslanmaz.com\/TUR\/wp-json\/wp\/v2\/media?parent=11623"}],"curies":[{"name":"wp","href":"https:\/\/api.w.org\/{rel}","templated":true}]}}