{"id":12048,"date":"2021-12-20T13:15:06","date_gmt":"2021-12-20T10:15:06","guid":{"rendered":"https:\/\/poyrazpaslanmaz.com\/TUR\/?page_id=12048"},"modified":"2021-12-20T13:25:08","modified_gmt":"2021-12-20T10:25:08","slug":"paslanmaz-celik-urunler","status":"publish","type":"page","link":"https:\/\/poyrazpaslanmaz.com\/TUR\/paslanmaz-celik-urunler\/","title":{"rendered":"Paslanmaz \u00c7elik \u00dcr\u00fcnler"},"content":{"rendered":"\t\t<div data-elementor-type=\"wp-page\" data-elementor-id=\"12048\" class=\"elementor elementor-12048\" data-elementor-settings=\"[]\">\n\t\t\t\t\t\t\t<div class=\"elementor-section-wrap\">\n\t\t\t\t\t<div class=\"elementor-element elementor-element-161d01c e-container--row e-container\" data-id=\"161d01c\" data-element_type=\"container\">\t\t<div class=\"elementor-element elementor-element-8f31df6 e-container--column e-container\" data-id=\"8f31df6\" data-element_type=\"container\">\t\t\t\t<div class=\"elementor-element elementor-element-0d0abe8 elementor-widget elementor-widget-image\" data-id=\"0d0abe8\" data-element_type=\"widget\" data-widget_type=\"image.default\">\n\t\t\t\t<div class=\"elementor-widget-container\">\n\t\t\t<style>\/*! elementor - v3.4.8 - 01-12-2021 *\/\n.elementor-widget-image{text-align:center}.elementor-widget-image a{display:inline-block}.elementor-widget-image a img[src$=\".svg\"]{width:48px}.elementor-widget-image img{vertical-align:middle;display:inline-block}<\/style>\t\t\t\t\t\t\t\t\t\t\t\t<img loading=\"lazy\" decoding=\"async\" width=\"1717\" height=\"1146\" src=\"https:\/\/poyrazpaslanmaz.com\/TUR\/wp-content\/uploads\/2021\/12\/GS9_8521.jpg\" class=\"attachment-full size-full\" alt=\"\" srcset=\"https:\/\/poyrazpaslanmaz.com\/TUR\/wp-content\/uploads\/2021\/12\/GS9_8521.jpg 1717w, https:\/\/poyrazpaslanmaz.com\/TUR\/wp-content\/uploads\/2021\/12\/GS9_8521-300x200.jpg 300w, https:\/\/poyrazpaslanmaz.com\/TUR\/wp-content\/uploads\/2021\/12\/GS9_8521-1024x683.jpg 1024w, https:\/\/poyrazpaslanmaz.com\/TUR\/wp-content\/uploads\/2021\/12\/GS9_8521-1536x1025.jpg 1536w, https:\/\/poyrazpaslanmaz.com\/TUR\/wp-content\/uploads\/2021\/12\/GS9_8521-720x480.jpg 720w\" sizes=\"auto, (max-width: 1717px) 100vw, 1717px\" \/>\t\t\t\t\t\t\t\t\t\t\t\t\t\t\t<\/div>\n\t\t\t\t<\/div>\n\t\t<\/div><div class=\"elementor-element elementor-element-a324a27 e-container--column e-container\" data-id=\"a324a27\" data-element_type=\"container\">\t\t\t\t<div class=\"elementor-element elementor-element-5611c22 elementor-widget elementor-widget-image\" data-id=\"5611c22\" data-element_type=\"widget\" data-widget_type=\"image.default\">\n\t\t\t\t<div class=\"elementor-widget-container\">\n\t\t\t\t\t\t\t\t\t\t\t\t\t\t\t<img loading=\"lazy\" decoding=\"async\" width=\"1920\" height=\"1277\" src=\"https:\/\/poyrazpaslanmaz.com\/TUR\/wp-content\/uploads\/2021\/11\/CS2_0086-1.jpg\" class=\"attachment-full size-full\" alt=\"\" srcset=\"https:\/\/poyrazpaslanmaz.com\/TUR\/wp-content\/uploads\/2021\/11\/CS2_0086-1.jpg 1920w, https:\/\/poyrazpaslanmaz.com\/TUR\/wp-content\/uploads\/2021\/11\/CS2_0086-1-300x200.jpg 300w, https:\/\/poyrazpaslanmaz.com\/TUR\/wp-content\/uploads\/2021\/11\/CS2_0086-1-1024x681.jpg 1024w, https:\/\/poyrazpaslanmaz.com\/TUR\/wp-content\/uploads\/2021\/11\/CS2_0086-1-1536x1022.jpg 1536w, https:\/\/poyrazpaslanmaz.com\/TUR\/wp-content\/uploads\/2021\/11\/CS2_0086-1-720x480.jpg 720w\" sizes=\"auto, (max-width: 1920px) 100vw, 1920px\" \/>\t\t\t\t\t\t\t\t\t\t\t\t\t\t\t<\/div>\n\t\t\t\t<\/div>\n\t\t<\/div><div class=\"elementor-element elementor-element-4db692c e-container--column e-container\" data-id=\"4db692c\" data-element_type=\"container\">\t\t\t\t<div class=\"elementor-element elementor-element-afb00bb elementor-widget elementor-widget-image\" data-id=\"afb00bb\" data-element_type=\"widget\" data-widget_type=\"image.default\">\n\t\t\t\t<div class=\"elementor-widget-container\">\n\t\t\t\t\t\t\t\t\t\t\t\t\t\t\t<img loading=\"lazy\" decoding=\"async\" width=\"1920\" height=\"1280\" src=\"https:\/\/poyrazpaslanmaz.com\/TUR\/wp-content\/uploads\/2021\/12\/DJI_0177.jpg\" class=\"attachment-full size-full\" alt=\"\" srcset=\"https:\/\/poyrazpaslanmaz.com\/TUR\/wp-content\/uploads\/2021\/12\/DJI_0177.jpg 1920w, https:\/\/poyrazpaslanmaz.com\/TUR\/wp-content\/uploads\/2021\/12\/DJI_0177-300x200.jpg 300w, https:\/\/poyrazpaslanmaz.com\/TUR\/wp-content\/uploads\/2021\/12\/DJI_0177-1024x683.jpg 1024w, https:\/\/poyrazpaslanmaz.com\/TUR\/wp-content\/uploads\/2021\/12\/DJI_0177-1536x1024.jpg 1536w, https:\/\/poyrazpaslanmaz.com\/TUR\/wp-content\/uploads\/2021\/12\/DJI_0177-720x480.jpg 720w\" sizes=\"auto, (max-width: 1920px) 100vw, 1920px\" \/>\t\t\t\t\t\t\t\t\t\t\t\t\t\t\t<\/div>\n\t\t\t\t<\/div>\n\t\t<\/div><div class=\"elementor-element elementor-element-5d45676 e-container--column e-container\" data-id=\"5d45676\" data-element_type=\"container\">\t\t\t\t<div class=\"elementor-element elementor-element-c48115a elementor-widget__width-auto elementor-widget elementor-widget-hub_fancy_heading\" data-id=\"c48115a\" data-element_type=\"widget\" data-widget_type=\"hub_fancy_heading.default\">\n\t\t\t\t<div class=\"elementor-widget-container\">\n\t\t\t\n\t\t<div id=\"ld-fancy-heading-69f4c6f9399c1\" class=\"ld-fancy-heading\">\n\t\t\t<h6 class=\"ld-fh-element elementor-heading-title lqd-highlight-underline lqd-highlight-grow-left h6\"  > Paslanmaz \u00c7elik \u00dcr\u00fcnler<\/h6>\t\t<\/div>\n\n\t\t\t\t<\/div>\n\t\t\t\t<\/div>\n\t\t\t\t<div class=\"elementor-element elementor-element-9c5ebf5 elementor-widget elementor-widget-hub_fancy_heading\" data-id=\"9c5ebf5\" data-element_type=\"widget\" data-widget_type=\"hub_fancy_heading.default\">\n\t\t\t\t<div class=\"elementor-widget-container\">\n\t\t\t\n\t\t<div id=\"ld-fancy-heading-69f4c6f93a238\" class=\"ld-fancy-heading\">\n\t\t\t<h5 class=\"ld-fh-element elementor-heading-title lqd-highlight-underline lqd-highlight-grow-left h5\"  > Paslanmaz \u00c7elik Rulo<\/h5>\t\t<\/div>\n\n\t\t\t\t<\/div>\n\t\t\t\t<\/div>\n\t\t\t\t<div class=\"elementor-element elementor-element-c718d34 elementor-widget elementor-widget-hub_fancy_heading\" data-id=\"c718d34\" data-element_type=\"widget\" data-widget_type=\"hub_fancy_heading.default\">\n\t\t\t\t<div class=\"elementor-widget-container\">\n\t\t\t\n\t\t<div id=\"ld-fancy-heading-69f4c6f93a901\" class=\"ld-fancy-heading\">\n\t\t\t<p class=\"ld-fh-element lqd-highlight-underline lqd-highlight-grow-left p\"  > <b>Ferritik:<\/b>AISI 409 (1.4512), AISI 410S (1.4000), AISI 430 (1.4016), AISI 441 (1.4509), AISI 439 (1.4510)<br>\n<b>Martenzitik:<\/b> AISI 420 (1.4021), AISI 410 (1.4006),<br>\n<b>\u00d6stenitik:<\/b> AISI 301 (1.4310), AISI 301L (1.4318), AISI 201 (1.4372), AISI 304 (1.4301), AISI 304L (1.4307), AISI 321 (1.4541), AISI 316 (1.4401), AISI 316L (1.4404) , AISI 316Ti (1.4571), AISI (1.4539) 904L, AISI 309 (1.4828), AISI 309S (1.4833), AISI 310\/310S (1.4845)<br>\n<b>Duplex:<\/b> SAF 2205 (1.4462)<\/p>\t\t<\/div>\n\n\t\t\t\t<\/div>\n\t\t\t\t<\/div>\n\t\t\t\t<div class=\"elementor-element elementor-element-717f367 elementor-widget elementor-widget-ld_button\" data-id=\"717f367\" data-element_type=\"widget\" data-widget_type=\"ld_button.default\">\n\t\t\t\t<div class=\"elementor-widget-container\">\n\t\t\t\n\t\t<a  href=\"https:\/\/poyrazpaslanmaz.com\/TUR\/paslanmaz-celik-rulo\/\" class=\"elementor-button btn btn-naked btn-icon-right btn-has-label\" target=\"_blank\" rel=\"nofollow\" >\n\t\t\t\t\t\t\t<span class=\"btn-txt\"  data-text=\"Daha Fazla Bilgi \" >Daha Fazla Bilgi <\/span>\n\t\t\t\t\t\t\t\t\t\t\t<span class=\"btn-icon\">\n\t\t\t\t\t\t<svg aria-hidden=\"true\" class=\"e-font-icon-svg e-fas-chevron-right\"><use xlink:href=\"#fas-chevron-right\" \/><\/svg>\t\t\t\t\t<\/span>\n\t\t\t\t\t\t\t<\/a>\n\n\t\t\t\t<\/div>\n\t\t\t\t<\/div>\n\t\t<\/div><div class=\"elementor-element elementor-element-73257ac e-container--column e-container\" data-id=\"73257ac\" data-element_type=\"container\">\t\t\t\t<div class=\"elementor-element elementor-element-52a25ba elementor-widget__width-auto elementor-widget elementor-widget-hub_fancy_heading\" data-id=\"52a25ba\" data-element_type=\"widget\" data-widget_type=\"hub_fancy_heading.default\">\n\t\t\t\t<div class=\"elementor-widget-container\">\n\t\t\t\n\t\t<div id=\"ld-fancy-heading-69f4c6f93d322\" class=\"ld-fancy-heading\">\n\t\t\t<h6 class=\"ld-fh-element elementor-heading-title lqd-highlight-underline lqd-highlight-grow-left h6\"  > Paslanmaz \u00c7elik \u00dcr\u00fcnler<\/h6>\t\t<\/div>\n\n\t\t\t\t<\/div>\n\t\t\t\t<\/div>\n\t\t\t\t<div class=\"elementor-element elementor-element-07e7c88 elementor-widget elementor-widget-hub_fancy_heading\" data-id=\"07e7c88\" data-element_type=\"widget\" data-widget_type=\"hub_fancy_heading.default\">\n\t\t\t\t<div class=\"elementor-widget-container\">\n\t\t\t\n\t\t<div id=\"ld-fancy-heading-69f4c6f93d97e\" class=\"ld-fancy-heading\">\n\t\t\t<h5 class=\"ld-fh-element elementor-heading-title lqd-highlight-underline lqd-highlight-grow-left h5\"  > Paslanmaz \u00c7elik Sac<\/h5>\t\t<\/div>\n\n\t\t\t\t<\/div>\n\t\t\t\t<\/div>\n\t\t\t\t<div class=\"elementor-element elementor-element-13dfa26 elementor-widget elementor-widget-hub_fancy_heading\" data-id=\"13dfa26\" data-element_type=\"widget\" data-widget_type=\"hub_fancy_heading.default\">\n\t\t\t\t<div class=\"elementor-widget-container\">\n\t\t\t\n\t\t<div id=\"ld-fancy-heading-69f4c6f93e120\" class=\"ld-fancy-heading\">\n\t\t\t<p class=\"ld-fh-element lqd-highlight-underline lqd-highlight-grow-left p\"  > <b>Ferritik:<\/b>AISI 409 (1.4512), AISI 410S (1.4000), AISI 430 (1.4016), AISI 441 (1.4509), AISI 439 (1.4510)<br>\n<b>Martenzitik:<\/b> AISI 420 (1.4021), AISI 410 (1.4006),<br>\n<b>\u00d6stenitik:<\/b> AISI 301 (1.4310), AISI 301L (1.4318), AISI 201 (1.4372), AISI 304 (1.4301), AISI 304L (1.4307), AISI 321 (1.4541), AISI 316 (1.4401), AISI 316L (1.4404) , AISI 316Ti (1.4571), AISI (1.4539) 904L, AISI 309 (1.4828), AISI 309S (1.4833), AISI 310\/310S (1.4845)<br>\n<b>Duplex:<\/b> SAF 2205 (1.4462)<\/p>\t\t<\/div>\n\n\t\t\t\t<\/div>\n\t\t\t\t<\/div>\n\t\t\t\t<div class=\"elementor-element elementor-element-417975f elementor-widget elementor-widget-ld_button\" data-id=\"417975f\" data-element_type=\"widget\" data-widget_type=\"ld_button.default\">\n\t\t\t\t<div class=\"elementor-widget-container\">\n\t\t\t\n\t\t<a  href=\"https:\/\/poyrazpaslanmaz.com\/TUR\/paslanmaz-celik-sac\/\" class=\"elementor-button btn btn-naked btn-icon-right btn-has-label\" target=\"_blank\" rel=\"nofollow\" >\n\t\t\t\t\t\t\t<span class=\"btn-txt\"  data-text=\"Daha Fazla Bilgi \" >Daha Fazla Bilgi <\/span>\n\t\t\t\t\t\t\t\t\t\t\t<span class=\"btn-icon\">\n\t\t\t\t\t\t<svg aria-hidden=\"true\" class=\"e-font-icon-svg e-fas-chevron-right\"><use xlink:href=\"#fas-chevron-right\" \/><\/svg>\t\t\t\t\t<\/span>\n\t\t\t\t\t\t\t<\/a>\n\n\t\t\t\t<\/div>\n\t\t\t\t<\/div>\n\t\t<\/div><div class=\"elementor-element elementor-element-9e39e16 e-container--column e-container\" data-id=\"9e39e16\" data-element_type=\"container\">\t\t\t\t<div class=\"elementor-element elementor-element-6fcdffd elementor-widget__width-auto elementor-widget elementor-widget-hub_fancy_heading\" data-id=\"6fcdffd\" data-element_type=\"widget\" data-widget_type=\"hub_fancy_heading.default\">\n\t\t\t\t<div class=\"elementor-widget-container\">\n\t\t\t\n\t\t<div id=\"ld-fancy-heading-69f4c6f93f6aa\" class=\"ld-fancy-heading\">\n\t\t\t<h6 class=\"ld-fh-element elementor-heading-title lqd-highlight-underline lqd-highlight-grow-left h6\"  > Paslanmaz \u00c7elik \u00dcr\u00fcnler<\/h6>\t\t<\/div>\n\n\t\t\t\t<\/div>\n\t\t\t\t<\/div>\n\t\t\t\t<div class=\"elementor-element elementor-element-38fd67b elementor-widget elementor-widget-hub_fancy_heading\" data-id=\"38fd67b\" data-element_type=\"widget\" data-widget_type=\"hub_fancy_heading.default\">\n\t\t\t\t<div class=\"elementor-widget-container\">\n\t\t\t\n\t\t<div id=\"ld-fancy-heading-69f4c6f93fcc2\" class=\"ld-fancy-heading\">\n\t\t\t<h5 class=\"ld-fh-element elementor-heading-title lqd-highlight-underline lqd-highlight-grow-left h5\"  > Paslanmaz \u00c7elik Uzun Mam\u00fcller<\/h5>\t\t<\/div>\n\n\t\t\t\t<\/div>\n\t\t\t\t<\/div>\n\t\t\t\t<div class=\"elementor-element elementor-element-ffc53b4 elementor-widget elementor-widget-hub_fancy_heading\" data-id=\"ffc53b4\" data-element_type=\"widget\" data-widget_type=\"hub_fancy_heading.default\">\n\t\t\t\t<div class=\"elementor-widget-container\">\n\t\t\t\n\t\t<div id=\"ld-fancy-heading-69f4c6f9402a7\" class=\"ld-fancy-heading\">\n\t\t\t<p class=\"ld-fh-element lqd-highlight-underline lqd-highlight-grow-left p\"  > <b>Ferritik:<\/b>AISI 409 (1.4512), AISI 410S (1.4000), AISI 430 (1.4016), AISI 441 (1.4509), AISI 439 (1.4510)<br>\n<b>Martenzitik:<\/b> AISI 420 (1.4021), AISI 410 (1.4006),<br>\n<b>\u00d6stenitik:<\/b> AISI 301 (1.4310), AISI 301L (1.4318), AISI 201 (1.4372), AISI 304 (1.4301), AISI 304L (1.4307), AISI 321 (1.4541), AISI 316 (1.4401), AISI 316L (1.4404) , AISI 316Ti (1.4571), AISI (1.4539) 904L, AISI 309 (1.4828), AISI 309S (1.4833), AISI 310\/310S (1.4845)<br>\n<b>Duplex:<\/b> SAF 2205 (1.4462)<\/p>\t\t<\/div>\n\n\t\t\t\t<\/div>\n\t\t\t\t<\/div>\n\t\t\t\t<div class=\"elementor-element elementor-element-f5fce43 elementor-widget elementor-widget-ld_button\" data-id=\"f5fce43\" data-element_type=\"widget\" data-widget_type=\"ld_button.default\">\n\t\t\t\t<div class=\"elementor-widget-container\">\n\t\t\t\n\t\t<a  href=\"https:\/\/poyrazpaslanmaz.com\/TUR\/paslanmaz-celik-uzun-mamuller\/\" class=\"elementor-button btn btn-naked btn-icon-right btn-has-label\" target=\"_blank\" rel=\"nofollow\" >\n\t\t\t\t\t\t\t<span class=\"btn-txt\"  data-text=\"Daha Fazla Bilgi \" >Daha Fazla Bilgi <\/span>\n\t\t\t\t\t\t\t\t\t\t\t<span class=\"btn-icon\">\n\t\t\t\t\t\t<svg aria-hidden=\"true\" class=\"e-font-icon-svg e-fas-chevron-right\"><use xlink:href=\"#fas-chevron-right\" \/><\/svg>\t\t\t\t\t<\/span>\n\t\t\t\t\t\t\t<\/a>\n\n\t\t\t\t<\/div>\n\t\t\t\t<\/div>\n\t\t<\/div><\/div>\t\t\t\t<\/div>\n\t\t\t\t\t<\/div>\n\t\t","protected":false},"excerpt":{"rendered":"<p>Paslanmaz \u00c7elik \u00dcr\u00fcnler Paslanmaz \u00c7elik Rulo Ferritik:AISI 409 (1.4512), AISI 410S (1.4000), AISI 430 (1.4016), AISI 441 (1.4509), AISI 439 (1.4510) Martenzitik: AISI 420 (1.4021), AISI 410 (1.4006), \u00d6stenitik: AISI 301 (1.4310), AISI 301L (1.4318), AISI 201 (1.4372), AISI 304 (1.4301), AISI 304L (1.4307), AISI 321 (1.4541), AISI 316 (1.4401), AISI 316L (1.4404) , AISI [&hellip;]<\/p>\n","protected":false},"author":1,"featured_media":0,"parent":0,"menu_order":0,"comment_status":"closed","ping_status":"closed","template":"","meta":{"footnotes":""},"class_list":["post-12048","page","type-page","status-publish","hentry"],"yoast_head":"<!-- This site is optimized with the Yoast SEO Premium plugin v18.1 (Yoast SEO v18.2) - https:\/\/yoast.com\/wordpress\/plugins\/seo\/ -->\n<title>Paslanmaz \u00c7elik Rulo, Sac, \u00c7ubuk, Lama, K\u00f6\u015febent, Alt\u0131k\u00f6\u015fe, Kare, Boru, Profil, Fittings<\/title>\n<meta name=\"robots\" content=\"index, follow, max-snippet:-1, max-image-preview:large, max-video-preview:-1\" \/>\n<link rel=\"canonical\" href=\"https:\/\/poyrazpaslanmaz.com\/TUR\/paslanmaz-celik-urunler\/\" \/>\n<meta property=\"og:locale\" content=\"tr_TR\" \/>\n<meta property=\"og:type\" content=\"article\" \/>\n<meta property=\"og:title\" content=\"Paslanmaz \u00c7elik \u00dcr\u00fcnler\" \/>\n<meta property=\"og:description\" content=\"Paslanmaz \u00c7elik \u00dcr\u00fcnler Paslanmaz \u00c7elik Rulo Ferritik:AISI 409 (1.4512), AISI 410S (1.4000), AISI 430 (1.4016), AISI 441 (1.4509), AISI 439 (1.4510) Martenzitik: AISI 420 (1.4021), AISI 410 (1.4006), \u00d6stenitik: AISI 301 (1.4310), AISI 301L (1.4318), AISI 201 (1.4372), AISI 304 (1.4301), AISI 304L (1.4307), AISI 321 (1.4541), AISI 316 (1.4401), AISI 316L (1.4404) , AISI [&hellip;]\" \/>\n<meta property=\"og:url\" content=\"https:\/\/poyrazpaslanmaz.com\/TUR\/paslanmaz-celik-urunler\/\" \/>\n<meta property=\"og:site_name\" content=\"Poyraz Paslanmaz \u00c7elik Servisi\" \/>\n<meta property=\"article:modified_time\" content=\"2021-12-20T10:25:08+00:00\" \/>\n<meta property=\"og:image\" content=\"http:\/\/poyrazpaslanmaz.com\/TUR\/wp-content\/uploads\/2021\/12\/GS9_8521.jpg\" \/>\n<meta name=\"twitter:card\" content=\"summary_large_image\" \/>\n<meta name=\"twitter:label1\" content=\"Tahmini okuma s\u00fcresi\" \/>\n\t<meta name=\"twitter:data1\" content=\"1 dakika\" \/>\n<script type=\"application\/ld+json\" class=\"yoast-schema-graph\">{\"@context\":\"https:\/\/schema.org\",\"@graph\":[{\"@type\":\"Organization\",\"@id\":\"https:\/\/poyrazpaslanmaz.com\/TUR\/#organization\",\"name\":\"Poyraz Paslanmaz \u00c7elik Servis Merkezi\",\"url\":\"https:\/\/poyrazpaslanmaz.com\/TUR\/\",\"sameAs\":[\"https:\/\/www.linkedin.com\/company\/poyraz-paslanmaz\/\",\"https:\/\/www.youtube.com\/channel\/UCikMTgktvEY2HsKznCs6wNQ\"],\"logo\":{\"@type\":\"ImageObject\",\"@id\":\"https:\/\/poyrazpaslanmaz.com\/TUR\/#logo\",\"inLanguage\":\"tr\",\"url\":\"https:\/\/poyrazpaslanmaz.com\/TUR\/wp-content\/uploads\/2019\/12\/POYRAZ-LOGO.png\",\"contentUrl\":\"https:\/\/poyrazpaslanmaz.com\/TUR\/wp-content\/uploads\/2019\/12\/POYRAZ-LOGO.png\",\"width\":700,\"height\":215,\"caption\":\"Poyraz Paslanmaz \u00c7elik Servis Merkezi\"},\"image\":{\"@id\":\"https:\/\/poyrazpaslanmaz.com\/TUR\/#logo\"}},{\"@type\":\"WebSite\",\"@id\":\"https:\/\/poyrazpaslanmaz.com\/TUR\/#website\",\"url\":\"https:\/\/poyrazpaslanmaz.com\/TUR\/\",\"name\":\"Poyraz Paslanmaz \u00c7elik Servisi\",\"description\":\"Paslanmaz Rulo, Sac, Boru, Profil, \u00c7ubuk, Lama, K\u00f6\u015febent\",\"publisher\":{\"@id\":\"https:\/\/poyrazpaslanmaz.com\/TUR\/#organization\"},\"potentialAction\":[{\"@type\":\"SearchAction\",\"target\":{\"@type\":\"EntryPoint\",\"urlTemplate\":\"https:\/\/poyrazpaslanmaz.com\/TUR\/?s={search_term_string}\"},\"query-input\":\"required name=search_term_string\"}],\"inLanguage\":\"tr\"},{\"@type\":\"ImageObject\",\"@id\":\"https:\/\/poyrazpaslanmaz.com\/TUR\/paslanmaz-celik-urunler\/#primaryimage\",\"inLanguage\":\"tr\",\"url\":\"http:\/\/poyrazpaslanmaz.com\/TUR\/wp-content\/uploads\/2021\/12\/GS9_8521.jpg\",\"contentUrl\":\"http:\/\/poyrazpaslanmaz.com\/TUR\/wp-content\/uploads\/2021\/12\/GS9_8521.jpg\"},{\"@type\":\"WebPage\",\"@id\":\"https:\/\/poyrazpaslanmaz.com\/TUR\/paslanmaz-celik-urunler\/#webpage\",\"url\":\"https:\/\/poyrazpaslanmaz.com\/TUR\/paslanmaz-celik-urunler\/\",\"name\":\"Paslanmaz \u00c7elik Rulo, Sac, \u00c7ubuk, Lama, K\u00f6\u015febent, Alt\u0131k\u00f6\u015fe, Kare, Boru, Profil, Fittings\",\"isPartOf\":{\"@id\":\"https:\/\/poyrazpaslanmaz.com\/TUR\/#website\"},\"primaryImageOfPage\":{\"@id\":\"https:\/\/poyrazpaslanmaz.com\/TUR\/paslanmaz-celik-urunler\/#primaryimage\"},\"datePublished\":\"2021-12-20T10:15:06+00:00\",\"dateModified\":\"2021-12-20T10:25:08+00:00\",\"breadcrumb\":{\"@id\":\"https:\/\/poyrazpaslanmaz.com\/TUR\/paslanmaz-celik-urunler\/#breadcrumb\"},\"inLanguage\":\"tr\",\"potentialAction\":[{\"@type\":\"ReadAction\",\"target\":[\"https:\/\/poyrazpaslanmaz.com\/TUR\/paslanmaz-celik-urunler\/\"]}]},{\"@type\":\"BreadcrumbList\",\"@id\":\"https:\/\/poyrazpaslanmaz.com\/TUR\/paslanmaz-celik-urunler\/#breadcrumb\",\"itemListElement\":[{\"@type\":\"ListItem\",\"position\":1,\"name\":\"Anasayfa\",\"item\":\"https:\/\/poyrazpaslanmaz.com\/TUR\/\"},{\"@type\":\"ListItem\",\"position\":2,\"name\":\"Paslanmaz \u00c7elik \u00dcr\u00fcnler\"}]},{\"@type\":\"TechArticle\",\"@id\":\"https:\/\/poyrazpaslanmaz.com\/TUR\/paslanmaz-celik-urunler\/#article\",\"isPartOf\":{\"@id\":\"https:\/\/poyrazpaslanmaz.com\/TUR\/paslanmaz-celik-urunler\/#webpage\"},\"author\":{\"@id\":\"https:\/\/poyrazpaslanmaz.com\/TUR\/#\/schema\/person\/c779564c9945a08d3334cf8c7064c3a0\"},\"headline\":\"Paslanmaz \u00c7elik \u00dcr\u00fcnler\",\"datePublished\":\"2021-12-20T10:15:06+00:00\",\"dateModified\":\"2021-12-20T10:25:08+00:00\",\"mainEntityOfPage\":{\"@id\":\"https:\/\/poyrazpaslanmaz.com\/TUR\/paslanmaz-celik-urunler\/#webpage\"},\"wordCount\":135,\"publisher\":{\"@id\":\"https:\/\/poyrazpaslanmaz.com\/TUR\/#organization\"},\"image\":{\"@id\":\"https:\/\/poyrazpaslanmaz.com\/TUR\/paslanmaz-celik-urunler\/#primaryimage\"},\"thumbnailUrl\":\"http:\/\/poyrazpaslanmaz.com\/TUR\/wp-content\/uploads\/2021\/12\/GS9_8521.jpg\",\"inLanguage\":\"tr\"},{\"@type\":\"Person\",\"@id\":\"https:\/\/poyrazpaslanmaz.com\/TUR\/#\/schema\/person\/c779564c9945a08d3334cf8c7064c3a0\",\"name\":\"poyraz\",\"image\":{\"@type\":\"ImageObject\",\"@id\":\"https:\/\/poyrazpaslanmaz.com\/TUR\/#personlogo\",\"inLanguage\":\"tr\",\"url\":\"https:\/\/secure.gravatar.com\/avatar\/0e253ed5519749879d717378123245bf?s=96&d=mm&r=g\",\"contentUrl\":\"https:\/\/secure.gravatar.com\/avatar\/0e253ed5519749879d717378123245bf?s=96&d=mm&r=g\",\"caption\":\"poyraz\"},\"sameAs\":[\"http:\/\/poyrazpaslanmaz.com\/TUR\"],\"url\":\"https:\/\/poyrazpaslanmaz.com\/TUR\/author\/poyraz\/\"}]}<\/script>\n<!-- \/ Yoast SEO Premium plugin. -->","yoast_head_json":{"title":"Paslanmaz \u00c7elik Rulo, Sac, \u00c7ubuk, Lama, K\u00f6\u015febent, Alt\u0131k\u00f6\u015fe, Kare, Boru, Profil, Fittings","robots":{"index":"index","follow":"follow","max-snippet":"max-snippet:-1","max-image-preview":"max-image-preview:large","max-video-preview":"max-video-preview:-1"},"canonical":"https:\/\/poyrazpaslanmaz.com\/TUR\/paslanmaz-celik-urunler\/","og_locale":"tr_TR","og_type":"article","og_title":"Paslanmaz \u00c7elik \u00dcr\u00fcnler","og_description":"Paslanmaz \u00c7elik \u00dcr\u00fcnler Paslanmaz \u00c7elik Rulo Ferritik:AISI 409 (1.4512), AISI 410S (1.4000), AISI 430 (1.4016), AISI 441 (1.4509), AISI 439 (1.4510) Martenzitik: AISI 420 (1.4021), AISI 410 (1.4006), \u00d6stenitik: AISI 301 (1.4310), AISI 301L (1.4318), AISI 201 (1.4372), AISI 304 (1.4301), AISI 304L (1.4307), AISI 321 (1.4541), AISI 316 (1.4401), AISI 316L (1.4404) , AISI [&hellip;]","og_url":"https:\/\/poyrazpaslanmaz.com\/TUR\/paslanmaz-celik-urunler\/","og_site_name":"Poyraz Paslanmaz \u00c7elik Servisi","article_modified_time":"2021-12-20T10:25:08+00:00","og_image":[{"url":"http:\/\/poyrazpaslanmaz.com\/TUR\/wp-content\/uploads\/2021\/12\/GS9_8521.jpg"}],"twitter_card":"summary_large_image","twitter_misc":{"Tahmini okuma s\u00fcresi":"1 dakika"},"schema":{"@context":"https:\/\/schema.org","@graph":[{"@type":"Organization","@id":"https:\/\/poyrazpaslanmaz.com\/TUR\/#organization","name":"Poyraz Paslanmaz \u00c7elik Servis Merkezi","url":"https:\/\/poyrazpaslanmaz.com\/TUR\/","sameAs":["https:\/\/www.linkedin.com\/company\/poyraz-paslanmaz\/","https:\/\/www.youtube.com\/channel\/UCikMTgktvEY2HsKznCs6wNQ"],"logo":{"@type":"ImageObject","@id":"https:\/\/poyrazpaslanmaz.com\/TUR\/#logo","inLanguage":"tr","url":"https:\/\/poyrazpaslanmaz.com\/TUR\/wp-content\/uploads\/2019\/12\/POYRAZ-LOGO.png","contentUrl":"https:\/\/poyrazpaslanmaz.com\/TUR\/wp-content\/uploads\/2019\/12\/POYRAZ-LOGO.png","width":700,"height":215,"caption":"Poyraz Paslanmaz \u00c7elik Servis Merkezi"},"image":{"@id":"https:\/\/poyrazpaslanmaz.com\/TUR\/#logo"}},{"@type":"WebSite","@id":"https:\/\/poyrazpaslanmaz.com\/TUR\/#website","url":"https:\/\/poyrazpaslanmaz.com\/TUR\/","name":"Poyraz Paslanmaz \u00c7elik Servisi","description":"Paslanmaz Rulo, Sac, Boru, Profil, \u00c7ubuk, Lama, K\u00f6\u015febent","publisher":{"@id":"https:\/\/poyrazpaslanmaz.com\/TUR\/#organization"},"potentialAction":[{"@type":"SearchAction","target":{"@type":"EntryPoint","urlTemplate":"https:\/\/poyrazpaslanmaz.com\/TUR\/?s={search_term_string}"},"query-input":"required name=search_term_string"}],"inLanguage":"tr"},{"@type":"ImageObject","@id":"https:\/\/poyrazpaslanmaz.com\/TUR\/paslanmaz-celik-urunler\/#primaryimage","inLanguage":"tr","url":"http:\/\/poyrazpaslanmaz.com\/TUR\/wp-content\/uploads\/2021\/12\/GS9_8521.jpg","contentUrl":"http:\/\/poyrazpaslanmaz.com\/TUR\/wp-content\/uploads\/2021\/12\/GS9_8521.jpg"},{"@type":"WebPage","@id":"https:\/\/poyrazpaslanmaz.com\/TUR\/paslanmaz-celik-urunler\/#webpage","url":"https:\/\/poyrazpaslanmaz.com\/TUR\/paslanmaz-celik-urunler\/","name":"Paslanmaz \u00c7elik Rulo, Sac, \u00c7ubuk, Lama, K\u00f6\u015febent, Alt\u0131k\u00f6\u015fe, Kare, Boru, Profil, Fittings","isPartOf":{"@id":"https:\/\/poyrazpaslanmaz.com\/TUR\/#website"},"primaryImageOfPage":{"@id":"https:\/\/poyrazpaslanmaz.com\/TUR\/paslanmaz-celik-urunler\/#primaryimage"},"datePublished":"2021-12-20T10:15:06+00:00","dateModified":"2021-12-20T10:25:08+00:00","breadcrumb":{"@id":"https:\/\/poyrazpaslanmaz.com\/TUR\/paslanmaz-celik-urunler\/#breadcrumb"},"inLanguage":"tr","potentialAction":[{"@type":"ReadAction","target":["https:\/\/poyrazpaslanmaz.com\/TUR\/paslanmaz-celik-urunler\/"]}]},{"@type":"BreadcrumbList","@id":"https:\/\/poyrazpaslanmaz.com\/TUR\/paslanmaz-celik-urunler\/#breadcrumb","itemListElement":[{"@type":"ListItem","position":1,"name":"Anasayfa","item":"https:\/\/poyrazpaslanmaz.com\/TUR\/"},{"@type":"ListItem","position":2,"name":"Paslanmaz \u00c7elik \u00dcr\u00fcnler"}]},{"@type":"TechArticle","@id":"https:\/\/poyrazpaslanmaz.com\/TUR\/paslanmaz-celik-urunler\/#article","isPartOf":{"@id":"https:\/\/poyrazpaslanmaz.com\/TUR\/paslanmaz-celik-urunler\/#webpage"},"author":{"@id":"https:\/\/poyrazpaslanmaz.com\/TUR\/#\/schema\/person\/c779564c9945a08d3334cf8c7064c3a0"},"headline":"Paslanmaz \u00c7elik \u00dcr\u00fcnler","datePublished":"2021-12-20T10:15:06+00:00","dateModified":"2021-12-20T10:25:08+00:00","mainEntityOfPage":{"@id":"https:\/\/poyrazpaslanmaz.com\/TUR\/paslanmaz-celik-urunler\/#webpage"},"wordCount":135,"publisher":{"@id":"https:\/\/poyrazpaslanmaz.com\/TUR\/#organization"},"image":{"@id":"https:\/\/poyrazpaslanmaz.com\/TUR\/paslanmaz-celik-urunler\/#primaryimage"},"thumbnailUrl":"http:\/\/poyrazpaslanmaz.com\/TUR\/wp-content\/uploads\/2021\/12\/GS9_8521.jpg","inLanguage":"tr"},{"@type":"Person","@id":"https:\/\/poyrazpaslanmaz.com\/TUR\/#\/schema\/person\/c779564c9945a08d3334cf8c7064c3a0","name":"poyraz","image":{"@type":"ImageObject","@id":"https:\/\/poyrazpaslanmaz.com\/TUR\/#personlogo","inLanguage":"tr","url":"https:\/\/secure.gravatar.com\/avatar\/0e253ed5519749879d717378123245bf?s=96&d=mm&r=g","contentUrl":"https:\/\/secure.gravatar.com\/avatar\/0e253ed5519749879d717378123245bf?s=96&d=mm&r=g","caption":"poyraz"},"sameAs":["http:\/\/poyrazpaslanmaz.com\/TUR"],"url":"https:\/\/poyrazpaslanmaz.com\/TUR\/author\/poyraz\/"}]}},"_links":{"self":[{"href":"https:\/\/poyrazpaslanmaz.com\/TUR\/wp-json\/wp\/v2\/pages\/12048","targetHints":{"allow":["GET"]}}],"collection":[{"href":"https:\/\/poyrazpaslanmaz.com\/TUR\/wp-json\/wp\/v2\/pages"}],"about":[{"href":"https:\/\/poyrazpaslanmaz.com\/TUR\/wp-json\/wp\/v2\/types\/page"}],"author":[{"embeddable":true,"href":"https:\/\/poyrazpaslanmaz.com\/TUR\/wp-json\/wp\/v2\/users\/1"}],"replies":[{"embeddable":true,"href":"https:\/\/poyrazpaslanmaz.com\/TUR\/wp-json\/wp\/v2\/comments?post=12048"}],"version-history":[{"count":0,"href":"https:\/\/poyrazpaslanmaz.com\/TUR\/wp-json\/wp\/v2\/pages\/12048\/revisions"}],"wp:attachment":[{"href":"https:\/\/poyrazpaslanmaz.com\/TUR\/wp-json\/wp\/v2\/media?parent=12048"}],"curies":[{"name":"wp","href":"https:\/\/api.w.org\/{rel}","templated":true}]}}