{"id":12390,"date":"2021-12-25T12:40:34","date_gmt":"2021-12-25T09:40:34","guid":{"rendered":"https:\/\/poyrazpaslanmaz.com\/TUR\/?page_id=12390"},"modified":"2021-12-25T12:46:29","modified_gmt":"2021-12-25T09:46:29","slug":"misyon-vizyon-degerler","status":"publish","type":"page","link":"https:\/\/poyrazpaslanmaz.com\/TUR\/misyon-vizyon-degerler\/","title":{"rendered":"Misyon, Vizyon &#038; De\u011ferler"},"content":{"rendered":"\t\t<div data-elementor-type=\"wp-page\" data-elementor-id=\"12390\" class=\"elementor elementor-12390\" data-elementor-settings=\"[]\">\n\t\t\t\t\t\t\t<div class=\"elementor-section-wrap\">\n\t\t\t\t\t\t\t<section class=\"elementor-section elementor-top-section elementor-element elementor-element-e667259 elementor-section-boxed elementor-section-height-default elementor-section-height-default\" data-id=\"e667259\" data-element_type=\"section\">\n\t\t\t\t\t\t<div class=\"elementor-container elementor-column-gap-default\">\n\t\t\t\t\t<div class=\"elementor-column elementor-col-100 elementor-top-column elementor-element elementor-element-9eb7756\" data-id=\"9eb7756\" data-element_type=\"column\">\n\t\t\t<div class=\"elementor-widget-wrap elementor-element-populated\">\n\t\t\t\t\t\t\t\t<div class=\"elementor-element elementor-element-4af5dd4 elementor-widget elementor-widget-hub_fancy_heading\" data-id=\"4af5dd4\" data-element_type=\"widget\" data-widget_type=\"hub_fancy_heading.default\">\n\t\t\t\t<div class=\"elementor-widget-container\">\n\t\t\t\n\t\t<div id=\"ld-fancy-heading-69f9ce9f79a06\" class=\"ld-fancy-heading\">\n\t\t\t<h5 class=\"ld-fh-element elementor-heading-title lqd-highlight-underline lqd-highlight-grow-left h5\"  > Misyonumuz<\/h5>\t\t<\/div>\n\n\t\t\t\t<\/div>\n\t\t\t\t<\/div>\n\t\t\t\t<div class=\"elementor-element elementor-element-da8abcb elementor-widget elementor-widget-hub_fancy_heading\" data-id=\"da8abcb\" data-element_type=\"widget\" data-widget_type=\"hub_fancy_heading.default\">\n\t\t\t\t<div class=\"elementor-widget-container\">\n\t\t\t\n\t\t<div id=\"ld-fancy-heading-69f9ce9f7a432\" class=\"ld-fancy-heading\">\n\t\t\t<span class=\"ld-fh-element lqd-highlight-underline lqd-highlight-grow-left span\"  > Kaliteli hizmet anlay\u0131\u015f\u0131 ve zaman\u0131nda teslimat felsefesiyle hareket edip; geni\u015f \u00fcr\u00fcn yelpazesiyle m\u00fc\u015fterilerinin taleplerini en \u00fcst seviyede kar\u015f\u0131lamakt\u0131r. <br>Hem m\u00fc\u015fterilerine hem de \u00fclke ekonomisine de\u011fer katarak, ekonomik kalk\u0131nma sa\u011flamakt\u0131r.<\/span>\t\t<\/div>\n\n\t\t\t\t<\/div>\n\t\t\t\t<\/div>\n\t\t\t\t\t<\/div>\n\t\t<\/div>\n\t\t\t\t\t\t\t<\/div>\n\t\t<\/section>\n\t\t\t\t<section class=\"elementor-section elementor-top-section elementor-element elementor-element-f36dd19 elementor-section-boxed elementor-section-height-default elementor-section-height-default\" data-id=\"f36dd19\" data-element_type=\"section\">\n\t\t\t\t\t\t<div class=\"elementor-container elementor-column-gap-default\">\n\t\t\t\t\t<div class=\"elementor-column elementor-col-100 elementor-top-column elementor-element elementor-element-b4d56e1\" data-id=\"b4d56e1\" data-element_type=\"column\">\n\t\t\t<div class=\"elementor-widget-wrap elementor-element-populated\">\n\t\t\t\t\t\t\t\t<div class=\"elementor-element elementor-element-5570329 elementor-widget elementor-widget-hub_fancy_heading\" data-id=\"5570329\" data-element_type=\"widget\" data-widget_type=\"hub_fancy_heading.default\">\n\t\t\t\t<div class=\"elementor-widget-container\">\n\t\t\t\n\t\t<div id=\"ld-fancy-heading-69f9ce9f7b442\" class=\"ld-fancy-heading\">\n\t\t\t<h5 class=\"ld-fh-element elementor-heading-title lqd-highlight-underline lqd-highlight-grow-left h5\"  > Vizyonumuz<\/h5>\t\t<\/div>\n\n\t\t\t\t<\/div>\n\t\t\t\t<\/div>\n\t\t\t\t<div class=\"elementor-element elementor-element-a82494a elementor-widget elementor-widget-hub_fancy_heading\" data-id=\"a82494a\" data-element_type=\"widget\" data-widget_type=\"hub_fancy_heading.default\">\n\t\t\t\t<div class=\"elementor-widget-container\">\n\t\t\t\n\t\t<div id=\"ld-fancy-heading-69f9ce9f7ba7d\" class=\"ld-fancy-heading\">\n\t\t\t<span class=\"ld-fh-element lqd-highlight-underline lqd-highlight-grow-left span\"  > D\u00fcnya genelinde hizmet veren; metal servis firmalar\u0131 aras\u0131nda en yenilik\u00e7i; en rekabet\u00e7i ve en sayg\u0131n firmalardan birisi olmakt\u0131r.<\/span>\t\t<\/div>\n\n\t\t\t\t<\/div>\n\t\t\t\t<\/div>\n\t\t\t\t\t<\/div>\n\t\t<\/div>\n\t\t\t\t\t\t\t<\/div>\n\t\t<\/section>\n\t\t\t\t<section class=\"elementor-section elementor-top-section elementor-element elementor-element-7daf1ff elementor-section-boxed elementor-section-height-default elementor-section-height-default\" data-id=\"7daf1ff\" data-element_type=\"section\">\n\t\t\t\t\t\t<div class=\"elementor-container elementor-column-gap-default\">\n\t\t\t\t\t<div class=\"elementor-column elementor-col-100 elementor-top-column elementor-element elementor-element-196bb07\" data-id=\"196bb07\" data-element_type=\"column\">\n\t\t\t<div class=\"elementor-widget-wrap elementor-element-populated\">\n\t\t\t\t\t\t\t\t<div class=\"elementor-element elementor-element-c928b95 elementor-widget elementor-widget-hub_fancy_heading\" data-id=\"c928b95\" data-element_type=\"widget\" data-widget_type=\"hub_fancy_heading.default\">\n\t\t\t\t<div class=\"elementor-widget-container\">\n\t\t\t\n\t\t<div id=\"ld-fancy-heading-69f9ce9f7c9e9\" class=\"ld-fancy-heading\">\n\t\t\t<h5 class=\"ld-fh-element elementor-heading-title lqd-highlight-underline lqd-highlight-grow-left h5\"  > De\u011ferlerimiz<\/h5>\t\t<\/div>\n\n\t\t\t\t<\/div>\n\t\t\t\t<\/div>\n\t\t\t\t<div class=\"elementor-element elementor-element-0e7563b elementor-widget elementor-widget-hub_fancy_heading\" data-id=\"0e7563b\" data-element_type=\"widget\" data-widget_type=\"hub_fancy_heading.default\">\n\t\t\t\t<div class=\"elementor-widget-container\">\n\t\t\t\n\t\t<div id=\"ld-fancy-heading-69f9ce9f7d010\" class=\"ld-fancy-heading\">\n\t\t\t<span class=\"ld-fh-element lqd-highlight-underline lqd-highlight-grow-left span\"  > <b>A\u00e7\u0131kl\u0131k; G\u00fcven ve Adalet<\/b><br>\nMeslekta\u015flar\u0131m\u0131z ve i\u015f ortaklar\u0131m\u0131z ile ili\u015fkilerimizi adil bir \u015fekilde kuruyor ve bu adaleti kurumsal ba\u015far\u0131m\u0131z\u0131n temel ta\u015f\u0131 olarak g\u00f6r\u00fcyoruz.\n<br>\n<b>Sorumluluk ve S\u00fcrd\u00fcr\u00fclebilirlik <\/b><br>\nEylemlerimizin sosyal ve ekolojik etkisini dikkate alarak ; \u015firketimizin \n\u00e7\u0131karlar\u0131n\u0131 do\u011frultusunda sorumlu hareket ediyoruz.<br>\n\n<b>G\u00fcvenilirlik ve \u0130tibar<\/b>\n<br>Sadece sunabilece\u011fimiz \u015feyleri vaat ediyoruz ve t\u00fcm ticari ili\u015fkilerimizde yasalara sayg\u0131 duyuyor ve riayet ediyoruz .\n\n<\/span>\t\t<\/div>\n\n\t\t\t\t<\/div>\n\t\t\t\t<\/div>\n\t\t\t\t\t<\/div>\n\t\t<\/div>\n\t\t\t\t\t\t\t<\/div>\n\t\t<\/section>\n\t\t\t\t\t\t<\/div>\n\t\t\t\t\t<\/div>\n\t\t","protected":false},"excerpt":{"rendered":"<p>Misyonumuz Kaliteli hizmet anlay\u0131\u015f\u0131 ve zaman\u0131nda teslimat felsefesiyle hareket edip; geni\u015f \u00fcr\u00fcn yelpazesiyle m\u00fc\u015fterilerinin taleplerini en \u00fcst seviyede kar\u015f\u0131lamakt\u0131r. Hem m\u00fc\u015fterilerine hem de \u00fclke ekonomisine de\u011fer katarak, ekonomik kalk\u0131nma sa\u011flamakt\u0131r. Vizyonumuz D\u00fcnya genelinde hizmet veren; metal servis firmalar\u0131 aras\u0131nda en yenilik\u00e7i; en rekabet\u00e7i ve en sayg\u0131n firmalardan birisi olmakt\u0131r. De\u011ferlerimiz A\u00e7\u0131kl\u0131k; G\u00fcven ve Adalet Meslekta\u015flar\u0131m\u0131z [&hellip;]<\/p>\n","protected":false},"author":1,"featured_media":0,"parent":0,"menu_order":0,"comment_status":"closed","ping_status":"closed","template":"","meta":{"footnotes":""},"class_list":["post-12390","page","type-page","status-publish","hentry"],"yoast_head":"<!-- This site is optimized with the Yoast SEO Premium plugin v18.1 (Yoast SEO v18.2) - https:\/\/yoast.com\/wordpress\/plugins\/seo\/ -->\n<title>Misyon, Vizyon &amp; De\u011ferler - Poyraz Paslanmaz \u00c7elik Servisi<\/title>\n<meta name=\"robots\" content=\"index, follow, max-snippet:-1, max-image-preview:large, max-video-preview:-1\" \/>\n<link rel=\"canonical\" href=\"https:\/\/poyrazpaslanmaz.com\/TUR\/misyon-vizyon-degerler\/\" \/>\n<meta property=\"og:locale\" content=\"tr_TR\" \/>\n<meta property=\"og:type\" content=\"article\" \/>\n<meta property=\"og:title\" content=\"Misyon, Vizyon &amp; De\u011ferler\" \/>\n<meta property=\"og:description\" content=\"Misyonumuz Kaliteli hizmet anlay\u0131\u015f\u0131 ve zaman\u0131nda teslimat felsefesiyle hareket edip; geni\u015f \u00fcr\u00fcn yelpazesiyle m\u00fc\u015fterilerinin taleplerini en \u00fcst seviyede kar\u015f\u0131lamakt\u0131r. Hem m\u00fc\u015fterilerine hem de \u00fclke ekonomisine de\u011fer katarak, ekonomik kalk\u0131nma sa\u011flamakt\u0131r. Vizyonumuz D\u00fcnya genelinde hizmet veren; metal servis firmalar\u0131 aras\u0131nda en yenilik\u00e7i; en rekabet\u00e7i ve en sayg\u0131n firmalardan birisi olmakt\u0131r. De\u011ferlerimiz A\u00e7\u0131kl\u0131k; G\u00fcven ve Adalet Meslekta\u015flar\u0131m\u0131z [&hellip;]\" \/>\n<meta property=\"og:url\" content=\"https:\/\/poyrazpaslanmaz.com\/TUR\/misyon-vizyon-degerler\/\" \/>\n<meta property=\"og:site_name\" content=\"Poyraz Paslanmaz \u00c7elik Servisi\" \/>\n<meta property=\"article:modified_time\" content=\"2021-12-25T09:46:29+00:00\" \/>\n<meta name=\"twitter:card\" content=\"summary_large_image\" \/>\n<meta name=\"twitter:label1\" content=\"Tahmini okuma s\u00fcresi\" \/>\n\t<meta name=\"twitter:data1\" content=\"1 dakika\" \/>\n<script type=\"application\/ld+json\" class=\"yoast-schema-graph\">{\"@context\":\"https:\/\/schema.org\",\"@graph\":[{\"@type\":\"Organization\",\"@id\":\"https:\/\/poyrazpaslanmaz.com\/TUR\/#organization\",\"name\":\"Poyraz Paslanmaz \u00c7elik Servis Merkezi\",\"url\":\"https:\/\/poyrazpaslanmaz.com\/TUR\/\",\"sameAs\":[\"https:\/\/www.linkedin.com\/company\/poyraz-paslanmaz\/\",\"https:\/\/www.youtube.com\/channel\/UCikMTgktvEY2HsKznCs6wNQ\"],\"logo\":{\"@type\":\"ImageObject\",\"@id\":\"https:\/\/poyrazpaslanmaz.com\/TUR\/#logo\",\"inLanguage\":\"tr\",\"url\":\"https:\/\/poyrazpaslanmaz.com\/TUR\/wp-content\/uploads\/2019\/12\/POYRAZ-LOGO.png\",\"contentUrl\":\"https:\/\/poyrazpaslanmaz.com\/TUR\/wp-content\/uploads\/2019\/12\/POYRAZ-LOGO.png\",\"width\":700,\"height\":215,\"caption\":\"Poyraz Paslanmaz \u00c7elik Servis Merkezi\"},\"image\":{\"@id\":\"https:\/\/poyrazpaslanmaz.com\/TUR\/#logo\"}},{\"@type\":\"WebSite\",\"@id\":\"https:\/\/poyrazpaslanmaz.com\/TUR\/#website\",\"url\":\"https:\/\/poyrazpaslanmaz.com\/TUR\/\",\"name\":\"Poyraz Paslanmaz \u00c7elik Servisi\",\"description\":\"Paslanmaz Rulo, Sac, Boru, Profil, \u00c7ubuk, Lama, K\u00f6\u015febent\",\"publisher\":{\"@id\":\"https:\/\/poyrazpaslanmaz.com\/TUR\/#organization\"},\"potentialAction\":[{\"@type\":\"SearchAction\",\"target\":{\"@type\":\"EntryPoint\",\"urlTemplate\":\"https:\/\/poyrazpaslanmaz.com\/TUR\/?s={search_term_string}\"},\"query-input\":\"required name=search_term_string\"}],\"inLanguage\":\"tr\"},{\"@type\":\"WebPage\",\"@id\":\"https:\/\/poyrazpaslanmaz.com\/TUR\/misyon-vizyon-degerler\/#webpage\",\"url\":\"https:\/\/poyrazpaslanmaz.com\/TUR\/misyon-vizyon-degerler\/\",\"name\":\"Misyon, Vizyon & De\u011ferler - Poyraz Paslanmaz \u00c7elik Servisi\",\"isPartOf\":{\"@id\":\"https:\/\/poyrazpaslanmaz.com\/TUR\/#website\"},\"datePublished\":\"2021-12-25T09:40:34+00:00\",\"dateModified\":\"2021-12-25T09:46:29+00:00\",\"breadcrumb\":{\"@id\":\"https:\/\/poyrazpaslanmaz.com\/TUR\/misyon-vizyon-degerler\/#breadcrumb\"},\"inLanguage\":\"tr\",\"potentialAction\":[{\"@type\":\"ReadAction\",\"target\":[\"https:\/\/poyrazpaslanmaz.com\/TUR\/misyon-vizyon-degerler\/\"]}]},{\"@type\":\"BreadcrumbList\",\"@id\":\"https:\/\/poyrazpaslanmaz.com\/TUR\/misyon-vizyon-degerler\/#breadcrumb\",\"itemListElement\":[{\"@type\":\"ListItem\",\"position\":1,\"name\":\"Anasayfa\",\"item\":\"https:\/\/poyrazpaslanmaz.com\/TUR\/\"},{\"@type\":\"ListItem\",\"position\":2,\"name\":\"Misyon, Vizyon &#038; De\u011ferler\"}]},{\"@type\":\"TechArticle\",\"@id\":\"https:\/\/poyrazpaslanmaz.com\/TUR\/misyon-vizyon-degerler\/#article\",\"isPartOf\":{\"@id\":\"https:\/\/poyrazpaslanmaz.com\/TUR\/misyon-vizyon-degerler\/#webpage\"},\"author\":{\"@id\":\"https:\/\/poyrazpaslanmaz.com\/TUR\/#\/schema\/person\/c779564c9945a08d3334cf8c7064c3a0\"},\"headline\":\"Misyon, Vizyon &#038; De\u011ferler\",\"datePublished\":\"2021-12-25T09:40:34+00:00\",\"dateModified\":\"2021-12-25T09:46:29+00:00\",\"mainEntityOfPage\":{\"@id\":\"https:\/\/poyrazpaslanmaz.com\/TUR\/misyon-vizyon-degerler\/#webpage\"},\"wordCount\":152,\"publisher\":{\"@id\":\"https:\/\/poyrazpaslanmaz.com\/TUR\/#organization\"},\"inLanguage\":\"tr\"},{\"@type\":\"Person\",\"@id\":\"https:\/\/poyrazpaslanmaz.com\/TUR\/#\/schema\/person\/c779564c9945a08d3334cf8c7064c3a0\",\"name\":\"poyraz\",\"image\":{\"@type\":\"ImageObject\",\"@id\":\"https:\/\/poyrazpaslanmaz.com\/TUR\/#personlogo\",\"inLanguage\":\"tr\",\"url\":\"https:\/\/secure.gravatar.com\/avatar\/0e253ed5519749879d717378123245bf?s=96&d=mm&r=g\",\"contentUrl\":\"https:\/\/secure.gravatar.com\/avatar\/0e253ed5519749879d717378123245bf?s=96&d=mm&r=g\",\"caption\":\"poyraz\"},\"sameAs\":[\"http:\/\/poyrazpaslanmaz.com\/TUR\"],\"url\":\"https:\/\/poyrazpaslanmaz.com\/TUR\/author\/poyraz\/\"}]}<\/script>\n<!-- \/ Yoast SEO Premium plugin. -->","yoast_head_json":{"title":"Misyon, Vizyon & De\u011ferler - Poyraz Paslanmaz \u00c7elik Servisi","robots":{"index":"index","follow":"follow","max-snippet":"max-snippet:-1","max-image-preview":"max-image-preview:large","max-video-preview":"max-video-preview:-1"},"canonical":"https:\/\/poyrazpaslanmaz.com\/TUR\/misyon-vizyon-degerler\/","og_locale":"tr_TR","og_type":"article","og_title":"Misyon, Vizyon & De\u011ferler","og_description":"Misyonumuz Kaliteli hizmet anlay\u0131\u015f\u0131 ve zaman\u0131nda teslimat felsefesiyle hareket edip; geni\u015f \u00fcr\u00fcn yelpazesiyle m\u00fc\u015fterilerinin taleplerini en \u00fcst seviyede kar\u015f\u0131lamakt\u0131r. Hem m\u00fc\u015fterilerine hem de \u00fclke ekonomisine de\u011fer katarak, ekonomik kalk\u0131nma sa\u011flamakt\u0131r. Vizyonumuz D\u00fcnya genelinde hizmet veren; metal servis firmalar\u0131 aras\u0131nda en yenilik\u00e7i; en rekabet\u00e7i ve en sayg\u0131n firmalardan birisi olmakt\u0131r. De\u011ferlerimiz A\u00e7\u0131kl\u0131k; G\u00fcven ve Adalet Meslekta\u015flar\u0131m\u0131z [&hellip;]","og_url":"https:\/\/poyrazpaslanmaz.com\/TUR\/misyon-vizyon-degerler\/","og_site_name":"Poyraz Paslanmaz \u00c7elik Servisi","article_modified_time":"2021-12-25T09:46:29+00:00","twitter_card":"summary_large_image","twitter_misc":{"Tahmini okuma s\u00fcresi":"1 dakika"},"schema":{"@context":"https:\/\/schema.org","@graph":[{"@type":"Organization","@id":"https:\/\/poyrazpaslanmaz.com\/TUR\/#organization","name":"Poyraz Paslanmaz \u00c7elik Servis Merkezi","url":"https:\/\/poyrazpaslanmaz.com\/TUR\/","sameAs":["https:\/\/www.linkedin.com\/company\/poyraz-paslanmaz\/","https:\/\/www.youtube.com\/channel\/UCikMTgktvEY2HsKznCs6wNQ"],"logo":{"@type":"ImageObject","@id":"https:\/\/poyrazpaslanmaz.com\/TUR\/#logo","inLanguage":"tr","url":"https:\/\/poyrazpaslanmaz.com\/TUR\/wp-content\/uploads\/2019\/12\/POYRAZ-LOGO.png","contentUrl":"https:\/\/poyrazpaslanmaz.com\/TUR\/wp-content\/uploads\/2019\/12\/POYRAZ-LOGO.png","width":700,"height":215,"caption":"Poyraz Paslanmaz \u00c7elik Servis Merkezi"},"image":{"@id":"https:\/\/poyrazpaslanmaz.com\/TUR\/#logo"}},{"@type":"WebSite","@id":"https:\/\/poyrazpaslanmaz.com\/TUR\/#website","url":"https:\/\/poyrazpaslanmaz.com\/TUR\/","name":"Poyraz Paslanmaz \u00c7elik Servisi","description":"Paslanmaz Rulo, Sac, Boru, Profil, \u00c7ubuk, Lama, K\u00f6\u015febent","publisher":{"@id":"https:\/\/poyrazpaslanmaz.com\/TUR\/#organization"},"potentialAction":[{"@type":"SearchAction","target":{"@type":"EntryPoint","urlTemplate":"https:\/\/poyrazpaslanmaz.com\/TUR\/?s={search_term_string}"},"query-input":"required name=search_term_string"}],"inLanguage":"tr"},{"@type":"WebPage","@id":"https:\/\/poyrazpaslanmaz.com\/TUR\/misyon-vizyon-degerler\/#webpage","url":"https:\/\/poyrazpaslanmaz.com\/TUR\/misyon-vizyon-degerler\/","name":"Misyon, Vizyon & De\u011ferler - Poyraz Paslanmaz \u00c7elik Servisi","isPartOf":{"@id":"https:\/\/poyrazpaslanmaz.com\/TUR\/#website"},"datePublished":"2021-12-25T09:40:34+00:00","dateModified":"2021-12-25T09:46:29+00:00","breadcrumb":{"@id":"https:\/\/poyrazpaslanmaz.com\/TUR\/misyon-vizyon-degerler\/#breadcrumb"},"inLanguage":"tr","potentialAction":[{"@type":"ReadAction","target":["https:\/\/poyrazpaslanmaz.com\/TUR\/misyon-vizyon-degerler\/"]}]},{"@type":"BreadcrumbList","@id":"https:\/\/poyrazpaslanmaz.com\/TUR\/misyon-vizyon-degerler\/#breadcrumb","itemListElement":[{"@type":"ListItem","position":1,"name":"Anasayfa","item":"https:\/\/poyrazpaslanmaz.com\/TUR\/"},{"@type":"ListItem","position":2,"name":"Misyon, Vizyon &#038; De\u011ferler"}]},{"@type":"TechArticle","@id":"https:\/\/poyrazpaslanmaz.com\/TUR\/misyon-vizyon-degerler\/#article","isPartOf":{"@id":"https:\/\/poyrazpaslanmaz.com\/TUR\/misyon-vizyon-degerler\/#webpage"},"author":{"@id":"https:\/\/poyrazpaslanmaz.com\/TUR\/#\/schema\/person\/c779564c9945a08d3334cf8c7064c3a0"},"headline":"Misyon, Vizyon &#038; De\u011ferler","datePublished":"2021-12-25T09:40:34+00:00","dateModified":"2021-12-25T09:46:29+00:00","mainEntityOfPage":{"@id":"https:\/\/poyrazpaslanmaz.com\/TUR\/misyon-vizyon-degerler\/#webpage"},"wordCount":152,"publisher":{"@id":"https:\/\/poyrazpaslanmaz.com\/TUR\/#organization"},"inLanguage":"tr"},{"@type":"Person","@id":"https:\/\/poyrazpaslanmaz.com\/TUR\/#\/schema\/person\/c779564c9945a08d3334cf8c7064c3a0","name":"poyraz","image":{"@type":"ImageObject","@id":"https:\/\/poyrazpaslanmaz.com\/TUR\/#personlogo","inLanguage":"tr","url":"https:\/\/secure.gravatar.com\/avatar\/0e253ed5519749879d717378123245bf?s=96&d=mm&r=g","contentUrl":"https:\/\/secure.gravatar.com\/avatar\/0e253ed5519749879d717378123245bf?s=96&d=mm&r=g","caption":"poyraz"},"sameAs":["http:\/\/poyrazpaslanmaz.com\/TUR"],"url":"https:\/\/poyrazpaslanmaz.com\/TUR\/author\/poyraz\/"}]}},"_links":{"self":[{"href":"https:\/\/poyrazpaslanmaz.com\/TUR\/wp-json\/wp\/v2\/pages\/12390","targetHints":{"allow":["GET"]}}],"collection":[{"href":"https:\/\/poyrazpaslanmaz.com\/TUR\/wp-json\/wp\/v2\/pages"}],"about":[{"href":"https:\/\/poyrazpaslanmaz.com\/TUR\/wp-json\/wp\/v2\/types\/page"}],"author":[{"embeddable":true,"href":"https:\/\/poyrazpaslanmaz.com\/TUR\/wp-json\/wp\/v2\/users\/1"}],"replies":[{"embeddable":true,"href":"https:\/\/poyrazpaslanmaz.com\/TUR\/wp-json\/wp\/v2\/comments?post=12390"}],"version-history":[{"count":0,"href":"https:\/\/poyrazpaslanmaz.com\/TUR\/wp-json\/wp\/v2\/pages\/12390\/revisions"}],"wp:attachment":[{"href":"https:\/\/poyrazpaslanmaz.com\/TUR\/wp-json\/wp\/v2\/media?parent=12390"}],"curies":[{"name":"wp","href":"https:\/\/api.w.org\/{rel}","templated":true}]}}