{"id":12398,"date":"2021-12-25T12:49:24","date_gmt":"2021-12-25T09:49:24","guid":{"rendered":"https:\/\/poyrazpaslanmaz.com\/TUR\/?page_id=12398"},"modified":"2021-12-25T12:50:29","modified_gmt":"2021-12-25T09:50:29","slug":"cevre-politikalari","status":"publish","type":"page","link":"https:\/\/poyrazpaslanmaz.com\/TUR\/cevre-politikalari\/","title":{"rendered":"\u00c7evre Politikalar\u0131"},"content":{"rendered":"\t\t<div data-elementor-type=\"wp-page\" data-elementor-id=\"12398\" class=\"elementor elementor-12398\" data-elementor-settings=\"[]\">\n\t\t\t\t\t\t\t<div class=\"elementor-section-wrap\">\n\t\t\t\t\t\t\t<section class=\"elementor-section elementor-top-section elementor-element elementor-element-36a31ef elementor-section-boxed elementor-section-height-default elementor-section-height-default\" data-id=\"36a31ef\" data-element_type=\"section\">\n\t\t\t\t\t\t<div class=\"elementor-container elementor-column-gap-default\">\n\t\t\t\t\t<div class=\"elementor-column elementor-col-100 elementor-top-column elementor-element elementor-element-3e3950e\" data-id=\"3e3950e\" data-element_type=\"column\">\n\t\t\t<div class=\"elementor-widget-wrap elementor-element-populated\">\n\t\t\t\t\t\t\t\t<div class=\"elementor-element elementor-element-e94ed90 elementor-widget elementor-widget-hub_fancy_heading\" data-id=\"e94ed90\" data-element_type=\"widget\" data-widget_type=\"hub_fancy_heading.default\">\n\t\t\t\t<div class=\"elementor-widget-container\">\n\t\t\t\n\t\t<div id=\"ld-fancy-heading-69dcc99c32e21\" class=\"ld-fancy-heading\">\n\t\t\t<h5 class=\"ld-fh-element elementor-heading-title lqd-highlight-underline lqd-highlight-grow-left h5\"  > \u00c7evre Politikalar\u0131m\u0131z<\/h5>\t\t<\/div>\n\n\t\t\t\t<\/div>\n\t\t\t\t<\/div>\n\t\t\t\t\t<\/div>\n\t\t<\/div>\n\t\t\t\t\t\t\t<\/div>\n\t\t<\/section>\n\t\t\t\t<section class=\"elementor-section elementor-top-section elementor-element elementor-element-c70ca4f elementor-section-boxed elementor-section-height-default elementor-section-height-default\" data-id=\"c70ca4f\" data-element_type=\"section\">\n\t\t\t\t\t\t<div class=\"elementor-container elementor-column-gap-default\">\n\t\t\t\t\t<div class=\"elementor-column elementor-col-100 elementor-top-column elementor-element elementor-element-800b595\" data-id=\"800b595\" data-element_type=\"column\">\n\t\t\t<div class=\"elementor-widget-wrap elementor-element-populated\">\n\t\t\t\t\t\t\t\t<div class=\"elementor-element elementor-element-3c9dbc4 elementor-widget elementor-widget-hub_fancy_heading\" data-id=\"3c9dbc4\" data-element_type=\"widget\" data-widget_type=\"hub_fancy_heading.default\">\n\t\t\t\t<div class=\"elementor-widget-container\">\n\t\t\t\n\t\t<div id=\"ld-fancy-heading-69dcc99c343de\" class=\"ld-fancy-heading\">\n\t\t\t<span class=\"ld-fh-element lqd-highlight-underline lqd-highlight-grow-left span\"  > Poyraz Paslanmaz olarak amac\u0131m\u0131z; \u00fcr\u00fcnlerimiz, faaliyetlerimiz ve hizmetlerimizden kaynaklanan \u00e7evre ve enerji performans\u0131n\u0131 iyile\u015ftirmektir.\n<br>\nBu do\u011frultuda;<br>\n\u2022\tMevcut uygunluk y\u00fck\u00fcml\u00fcl\u00fcklerine dayanarak \u00e7evre ve enerji performans\u0131 ile enerji verimlili\u011fini s\u00fcrekli iyile\u015ftirmeyi,<br>\n\u2022\tEnerji ve kaynak kullan\u0131m\u0131 ile \u00e7evresel etkilerin azalt\u0131lmas\u0131, tekrar kullan\u0131m\u0131 artt\u0131r\u0131lmas\u0131 \u00fczerinde \u00e7al\u0131\u015fmay\u0131,<br>\n\u2022\t\u00c7evreye zarar\u0131 ve enerji kayb\u0131n\u0131 \u00f6nleyecek gerekli t\u00fcm \u00f6nlemleri alarak \u00e7evreyi korumay\u0131,<br>\n\u2022\t\u00c7evre, enerji ve kaynaklar \u00fczerindeki etkimizi \u00fcr\u00fcn ve s\u00fcre\u00e7 planlaman\u0131n erken a\u015famalar\u0131nda dikkate al\u0131p de\u011ferlendirmeyi,<br>\n\u2022\tGerek mali ve yap\u0131sal deste\u011fi sa\u011flayarak uygun sistem y\u00f6netimi ile politikan\u0131n uygulanmas\u0131,<br>\n\u2022\tT\u00fcm seviyelerde \u00e7evre dostu ve enerji fark\u0131ndal\u0131\u011f\u0131 y\u00fcksek bir tutum i\u00e7inde davranmay\u0131,<br>\n\u2022\t\u00c7evre ve enerji y\u00f6netim sistemlerini d\u00fczenli denetimlerle kontrol etmeyi,<br>\n\u2022\tS\u00f6zle\u015fmeli ortaklar\u0131m\u0131z\u0131n e\u015fde\u011fer \u00e7evre ve enerji y\u00f6nergelerine uymalar\u0131n\u0131 sa\u011flamay\u0131,<br>\n\u2022\tYetkili mercilerle i\u015f birli\u011fi i\u00e7inde \u00e7al\u0131\u015fmay\u0131, kamuyu ve m\u00fc\u015fterilerimizi \u015firketimizin \u00e7evre ve enerji etkileri ile hizmetleri hakk\u0131nda bilgilendirmeyi,<br>\n\u00c7evre ve Enerji Politikam\u0131z olarak taahh\u00fct ederiz.\n<\/span>\t\t<\/div>\n\n\t\t\t\t<\/div>\n\t\t\t\t<\/div>\n\t\t\t\t\t<\/div>\n\t\t<\/div>\n\t\t\t\t\t\t\t<\/div>\n\t\t<\/section>\n\t\t\t\t\t\t<\/div>\n\t\t\t\t\t<\/div>\n\t\t","protected":false},"excerpt":{"rendered":"<p>\u00c7evre Politikalar\u0131m\u0131z Poyraz Paslanmaz olarak amac\u0131m\u0131z; \u00fcr\u00fcnlerimiz, faaliyetlerimiz ve hizmetlerimizden kaynaklanan \u00e7evre ve enerji performans\u0131n\u0131 iyile\u015ftirmektir. Bu do\u011frultuda; \u2022 Mevcut uygunluk y\u00fck\u00fcml\u00fcl\u00fcklerine dayanarak \u00e7evre ve enerji performans\u0131 ile enerji verimlili\u011fini s\u00fcrekli iyile\u015ftirmeyi, \u2022 Enerji ve kaynak kullan\u0131m\u0131 ile \u00e7evresel etkilerin azalt\u0131lmas\u0131, tekrar kullan\u0131m\u0131 artt\u0131r\u0131lmas\u0131 \u00fczerinde \u00e7al\u0131\u015fmay\u0131, \u2022 \u00c7evreye zarar\u0131 ve enerji kayb\u0131n\u0131 \u00f6nleyecek gerekli t\u00fcm [&hellip;]<\/p>\n","protected":false},"author":1,"featured_media":0,"parent":0,"menu_order":0,"comment_status":"closed","ping_status":"closed","template":"","meta":{"footnotes":""},"class_list":["post-12398","page","type-page","status-publish","hentry"],"yoast_head":"<!-- This site is optimized with the Yoast SEO Premium plugin v18.1 (Yoast SEO v18.2) - https:\/\/yoast.com\/wordpress\/plugins\/seo\/ -->\n<title>\u00c7evre Politikalar\u0131 - Poyraz Paslanmaz \u00c7elik Servisi<\/title>\n<meta name=\"robots\" content=\"index, follow, max-snippet:-1, max-image-preview:large, max-video-preview:-1\" \/>\n<link rel=\"canonical\" href=\"https:\/\/poyrazpaslanmaz.com\/TUR\/cevre-politikalari\/\" \/>\n<meta property=\"og:locale\" content=\"tr_TR\" \/>\n<meta property=\"og:type\" content=\"article\" \/>\n<meta property=\"og:title\" content=\"\u00c7evre Politikalar\u0131\" \/>\n<meta property=\"og:description\" content=\"\u00c7evre Politikalar\u0131m\u0131z Poyraz Paslanmaz olarak amac\u0131m\u0131z; \u00fcr\u00fcnlerimiz, faaliyetlerimiz ve hizmetlerimizden kaynaklanan \u00e7evre ve enerji performans\u0131n\u0131 iyile\u015ftirmektir. Bu do\u011frultuda; \u2022 Mevcut uygunluk y\u00fck\u00fcml\u00fcl\u00fcklerine dayanarak \u00e7evre ve enerji performans\u0131 ile enerji verimlili\u011fini s\u00fcrekli iyile\u015ftirmeyi, \u2022 Enerji ve kaynak kullan\u0131m\u0131 ile \u00e7evresel etkilerin azalt\u0131lmas\u0131, tekrar kullan\u0131m\u0131 artt\u0131r\u0131lmas\u0131 \u00fczerinde \u00e7al\u0131\u015fmay\u0131, \u2022 \u00c7evreye zarar\u0131 ve enerji kayb\u0131n\u0131 \u00f6nleyecek gerekli t\u00fcm [&hellip;]\" \/>\n<meta property=\"og:url\" content=\"https:\/\/poyrazpaslanmaz.com\/TUR\/cevre-politikalari\/\" \/>\n<meta property=\"og:site_name\" content=\"Poyraz Paslanmaz \u00c7elik Servisi\" \/>\n<meta property=\"article:modified_time\" content=\"2021-12-25T09:50:29+00:00\" \/>\n<meta name=\"twitter:card\" content=\"summary_large_image\" \/>\n<meta name=\"twitter:label1\" content=\"Tahmini okuma s\u00fcresi\" \/>\n\t<meta name=\"twitter:data1\" content=\"1 dakika\" \/>\n<script type=\"application\/ld+json\" class=\"yoast-schema-graph\">{\"@context\":\"https:\/\/schema.org\",\"@graph\":[{\"@type\":\"Organization\",\"@id\":\"https:\/\/poyrazpaslanmaz.com\/TUR\/#organization\",\"name\":\"Poyraz Paslanmaz \u00c7elik Servis Merkezi\",\"url\":\"https:\/\/poyrazpaslanmaz.com\/TUR\/\",\"sameAs\":[\"https:\/\/www.linkedin.com\/company\/poyraz-paslanmaz\/\",\"https:\/\/www.youtube.com\/channel\/UCikMTgktvEY2HsKznCs6wNQ\"],\"logo\":{\"@type\":\"ImageObject\",\"@id\":\"https:\/\/poyrazpaslanmaz.com\/TUR\/#logo\",\"inLanguage\":\"tr\",\"url\":\"https:\/\/poyrazpaslanmaz.com\/TUR\/wp-content\/uploads\/2019\/12\/POYRAZ-LOGO.png\",\"contentUrl\":\"https:\/\/poyrazpaslanmaz.com\/TUR\/wp-content\/uploads\/2019\/12\/POYRAZ-LOGO.png\",\"width\":700,\"height\":215,\"caption\":\"Poyraz Paslanmaz \u00c7elik Servis Merkezi\"},\"image\":{\"@id\":\"https:\/\/poyrazpaslanmaz.com\/TUR\/#logo\"}},{\"@type\":\"WebSite\",\"@id\":\"https:\/\/poyrazpaslanmaz.com\/TUR\/#website\",\"url\":\"https:\/\/poyrazpaslanmaz.com\/TUR\/\",\"name\":\"Poyraz Paslanmaz \u00c7elik Servisi\",\"description\":\"Paslanmaz Rulo, Sac, Boru, Profil, \u00c7ubuk, Lama, K\u00f6\u015febent\",\"publisher\":{\"@id\":\"https:\/\/poyrazpaslanmaz.com\/TUR\/#organization\"},\"potentialAction\":[{\"@type\":\"SearchAction\",\"target\":{\"@type\":\"EntryPoint\",\"urlTemplate\":\"https:\/\/poyrazpaslanmaz.com\/TUR\/?s={search_term_string}\"},\"query-input\":\"required name=search_term_string\"}],\"inLanguage\":\"tr\"},{\"@type\":\"WebPage\",\"@id\":\"https:\/\/poyrazpaslanmaz.com\/TUR\/cevre-politikalari\/#webpage\",\"url\":\"https:\/\/poyrazpaslanmaz.com\/TUR\/cevre-politikalari\/\",\"name\":\"\u00c7evre Politikalar\u0131 - Poyraz Paslanmaz \u00c7elik Servisi\",\"isPartOf\":{\"@id\":\"https:\/\/poyrazpaslanmaz.com\/TUR\/#website\"},\"datePublished\":\"2021-12-25T09:49:24+00:00\",\"dateModified\":\"2021-12-25T09:50:29+00:00\",\"breadcrumb\":{\"@id\":\"https:\/\/poyrazpaslanmaz.com\/TUR\/cevre-politikalari\/#breadcrumb\"},\"inLanguage\":\"tr\",\"potentialAction\":[{\"@type\":\"ReadAction\",\"target\":[\"https:\/\/poyrazpaslanmaz.com\/TUR\/cevre-politikalari\/\"]}]},{\"@type\":\"BreadcrumbList\",\"@id\":\"https:\/\/poyrazpaslanmaz.com\/TUR\/cevre-politikalari\/#breadcrumb\",\"itemListElement\":[{\"@type\":\"ListItem\",\"position\":1,\"name\":\"Anasayfa\",\"item\":\"https:\/\/poyrazpaslanmaz.com\/TUR\/\"},{\"@type\":\"ListItem\",\"position\":2,\"name\":\"\u00c7evre Politikalar\u0131\"}]},{\"@type\":\"TechArticle\",\"@id\":\"https:\/\/poyrazpaslanmaz.com\/TUR\/cevre-politikalari\/#article\",\"isPartOf\":{\"@id\":\"https:\/\/poyrazpaslanmaz.com\/TUR\/cevre-politikalari\/#webpage\"},\"author\":{\"@id\":\"https:\/\/poyrazpaslanmaz.com\/TUR\/#\/schema\/person\/c779564c9945a08d3334cf8c7064c3a0\"},\"headline\":\"\u00c7evre Politikalar\u0131\",\"datePublished\":\"2021-12-25T09:49:24+00:00\",\"dateModified\":\"2021-12-25T09:50:29+00:00\",\"mainEntityOfPage\":{\"@id\":\"https:\/\/poyrazpaslanmaz.com\/TUR\/cevre-politikalari\/#webpage\"},\"wordCount\":198,\"publisher\":{\"@id\":\"https:\/\/poyrazpaslanmaz.com\/TUR\/#organization\"},\"inLanguage\":\"tr\"},{\"@type\":\"Person\",\"@id\":\"https:\/\/poyrazpaslanmaz.com\/TUR\/#\/schema\/person\/c779564c9945a08d3334cf8c7064c3a0\",\"name\":\"poyraz\",\"image\":{\"@type\":\"ImageObject\",\"@id\":\"https:\/\/poyrazpaslanmaz.com\/TUR\/#personlogo\",\"inLanguage\":\"tr\",\"url\":\"https:\/\/secure.gravatar.com\/avatar\/0e253ed5519749879d717378123245bf?s=96&d=mm&r=g\",\"contentUrl\":\"https:\/\/secure.gravatar.com\/avatar\/0e253ed5519749879d717378123245bf?s=96&d=mm&r=g\",\"caption\":\"poyraz\"},\"sameAs\":[\"http:\/\/poyrazpaslanmaz.com\/TUR\"],\"url\":\"https:\/\/poyrazpaslanmaz.com\/TUR\/author\/poyraz\/\"}]}<\/script>\n<!-- \/ Yoast SEO Premium plugin. -->","yoast_head_json":{"title":"\u00c7evre Politikalar\u0131 - Poyraz Paslanmaz \u00c7elik Servisi","robots":{"index":"index","follow":"follow","max-snippet":"max-snippet:-1","max-image-preview":"max-image-preview:large","max-video-preview":"max-video-preview:-1"},"canonical":"https:\/\/poyrazpaslanmaz.com\/TUR\/cevre-politikalari\/","og_locale":"tr_TR","og_type":"article","og_title":"\u00c7evre Politikalar\u0131","og_description":"\u00c7evre Politikalar\u0131m\u0131z Poyraz Paslanmaz olarak amac\u0131m\u0131z; \u00fcr\u00fcnlerimiz, faaliyetlerimiz ve hizmetlerimizden kaynaklanan \u00e7evre ve enerji performans\u0131n\u0131 iyile\u015ftirmektir. Bu do\u011frultuda; \u2022 Mevcut uygunluk y\u00fck\u00fcml\u00fcl\u00fcklerine dayanarak \u00e7evre ve enerji performans\u0131 ile enerji verimlili\u011fini s\u00fcrekli iyile\u015ftirmeyi, \u2022 Enerji ve kaynak kullan\u0131m\u0131 ile \u00e7evresel etkilerin azalt\u0131lmas\u0131, tekrar kullan\u0131m\u0131 artt\u0131r\u0131lmas\u0131 \u00fczerinde \u00e7al\u0131\u015fmay\u0131, \u2022 \u00c7evreye zarar\u0131 ve enerji kayb\u0131n\u0131 \u00f6nleyecek gerekli t\u00fcm [&hellip;]","og_url":"https:\/\/poyrazpaslanmaz.com\/TUR\/cevre-politikalari\/","og_site_name":"Poyraz Paslanmaz \u00c7elik Servisi","article_modified_time":"2021-12-25T09:50:29+00:00","twitter_card":"summary_large_image","twitter_misc":{"Tahmini okuma s\u00fcresi":"1 dakika"},"schema":{"@context":"https:\/\/schema.org","@graph":[{"@type":"Organization","@id":"https:\/\/poyrazpaslanmaz.com\/TUR\/#organization","name":"Poyraz Paslanmaz \u00c7elik Servis Merkezi","url":"https:\/\/poyrazpaslanmaz.com\/TUR\/","sameAs":["https:\/\/www.linkedin.com\/company\/poyraz-paslanmaz\/","https:\/\/www.youtube.com\/channel\/UCikMTgktvEY2HsKznCs6wNQ"],"logo":{"@type":"ImageObject","@id":"https:\/\/poyrazpaslanmaz.com\/TUR\/#logo","inLanguage":"tr","url":"https:\/\/poyrazpaslanmaz.com\/TUR\/wp-content\/uploads\/2019\/12\/POYRAZ-LOGO.png","contentUrl":"https:\/\/poyrazpaslanmaz.com\/TUR\/wp-content\/uploads\/2019\/12\/POYRAZ-LOGO.png","width":700,"height":215,"caption":"Poyraz Paslanmaz \u00c7elik Servis Merkezi"},"image":{"@id":"https:\/\/poyrazpaslanmaz.com\/TUR\/#logo"}},{"@type":"WebSite","@id":"https:\/\/poyrazpaslanmaz.com\/TUR\/#website","url":"https:\/\/poyrazpaslanmaz.com\/TUR\/","name":"Poyraz Paslanmaz \u00c7elik Servisi","description":"Paslanmaz Rulo, Sac, Boru, Profil, \u00c7ubuk, Lama, K\u00f6\u015febent","publisher":{"@id":"https:\/\/poyrazpaslanmaz.com\/TUR\/#organization"},"potentialAction":[{"@type":"SearchAction","target":{"@type":"EntryPoint","urlTemplate":"https:\/\/poyrazpaslanmaz.com\/TUR\/?s={search_term_string}"},"query-input":"required name=search_term_string"}],"inLanguage":"tr"},{"@type":"WebPage","@id":"https:\/\/poyrazpaslanmaz.com\/TUR\/cevre-politikalari\/#webpage","url":"https:\/\/poyrazpaslanmaz.com\/TUR\/cevre-politikalari\/","name":"\u00c7evre Politikalar\u0131 - Poyraz Paslanmaz \u00c7elik Servisi","isPartOf":{"@id":"https:\/\/poyrazpaslanmaz.com\/TUR\/#website"},"datePublished":"2021-12-25T09:49:24+00:00","dateModified":"2021-12-25T09:50:29+00:00","breadcrumb":{"@id":"https:\/\/poyrazpaslanmaz.com\/TUR\/cevre-politikalari\/#breadcrumb"},"inLanguage":"tr","potentialAction":[{"@type":"ReadAction","target":["https:\/\/poyrazpaslanmaz.com\/TUR\/cevre-politikalari\/"]}]},{"@type":"BreadcrumbList","@id":"https:\/\/poyrazpaslanmaz.com\/TUR\/cevre-politikalari\/#breadcrumb","itemListElement":[{"@type":"ListItem","position":1,"name":"Anasayfa","item":"https:\/\/poyrazpaslanmaz.com\/TUR\/"},{"@type":"ListItem","position":2,"name":"\u00c7evre Politikalar\u0131"}]},{"@type":"TechArticle","@id":"https:\/\/poyrazpaslanmaz.com\/TUR\/cevre-politikalari\/#article","isPartOf":{"@id":"https:\/\/poyrazpaslanmaz.com\/TUR\/cevre-politikalari\/#webpage"},"author":{"@id":"https:\/\/poyrazpaslanmaz.com\/TUR\/#\/schema\/person\/c779564c9945a08d3334cf8c7064c3a0"},"headline":"\u00c7evre Politikalar\u0131","datePublished":"2021-12-25T09:49:24+00:00","dateModified":"2021-12-25T09:50:29+00:00","mainEntityOfPage":{"@id":"https:\/\/poyrazpaslanmaz.com\/TUR\/cevre-politikalari\/#webpage"},"wordCount":198,"publisher":{"@id":"https:\/\/poyrazpaslanmaz.com\/TUR\/#organization"},"inLanguage":"tr"},{"@type":"Person","@id":"https:\/\/poyrazpaslanmaz.com\/TUR\/#\/schema\/person\/c779564c9945a08d3334cf8c7064c3a0","name":"poyraz","image":{"@type":"ImageObject","@id":"https:\/\/poyrazpaslanmaz.com\/TUR\/#personlogo","inLanguage":"tr","url":"https:\/\/secure.gravatar.com\/avatar\/0e253ed5519749879d717378123245bf?s=96&d=mm&r=g","contentUrl":"https:\/\/secure.gravatar.com\/avatar\/0e253ed5519749879d717378123245bf?s=96&d=mm&r=g","caption":"poyraz"},"sameAs":["http:\/\/poyrazpaslanmaz.com\/TUR"],"url":"https:\/\/poyrazpaslanmaz.com\/TUR\/author\/poyraz\/"}]}},"_links":{"self":[{"href":"https:\/\/poyrazpaslanmaz.com\/TUR\/wp-json\/wp\/v2\/pages\/12398","targetHints":{"allow":["GET"]}}],"collection":[{"href":"https:\/\/poyrazpaslanmaz.com\/TUR\/wp-json\/wp\/v2\/pages"}],"about":[{"href":"https:\/\/poyrazpaslanmaz.com\/TUR\/wp-json\/wp\/v2\/types\/page"}],"author":[{"embeddable":true,"href":"https:\/\/poyrazpaslanmaz.com\/TUR\/wp-json\/wp\/v2\/users\/1"}],"replies":[{"embeddable":true,"href":"https:\/\/poyrazpaslanmaz.com\/TUR\/wp-json\/wp\/v2\/comments?post=12398"}],"version-history":[{"count":0,"href":"https:\/\/poyrazpaslanmaz.com\/TUR\/wp-json\/wp\/v2\/pages\/12398\/revisions"}],"wp:attachment":[{"href":"https:\/\/poyrazpaslanmaz.com\/TUR\/wp-json\/wp\/v2\/media?parent=12398"}],"curies":[{"name":"wp","href":"https:\/\/api.w.org\/{rel}","templated":true}]}}