{"id":12643,"date":"2022-02-07T01:36:36","date_gmt":"2022-02-06T22:36:36","guid":{"rendered":"https:\/\/poyrazpaslanmaz.com\/TUR\/?page_id=12643"},"modified":"2022-02-21T09:43:17","modified_gmt":"2022-02-21T06:43:17","slug":"why-poyraz-paslanmaz","status":"publish","type":"page","link":"https:\/\/poyrazpaslanmaz.com\/TUR\/why-poyraz-paslanmaz\/","title":{"rendered":"Why Poyraz Paslanmaz?"},"content":{"rendered":"\t\t<div data-elementor-type=\"wp-page\" data-elementor-id=\"12643\" class=\"elementor elementor-12643\" data-elementor-settings=\"[]\">\n\t\t\t\t\t\t\t<div class=\"elementor-section-wrap\">\n\t\t\t\t\t\t\t<section class=\"elementor-section elementor-top-section elementor-element elementor-element-7e34dd1 elementor-section-boxed elementor-section-height-default elementor-section-height-default\" data-id=\"7e34dd1\" data-element_type=\"section\">\n\t\t\t\t\t\t<div class=\"elementor-container elementor-column-gap-default\">\n\t\t\t\t\t<div class=\"elementor-column elementor-col-100 elementor-top-column elementor-element elementor-element-a1248f2\" data-id=\"a1248f2\" data-element_type=\"column\">\n\t\t\t<div class=\"elementor-widget-wrap elementor-element-populated\">\n\t\t\t\t\t\t\t\t<div class=\"elementor-element elementor-element-a103fa4 elementor-widget elementor-widget-ld_fancy_image\" data-id=\"a103fa4\" data-element_type=\"widget\" data-widget_type=\"ld_fancy_image.default\">\n\t\t\t\t<div class=\"elementor-widget-container\">\n\t\t\t\n\t\t\t<div id=\"\" class=\"lqd-imggrp-single\"   >\n\t\t\t\t\n\t\t\t\t<div class=\"lqd-imggrp-img-container\"   >\n\t\t\t\t\t\n\t\t\t\t\t\t\t\n\t\t\t\t\t\t\t\t\t\t<figure><img loading=\"lazy\" decoding=\"async\" width=\"1411\" height=\"880\" src=\"https:\/\/poyrazpaslanmaz.com\/TUR\/wp-content\/uploads\/2021\/11\/CS2_1110.jpg\" class=\"attachment-full size-full\" alt=\"\" srcset=\"https:\/\/poyrazpaslanmaz.com\/TUR\/wp-content\/uploads\/2021\/11\/CS2_1110.jpg 1411w, https:\/\/poyrazpaslanmaz.com\/TUR\/wp-content\/uploads\/2021\/11\/CS2_1110-300x187.jpg 300w, https:\/\/poyrazpaslanmaz.com\/TUR\/wp-content\/uploads\/2021\/11\/CS2_1110-1024x639.jpg 1024w, https:\/\/poyrazpaslanmaz.com\/TUR\/wp-content\/uploads\/2021\/11\/CS2_1110-480x300.jpg 480w\" sizes=\"auto, (max-width: 1411px) 100vw, 1411px\" \/><\/figure>\n\t\t\t\t\t\t\t\t\t\t\t\t\t\t\t\t\t\t\t\t\n\t\t\t\t<\/div>\n\t\t\t<\/div>\n\n\t\t\t\t<\/div>\n\t\t\t\t<\/div>\n\t\t\t\t\t<\/div>\n\t\t<\/div>\n\t\t\t\t\t\t\t<\/div>\n\t\t<\/section>\n\t\t\t\t<section class=\"elementor-section elementor-top-section elementor-element elementor-element-173974a elementor-section-boxed elementor-section-height-default elementor-section-height-default\" data-id=\"173974a\" data-element_type=\"section\">\n\t\t\t\t\t\t<div class=\"elementor-container elementor-column-gap-default\">\n\t\t\t\t\t<div class=\"elementor-column elementor-col-50 elementor-top-column elementor-element elementor-element-68f9203\" data-id=\"68f9203\" data-element_type=\"column\">\n\t\t\t<div class=\"elementor-widget-wrap elementor-element-populated\">\n\t\t\t\t\t\t\t\t<div class=\"elementor-element elementor-element-8b3729f elementor-widget elementor-widget-hub_fancy_heading\" data-id=\"8b3729f\" data-element_type=\"widget\" data-widget_type=\"hub_fancy_heading.default\">\n\t\t\t\t<div class=\"elementor-widget-container\">\n\t\t\t\n\t\t<div id=\"ld-fancy-heading-69f7257c0281d\" class=\"ld-fancy-heading\">\n\t\t\t<h3 class=\"ld-fh-element elementor-heading-title lqd-highlight-underline lqd-highlight-grow-left h3\"  > Why Poyraz Stainless?<\/h3>\t\t<\/div>\n\n\t\t\t\t<\/div>\n\t\t\t\t<\/div>\n\t\t\t\t<div class=\"elementor-element elementor-element-d039e18 elementor-widget elementor-widget-hub_fancy_heading\" data-id=\"d039e18\" data-element_type=\"widget\" data-widget_type=\"hub_fancy_heading.default\">\n\t\t\t\t<div class=\"elementor-widget-container\">\n\t\t\t\n\t\t<div id=\"ld-fancy-heading-69f7257c030f0\" class=\"ld-fancy-heading\">\n\t\t\t<span class=\"ld-fh-element lqd-highlight-underline lqd-highlight-grow-left span\"  > Poyraz Paslanmaz'\u0131n kap\u0131s\u0131 i\u015fine de\u011fer veren herkese a\u00e7\u0131kt\u0131r.\n<br>\n\n\n90'\u0131 a\u015fk\u0131n \u00e7al\u0131\u015fan\nDirekt 360\nDolayl\u0131 1300 ki\u015fiye etki<br>\n \n\nPoyraz Paslanmaz, insan kaynaklar\u0131 vizyonu; alan\u0131nda \u00f6rnek al\u0131nabilecek, \u00e7al\u0131\u015fan\u0131n\u0131n motivasyon ve geli\u015fimine odakl\u0131, insan kaynaklar\u0131 uygulamalar\u0131n\u0131 ger\u00e7ekle\u015ftirmek ve bu uygulamalar\u0131 s\u00fcrekli geli\u015ftirmektir.\n<br>\n\n\n\n<br><b>Poyraz Paslanmaz;<\/b><\/b>\n\n<br>\n\n\nKariyerde f\u0131rsat e\u015fitli\u011fine inanmaktad\u0131r. \n<br>\u0130\u015fe al\u0131m s\u00fcrecinde hi\u00e7bir \u015fekilde \u0131rk, din, dil ve cinsiyet ayr\u0131m\u0131 g\u00f6zetmemekte, mesleki bilgi ve yeterlili\u011fi de\u011ferlendirmektedir.\n\n<br>\n\n\nD\u00fcnyaya kar\u015f\u0131 sorumluk bilinciyle hareket etmekte, b\u00f6lgesel ve ulusal kalk\u0131nmaya katk\u0131da bulunmak i\u00e7in sosyal sorumluluk projeleri ger\u00e7ekle\u015ftirmektedir.\n\n\n\n\n<br>\u00c7al\u0131\u015fanlar\u0131na kar\u015f\u0131 her zaman d\u00fcr\u00fcst olmakta, verilen s\u00f6zlerin kar\u015f\u0131l\u0131kl\u0131 olarak tutulmas\u0131na \u00f6zen g\u00f6stermekte ve aidiyetin kuruldu\u011fu bir \u00e7al\u0131\u015fma ortam\u0131 sa\u011flamaktad\u0131r.<\/span>\t\t<\/div>\n\n\t\t\t\t<\/div>\n\t\t\t\t<\/div>\n\t\t\t\t\t<\/div>\n\t\t<\/div>\n\t\t\t\t<div class=\"elementor-column elementor-col-50 elementor-top-column elementor-element elementor-element-9c1ff5c\" data-id=\"9c1ff5c\" data-element_type=\"column\">\n\t\t\t<div class=\"elementor-widget-wrap elementor-element-populated\">\n\t\t\t\t\t\t\t\t<div class=\"elementor-element elementor-element-aa72c2b elementor-widget elementor-widget-ld_fancy_image\" data-id=\"aa72c2b\" data-element_type=\"widget\" data-widget_type=\"ld_fancy_image.default\">\n\t\t\t\t<div class=\"elementor-widget-container\">\n\t\t\t\n\t\t\t<div id=\"\" class=\"lqd-imggrp-single\"   >\n\t\t\t\t\n\t\t\t\t<div class=\"lqd-imggrp-img-container\"   >\n\t\t\t\t\t\n\t\t\t\t\t\t\t\n\t\t\t\t\t\t\t\t\t\t<figure><img loading=\"lazy\" decoding=\"async\" width=\"1289\" height=\"770\" src=\"https:\/\/poyrazpaslanmaz.com\/TUR\/wp-content\/uploads\/2021\/11\/CS3_6972.jpg\" class=\"attachment-full size-full\" alt=\"\" srcset=\"https:\/\/poyrazpaslanmaz.com\/TUR\/wp-content\/uploads\/2021\/11\/CS3_6972.jpg 1289w, https:\/\/poyrazpaslanmaz.com\/TUR\/wp-content\/uploads\/2021\/11\/CS3_6972-300x179.jpg 300w, https:\/\/poyrazpaslanmaz.com\/TUR\/wp-content\/uploads\/2021\/11\/CS3_6972-1024x612.jpg 1024w\" sizes=\"auto, (max-width: 1289px) 100vw, 1289px\" \/><\/figure>\n\t\t\t\t\t\t\t\t\t\t\t\t\t\t\t\t\t\t\t\t\n\t\t\t\t<\/div>\n\t\t\t<\/div>\n\n\t\t\t\t<\/div>\n\t\t\t\t<\/div>\n\t\t\t\t\t<\/div>\n\t\t<\/div>\n\t\t\t\t\t\t\t<\/div>\n\t\t<\/section>\n\t\t\t\t\t\t<\/div>\n\t\t\t\t\t<\/div>\n\t\t","protected":false},"excerpt":{"rendered":"<p>Why Poyraz Stainless? Poyraz Paslanmaz&#8217;\u0131n kap\u0131s\u0131 i\u015fine de\u011fer veren herkese a\u00e7\u0131kt\u0131r. 90&#8217;\u0131 a\u015fk\u0131n \u00e7al\u0131\u015fan Direkt 360 Dolayl\u0131 1300 ki\u015fiye etki Poyraz Paslanmaz, insan kaynaklar\u0131 vizyonu; alan\u0131nda \u00f6rnek al\u0131nabilecek, \u00e7al\u0131\u015fan\u0131n\u0131n motivasyon ve geli\u015fimine odakl\u0131, insan kaynaklar\u0131 uygulamalar\u0131n\u0131 ger\u00e7ekle\u015ftirmek ve bu uygulamalar\u0131 s\u00fcrekli geli\u015ftirmektir. Poyraz Paslanmaz; Kariyerde f\u0131rsat e\u015fitli\u011fine inanmaktad\u0131r. \u0130\u015fe al\u0131m s\u00fcrecinde hi\u00e7bir \u015fekilde \u0131rk, din, [&hellip;]<\/p>\n","protected":false},"author":1,"featured_media":0,"parent":0,"menu_order":0,"comment_status":"closed","ping_status":"closed","template":"","meta":{"footnotes":""},"class_list":["post-12643","page","type-page","status-publish","hentry"],"yoast_head":"<!-- This site is optimized with the Yoast SEO Premium plugin v18.1 (Yoast SEO v18.2) - https:\/\/yoast.com\/wordpress\/plugins\/seo\/ -->\n<title>Why Poyraz Paslanmaz? - Poyraz Paslanmaz \u00c7elik Servisi<\/title>\n<meta name=\"robots\" content=\"index, follow, max-snippet:-1, max-image-preview:large, max-video-preview:-1\" \/>\n<link rel=\"canonical\" href=\"https:\/\/poyrazpaslanmaz.com\/TUR\/why-poyraz-paslanmaz\/\" \/>\n<meta property=\"og:locale\" content=\"tr_TR\" \/>\n<meta property=\"og:type\" content=\"article\" \/>\n<meta property=\"og:title\" content=\"Why Poyraz Paslanmaz?\" \/>\n<meta property=\"og:description\" content=\"Why Poyraz Stainless? Poyraz Paslanmaz&#8217;\u0131n kap\u0131s\u0131 i\u015fine de\u011fer veren herkese a\u00e7\u0131kt\u0131r. 90&#8217;\u0131 a\u015fk\u0131n \u00e7al\u0131\u015fan Direkt 360 Dolayl\u0131 1300 ki\u015fiye etki Poyraz Paslanmaz, insan kaynaklar\u0131 vizyonu; alan\u0131nda \u00f6rnek al\u0131nabilecek, \u00e7al\u0131\u015fan\u0131n\u0131n motivasyon ve geli\u015fimine odakl\u0131, insan kaynaklar\u0131 uygulamalar\u0131n\u0131 ger\u00e7ekle\u015ftirmek ve bu uygulamalar\u0131 s\u00fcrekli geli\u015ftirmektir. Poyraz Paslanmaz; Kariyerde f\u0131rsat e\u015fitli\u011fine inanmaktad\u0131r. \u0130\u015fe al\u0131m s\u00fcrecinde hi\u00e7bir \u015fekilde \u0131rk, din, [&hellip;]\" \/>\n<meta property=\"og:url\" content=\"https:\/\/poyrazpaslanmaz.com\/TUR\/why-poyraz-paslanmaz\/\" \/>\n<meta property=\"og:site_name\" content=\"Poyraz Paslanmaz \u00c7elik Servisi\" \/>\n<meta property=\"article:modified_time\" content=\"2022-02-21T06:43:17+00:00\" \/>\n<meta property=\"og:image\" content=\"https:\/\/poyrazpaslanmaz.com\/TUR\/wp-content\/uploads\/2021\/11\/CS2_1110.jpg\" \/>\n<meta name=\"twitter:card\" content=\"summary_large_image\" \/>\n<meta name=\"twitter:label1\" content=\"Tahmini okuma s\u00fcresi\" \/>\n\t<meta name=\"twitter:data1\" content=\"2 dakika\" \/>\n<script type=\"application\/ld+json\" class=\"yoast-schema-graph\">{\"@context\":\"https:\/\/schema.org\",\"@graph\":[{\"@type\":\"Organization\",\"@id\":\"https:\/\/poyrazpaslanmaz.com\/TUR\/#organization\",\"name\":\"Poyraz Paslanmaz \u00c7elik Servis Merkezi\",\"url\":\"https:\/\/poyrazpaslanmaz.com\/TUR\/\",\"sameAs\":[\"https:\/\/www.linkedin.com\/company\/poyraz-paslanmaz\/\",\"https:\/\/www.youtube.com\/channel\/UCikMTgktvEY2HsKznCs6wNQ\"],\"logo\":{\"@type\":\"ImageObject\",\"@id\":\"https:\/\/poyrazpaslanmaz.com\/TUR\/#logo\",\"inLanguage\":\"tr\",\"url\":\"https:\/\/poyrazpaslanmaz.com\/TUR\/wp-content\/uploads\/2019\/12\/POYRAZ-LOGO.png\",\"contentUrl\":\"https:\/\/poyrazpaslanmaz.com\/TUR\/wp-content\/uploads\/2019\/12\/POYRAZ-LOGO.png\",\"width\":700,\"height\":215,\"caption\":\"Poyraz Paslanmaz \u00c7elik Servis Merkezi\"},\"image\":{\"@id\":\"https:\/\/poyrazpaslanmaz.com\/TUR\/#logo\"}},{\"@type\":\"WebSite\",\"@id\":\"https:\/\/poyrazpaslanmaz.com\/TUR\/#website\",\"url\":\"https:\/\/poyrazpaslanmaz.com\/TUR\/\",\"name\":\"Poyraz Paslanmaz \u00c7elik Servisi\",\"description\":\"Paslanmaz Rulo, Sac, Boru, Profil, \u00c7ubuk, Lama, K\u00f6\u015febent\",\"publisher\":{\"@id\":\"https:\/\/poyrazpaslanmaz.com\/TUR\/#organization\"},\"potentialAction\":[{\"@type\":\"SearchAction\",\"target\":{\"@type\":\"EntryPoint\",\"urlTemplate\":\"https:\/\/poyrazpaslanmaz.com\/TUR\/?s={search_term_string}\"},\"query-input\":\"required name=search_term_string\"}],\"inLanguage\":\"tr\"},{\"@type\":\"ImageObject\",\"@id\":\"https:\/\/poyrazpaslanmaz.com\/TUR\/why-poyraz-paslanmaz\/#primaryimage\",\"inLanguage\":\"tr\",\"url\":\"https:\/\/poyrazpaslanmaz.com\/TUR\/wp-content\/uploads\/2021\/11\/CS2_1110.jpg\",\"contentUrl\":\"https:\/\/poyrazpaslanmaz.com\/TUR\/wp-content\/uploads\/2021\/11\/CS2_1110.jpg\",\"width\":1411,\"height\":880},{\"@type\":\"WebPage\",\"@id\":\"https:\/\/poyrazpaslanmaz.com\/TUR\/why-poyraz-paslanmaz\/#webpage\",\"url\":\"https:\/\/poyrazpaslanmaz.com\/TUR\/why-poyraz-paslanmaz\/\",\"name\":\"Why Poyraz Paslanmaz? - Poyraz Paslanmaz \u00c7elik Servisi\",\"isPartOf\":{\"@id\":\"https:\/\/poyrazpaslanmaz.com\/TUR\/#website\"},\"primaryImageOfPage\":{\"@id\":\"https:\/\/poyrazpaslanmaz.com\/TUR\/why-poyraz-paslanmaz\/#primaryimage\"},\"datePublished\":\"2022-02-06T22:36:36+00:00\",\"dateModified\":\"2022-02-21T06:43:17+00:00\",\"breadcrumb\":{\"@id\":\"https:\/\/poyrazpaslanmaz.com\/TUR\/why-poyraz-paslanmaz\/#breadcrumb\"},\"inLanguage\":\"tr\",\"potentialAction\":[{\"@type\":\"ReadAction\",\"target\":[\"https:\/\/poyrazpaslanmaz.com\/TUR\/why-poyraz-paslanmaz\/\"]}]},{\"@type\":\"BreadcrumbList\",\"@id\":\"https:\/\/poyrazpaslanmaz.com\/TUR\/why-poyraz-paslanmaz\/#breadcrumb\",\"itemListElement\":[{\"@type\":\"ListItem\",\"position\":1,\"name\":\"Anasayfa\",\"item\":\"https:\/\/poyrazpaslanmaz.com\/TUR\/\"},{\"@type\":\"ListItem\",\"position\":2,\"name\":\"Why Poyraz Paslanmaz?\"}]},{\"@type\":\"TechArticle\",\"@id\":\"https:\/\/poyrazpaslanmaz.com\/TUR\/why-poyraz-paslanmaz\/#article\",\"isPartOf\":{\"@id\":\"https:\/\/poyrazpaslanmaz.com\/TUR\/why-poyraz-paslanmaz\/#webpage\"},\"author\":{\"@id\":\"https:\/\/poyrazpaslanmaz.com\/TUR\/#\/schema\/person\/c779564c9945a08d3334cf8c7064c3a0\"},\"headline\":\"Why Poyraz Paslanmaz?\",\"datePublished\":\"2022-02-06T22:36:36+00:00\",\"dateModified\":\"2022-02-21T06:43:17+00:00\",\"mainEntityOfPage\":{\"@id\":\"https:\/\/poyrazpaslanmaz.com\/TUR\/why-poyraz-paslanmaz\/#webpage\"},\"wordCount\":155,\"publisher\":{\"@id\":\"https:\/\/poyrazpaslanmaz.com\/TUR\/#organization\"},\"image\":{\"@id\":\"https:\/\/poyrazpaslanmaz.com\/TUR\/why-poyraz-paslanmaz\/#primaryimage\"},\"thumbnailUrl\":\"https:\/\/poyrazpaslanmaz.com\/TUR\/wp-content\/uploads\/2021\/11\/CS2_1110.jpg\",\"inLanguage\":\"tr\"},{\"@type\":\"Person\",\"@id\":\"https:\/\/poyrazpaslanmaz.com\/TUR\/#\/schema\/person\/c779564c9945a08d3334cf8c7064c3a0\",\"name\":\"poyraz\",\"image\":{\"@type\":\"ImageObject\",\"@id\":\"https:\/\/poyrazpaslanmaz.com\/TUR\/#personlogo\",\"inLanguage\":\"tr\",\"url\":\"https:\/\/secure.gravatar.com\/avatar\/0e253ed5519749879d717378123245bf?s=96&d=mm&r=g\",\"contentUrl\":\"https:\/\/secure.gravatar.com\/avatar\/0e253ed5519749879d717378123245bf?s=96&d=mm&r=g\",\"caption\":\"poyraz\"},\"sameAs\":[\"http:\/\/poyrazpaslanmaz.com\/TUR\"],\"url\":\"https:\/\/poyrazpaslanmaz.com\/TUR\/author\/poyraz\/\"}]}<\/script>\n<!-- \/ Yoast SEO Premium plugin. -->","yoast_head_json":{"title":"Why Poyraz Paslanmaz? - Poyraz Paslanmaz \u00c7elik Servisi","robots":{"index":"index","follow":"follow","max-snippet":"max-snippet:-1","max-image-preview":"max-image-preview:large","max-video-preview":"max-video-preview:-1"},"canonical":"https:\/\/poyrazpaslanmaz.com\/TUR\/why-poyraz-paslanmaz\/","og_locale":"tr_TR","og_type":"article","og_title":"Why Poyraz Paslanmaz?","og_description":"Why Poyraz Stainless? Poyraz Paslanmaz&#8217;\u0131n kap\u0131s\u0131 i\u015fine de\u011fer veren herkese a\u00e7\u0131kt\u0131r. 90&#8217;\u0131 a\u015fk\u0131n \u00e7al\u0131\u015fan Direkt 360 Dolayl\u0131 1300 ki\u015fiye etki Poyraz Paslanmaz, insan kaynaklar\u0131 vizyonu; alan\u0131nda \u00f6rnek al\u0131nabilecek, \u00e7al\u0131\u015fan\u0131n\u0131n motivasyon ve geli\u015fimine odakl\u0131, insan kaynaklar\u0131 uygulamalar\u0131n\u0131 ger\u00e7ekle\u015ftirmek ve bu uygulamalar\u0131 s\u00fcrekli geli\u015ftirmektir. Poyraz Paslanmaz; Kariyerde f\u0131rsat e\u015fitli\u011fine inanmaktad\u0131r. \u0130\u015fe al\u0131m s\u00fcrecinde hi\u00e7bir \u015fekilde \u0131rk, din, [&hellip;]","og_url":"https:\/\/poyrazpaslanmaz.com\/TUR\/why-poyraz-paslanmaz\/","og_site_name":"Poyraz Paslanmaz \u00c7elik Servisi","article_modified_time":"2022-02-21T06:43:17+00:00","og_image":[{"url":"https:\/\/poyrazpaslanmaz.com\/TUR\/wp-content\/uploads\/2021\/11\/CS2_1110.jpg"}],"twitter_card":"summary_large_image","twitter_misc":{"Tahmini okuma s\u00fcresi":"2 dakika"},"schema":{"@context":"https:\/\/schema.org","@graph":[{"@type":"Organization","@id":"https:\/\/poyrazpaslanmaz.com\/TUR\/#organization","name":"Poyraz Paslanmaz \u00c7elik Servis Merkezi","url":"https:\/\/poyrazpaslanmaz.com\/TUR\/","sameAs":["https:\/\/www.linkedin.com\/company\/poyraz-paslanmaz\/","https:\/\/www.youtube.com\/channel\/UCikMTgktvEY2HsKznCs6wNQ"],"logo":{"@type":"ImageObject","@id":"https:\/\/poyrazpaslanmaz.com\/TUR\/#logo","inLanguage":"tr","url":"https:\/\/poyrazpaslanmaz.com\/TUR\/wp-content\/uploads\/2019\/12\/POYRAZ-LOGO.png","contentUrl":"https:\/\/poyrazpaslanmaz.com\/TUR\/wp-content\/uploads\/2019\/12\/POYRAZ-LOGO.png","width":700,"height":215,"caption":"Poyraz Paslanmaz \u00c7elik Servis Merkezi"},"image":{"@id":"https:\/\/poyrazpaslanmaz.com\/TUR\/#logo"}},{"@type":"WebSite","@id":"https:\/\/poyrazpaslanmaz.com\/TUR\/#website","url":"https:\/\/poyrazpaslanmaz.com\/TUR\/","name":"Poyraz Paslanmaz \u00c7elik Servisi","description":"Paslanmaz Rulo, Sac, Boru, Profil, \u00c7ubuk, Lama, K\u00f6\u015febent","publisher":{"@id":"https:\/\/poyrazpaslanmaz.com\/TUR\/#organization"},"potentialAction":[{"@type":"SearchAction","target":{"@type":"EntryPoint","urlTemplate":"https:\/\/poyrazpaslanmaz.com\/TUR\/?s={search_term_string}"},"query-input":"required name=search_term_string"}],"inLanguage":"tr"},{"@type":"ImageObject","@id":"https:\/\/poyrazpaslanmaz.com\/TUR\/why-poyraz-paslanmaz\/#primaryimage","inLanguage":"tr","url":"https:\/\/poyrazpaslanmaz.com\/TUR\/wp-content\/uploads\/2021\/11\/CS2_1110.jpg","contentUrl":"https:\/\/poyrazpaslanmaz.com\/TUR\/wp-content\/uploads\/2021\/11\/CS2_1110.jpg","width":1411,"height":880},{"@type":"WebPage","@id":"https:\/\/poyrazpaslanmaz.com\/TUR\/why-poyraz-paslanmaz\/#webpage","url":"https:\/\/poyrazpaslanmaz.com\/TUR\/why-poyraz-paslanmaz\/","name":"Why Poyraz Paslanmaz? - Poyraz Paslanmaz \u00c7elik Servisi","isPartOf":{"@id":"https:\/\/poyrazpaslanmaz.com\/TUR\/#website"},"primaryImageOfPage":{"@id":"https:\/\/poyrazpaslanmaz.com\/TUR\/why-poyraz-paslanmaz\/#primaryimage"},"datePublished":"2022-02-06T22:36:36+00:00","dateModified":"2022-02-21T06:43:17+00:00","breadcrumb":{"@id":"https:\/\/poyrazpaslanmaz.com\/TUR\/why-poyraz-paslanmaz\/#breadcrumb"},"inLanguage":"tr","potentialAction":[{"@type":"ReadAction","target":["https:\/\/poyrazpaslanmaz.com\/TUR\/why-poyraz-paslanmaz\/"]}]},{"@type":"BreadcrumbList","@id":"https:\/\/poyrazpaslanmaz.com\/TUR\/why-poyraz-paslanmaz\/#breadcrumb","itemListElement":[{"@type":"ListItem","position":1,"name":"Anasayfa","item":"https:\/\/poyrazpaslanmaz.com\/TUR\/"},{"@type":"ListItem","position":2,"name":"Why Poyraz Paslanmaz?"}]},{"@type":"TechArticle","@id":"https:\/\/poyrazpaslanmaz.com\/TUR\/why-poyraz-paslanmaz\/#article","isPartOf":{"@id":"https:\/\/poyrazpaslanmaz.com\/TUR\/why-poyraz-paslanmaz\/#webpage"},"author":{"@id":"https:\/\/poyrazpaslanmaz.com\/TUR\/#\/schema\/person\/c779564c9945a08d3334cf8c7064c3a0"},"headline":"Why Poyraz Paslanmaz?","datePublished":"2022-02-06T22:36:36+00:00","dateModified":"2022-02-21T06:43:17+00:00","mainEntityOfPage":{"@id":"https:\/\/poyrazpaslanmaz.com\/TUR\/why-poyraz-paslanmaz\/#webpage"},"wordCount":155,"publisher":{"@id":"https:\/\/poyrazpaslanmaz.com\/TUR\/#organization"},"image":{"@id":"https:\/\/poyrazpaslanmaz.com\/TUR\/why-poyraz-paslanmaz\/#primaryimage"},"thumbnailUrl":"https:\/\/poyrazpaslanmaz.com\/TUR\/wp-content\/uploads\/2021\/11\/CS2_1110.jpg","inLanguage":"tr"},{"@type":"Person","@id":"https:\/\/poyrazpaslanmaz.com\/TUR\/#\/schema\/person\/c779564c9945a08d3334cf8c7064c3a0","name":"poyraz","image":{"@type":"ImageObject","@id":"https:\/\/poyrazpaslanmaz.com\/TUR\/#personlogo","inLanguage":"tr","url":"https:\/\/secure.gravatar.com\/avatar\/0e253ed5519749879d717378123245bf?s=96&d=mm&r=g","contentUrl":"https:\/\/secure.gravatar.com\/avatar\/0e253ed5519749879d717378123245bf?s=96&d=mm&r=g","caption":"poyraz"},"sameAs":["http:\/\/poyrazpaslanmaz.com\/TUR"],"url":"https:\/\/poyrazpaslanmaz.com\/TUR\/author\/poyraz\/"}]}},"_links":{"self":[{"href":"https:\/\/poyrazpaslanmaz.com\/TUR\/wp-json\/wp\/v2\/pages\/12643","targetHints":{"allow":["GET"]}}],"collection":[{"href":"https:\/\/poyrazpaslanmaz.com\/TUR\/wp-json\/wp\/v2\/pages"}],"about":[{"href":"https:\/\/poyrazpaslanmaz.com\/TUR\/wp-json\/wp\/v2\/types\/page"}],"author":[{"embeddable":true,"href":"https:\/\/poyrazpaslanmaz.com\/TUR\/wp-json\/wp\/v2\/users\/1"}],"replies":[{"embeddable":true,"href":"https:\/\/poyrazpaslanmaz.com\/TUR\/wp-json\/wp\/v2\/comments?post=12643"}],"version-history":[{"count":0,"href":"https:\/\/poyrazpaslanmaz.com\/TUR\/wp-json\/wp\/v2\/pages\/12643\/revisions"}],"wp:attachment":[{"href":"https:\/\/poyrazpaslanmaz.com\/TUR\/wp-json\/wp\/v2\/media?parent=12643"}],"curies":[{"name":"wp","href":"https:\/\/api.w.org\/{rel}","templated":true}]}}