{"id":12699,"date":"2022-02-07T11:43:21","date_gmt":"2022-02-07T08:43:21","guid":{"rendered":"https:\/\/poyrazpaslanmaz.com\/TUR\/?page_id=12699"},"modified":"2025-12-19T11:12:51","modified_gmt":"2025-12-19T08:12:51","slug":"stainless-steel-grinding-polishing-line","status":"publish","type":"page","link":"https:\/\/poyrazpaslanmaz.com\/TUR\/stainless-steel-grinding-polishing-line\/","title":{"rendered":"Grinding &#038; Polishing Line"},"content":{"rendered":"\t\t<div data-elementor-type=\"wp-page\" data-elementor-id=\"12699\" class=\"elementor elementor-12699\" data-elementor-settings=\"[]\">\n\t\t\t\t\t\t\t<div class=\"elementor-section-wrap\">\n\t\t\t\t\t\t\t<section class=\"elementor-section elementor-top-section elementor-element elementor-element-5eecbd6 elementor-section-boxed elementor-section-height-default elementor-section-height-default\" data-id=\"5eecbd6\" data-element_type=\"section\">\n\t\t\t\t\t\t<div class=\"elementor-container elementor-column-gap-default\">\n\t\t\t\t\t<div class=\"elementor-column elementor-col-100 elementor-top-column elementor-element elementor-element-aee5892\" data-id=\"aee5892\" data-element_type=\"column\">\n\t\t\t<div class=\"elementor-widget-wrap elementor-element-populated\">\n\t\t\t\t\t\t\t\t<div class=\"elementor-element elementor-element-fbbca1c elementor-widget elementor-widget-ld_gallery\" data-id=\"fbbca1c\" data-element_type=\"widget\" data-widget_type=\"ld_gallery.default\">\n\t\t\t\t<div class=\"elementor-widget-container\">\n\t\t\t\n\t\t<div class=\"lqd-img-gal\">\n\n\t\t\t<div class=\"lqd-img-gal-imgs\">\n\n\t\t\t\t<div class=\"carousel-container carousel-nav-floated carousel-nav-center carousel-nav-middle carousel-nav-lg carousel-nav-solid carousel-nav-circle carousel-nav-appear-onhover carousel-dots-mobile-inside\">\n\t\t\t\t\t<div class=\"carousel-items\" data-lqd-flickity='{ \"prevNextButtons\": true, \"navArrow\": \"6\", \"parallax\": true, \"adaptiveHeight\": true }' id=\"lqd-image-gallery-69f7281c8e31dmain-carousel\">\n\n\t\t\t\t\t\t\t\t\t\t\t\t<div class=\"carousel-item col-xs-12 px-0\">\n\t\t\t\t\t\t\t<div class=\"carousel-item-inner\">\n\t\t\t\t\t\t\t\t<figure>\n\t\t\t\t\t\t\t\t\t<img loading=\"lazy\" decoding=\"async\" width=\"1920\" height=\"1080\" src=\"https:\/\/poyrazpaslanmaz.com\/TUR\/wp-content\/uploads\/2025\/12\/taslama1.jpg\" class=\"attachment-full size-full\" alt=\"\" srcset=\"https:\/\/poyrazpaslanmaz.com\/TUR\/wp-content\/uploads\/2025\/12\/taslama1.jpg 1920w, https:\/\/poyrazpaslanmaz.com\/TUR\/wp-content\/uploads\/2025\/12\/taslama1-300x169.jpg 300w, https:\/\/poyrazpaslanmaz.com\/TUR\/wp-content\/uploads\/2025\/12\/taslama1-1024x576.jpg 1024w\" sizes=\"auto, (max-width: 1920px) 100vw, 1920px\" \/>\t\t\t\t\t\t\t\t<\/figure>\n\t\t\t\t\t\t\t<\/div>\n\t\t\t\t\t\t<\/div>\n\t\t\t\t\t\t\t\t\t\t\t\t<div class=\"carousel-item col-xs-12 px-0\">\n\t\t\t\t\t\t\t<div class=\"carousel-item-inner\">\n\t\t\t\t\t\t\t\t<figure>\n\t\t\t\t\t\t\t\t\t<img loading=\"lazy\" decoding=\"async\" width=\"1920\" height=\"1080\" src=\"https:\/\/poyrazpaslanmaz.com\/TUR\/wp-content\/uploads\/2025\/12\/taslama2.jpg\" class=\"attachment-full size-full\" alt=\"\" srcset=\"https:\/\/poyrazpaslanmaz.com\/TUR\/wp-content\/uploads\/2025\/12\/taslama2.jpg 1920w, https:\/\/poyrazpaslanmaz.com\/TUR\/wp-content\/uploads\/2025\/12\/taslama2-300x169.jpg 300w, https:\/\/poyrazpaslanmaz.com\/TUR\/wp-content\/uploads\/2025\/12\/taslama2-1024x576.jpg 1024w\" sizes=\"auto, (max-width: 1920px) 100vw, 1920px\" \/>\t\t\t\t\t\t\t\t<\/figure>\n\t\t\t\t\t\t\t<\/div>\n\t\t\t\t\t\t<\/div>\n\t\t\t\t\t\t\n\t\t\t\t\t<\/div>\n\t\t\t\t<\/div>\n\n\t\t\t<\/div>\n\n\t\t\t<div class=\"lqd-img-gal-thumbs\">\n\n\t\t\t\t<div class=\"carousel-container\">\n\t\t\t\t\t<div class=\"carousel-items\" data-lqd-flickity='{ \"contain\": false, \"pageDots\": false, \"asNavFor\": \"#lqd-image-gallery-69f7281c8e31dmain-carousel\" }'>\n\n\t\t\t\t\t\t\t\t\t\t\t\t<div class=\"carousel-item col-xs-4 col-sm-3 col-md-2\">\n\t\t\t\t\t\t\t<div class=\"carousel-item-inner\">\n\t\t\t\t\t\t\t\t<figure>\n\t\t\t\t\t\t\t\t\t<img loading=\"lazy\" decoding=\"async\" width=\"124\" height=\"70\" src=\"https:\/\/poyrazpaslanmaz.com\/TUR\/wp-content\/uploads\/2025\/12\/taslama1.jpg\" class=\"attachment-160x70 size-160x70\" alt=\"\" srcset=\"https:\/\/poyrazpaslanmaz.com\/TUR\/wp-content\/uploads\/2025\/12\/taslama1.jpg 1920w, https:\/\/poyrazpaslanmaz.com\/TUR\/wp-content\/uploads\/2025\/12\/taslama1-300x169.jpg 300w, https:\/\/poyrazpaslanmaz.com\/TUR\/wp-content\/uploads\/2025\/12\/taslama1-1024x576.jpg 1024w\" sizes=\"auto, (max-width: 124px) 100vw, 124px\" \/>\t\t\t\t\t\t\t\t<\/figure>\n\t\t\t\t\t\t\t<\/div>\n\t\t\t\t\t\t<\/div>\n\t\t\t\t\t\t\t\t\t\t\t\t<div class=\"carousel-item col-xs-4 col-sm-3 col-md-2\">\n\t\t\t\t\t\t\t<div class=\"carousel-item-inner\">\n\t\t\t\t\t\t\t\t<figure>\n\t\t\t\t\t\t\t\t\t<img loading=\"lazy\" decoding=\"async\" width=\"124\" height=\"70\" src=\"https:\/\/poyrazpaslanmaz.com\/TUR\/wp-content\/uploads\/2025\/12\/taslama2.jpg\" class=\"attachment-160x70 size-160x70\" alt=\"\" srcset=\"https:\/\/poyrazpaslanmaz.com\/TUR\/wp-content\/uploads\/2025\/12\/taslama2.jpg 1920w, https:\/\/poyrazpaslanmaz.com\/TUR\/wp-content\/uploads\/2025\/12\/taslama2-300x169.jpg 300w, https:\/\/poyrazpaslanmaz.com\/TUR\/wp-content\/uploads\/2025\/12\/taslama2-1024x576.jpg 1024w\" sizes=\"auto, (max-width: 124px) 100vw, 124px\" \/>\t\t\t\t\t\t\t\t<\/figure>\n\t\t\t\t\t\t\t<\/div>\n\t\t\t\t\t\t<\/div>\n\t\t\t\t\t\t\n\t\t\t\t\t<\/div>\n\t\t\t\t<\/div>\n\n\t\t\t<\/div>\n\n\t\t<\/div>\n\n\t\t\t\t<\/div>\n\t\t\t\t<\/div>\n\t\t\t\t\t<\/div>\n\t\t<\/div>\n\t\t\t\t\t\t\t<\/div>\n\t\t<\/section>\n\t\t\t\t<section class=\"elementor-section elementor-top-section elementor-element elementor-element-34c1ac0 elementor-section-boxed elementor-section-height-default elementor-section-height-default\" data-id=\"34c1ac0\" data-element_type=\"section\">\n\t\t\t\t\t\t<div class=\"elementor-container elementor-column-gap-default\">\n\t\t\t\t\t<div class=\"elementor-column elementor-col-100 elementor-top-column elementor-element elementor-element-4a17087\" data-id=\"4a17087\" data-element_type=\"column\">\n\t\t\t<div class=\"elementor-widget-wrap elementor-element-populated\">\n\t\t\t\t\t\t\t\t<div class=\"elementor-element elementor-element-88995eb elementor-widget elementor-widget-hub_fancy_heading\" data-id=\"88995eb\" data-element_type=\"widget\" data-widget_type=\"hub_fancy_heading.default\">\n\t\t\t\t<div class=\"elementor-widget-container\">\n\t\t\t\n\t\t<div id=\"ld-fancy-heading-69f7281c952b7\" class=\"ld-fancy-heading\">\n\t\t\t<h2 class=\"ld-fh-element elementor-heading-title lqd-highlight-underline lqd-highlight-grow-left h2\"  > Ta\u015flama \/ F\u0131r\u00e7alama Hatt\u0131<\/h2>\t\t<\/div>\n\n\t\t\t\t<\/div>\n\t\t\t\t<\/div>\n\t\t\t\t<div class=\"elementor-element elementor-element-a589b77 elementor-widget elementor-widget-hub_fancy_heading\" data-id=\"a589b77\" data-element_type=\"widget\" data-widget_type=\"hub_fancy_heading.default\">\n\t\t\t\t<div class=\"elementor-widget-container\">\n\t\t\t\n\t\t<div id=\"ld-fancy-heading-69f7281c95b0a\" class=\"ld-fancy-heading\">\n\t\t\t<div class=\"ld-fh-element lqd-highlight-underline lqd-highlight-grow-left div\"  > 0,50mm ile 3,00mm kal\u0131nl\u0131klar aras\u0131ndaki paslanmaz \u00e7elik levhalar modern ve tam otomatik Ta\u015flama (2 Kafa) ve F\u0131r\u00e7alama (3 Kafa) hatlar\u0131nda y\u00fczey i\u015flemine tabi tutulmaktad\u0131r. <br>Ta\u015flama - TA\u015eLI Y\u00dcZEY (N4) i\u015fleme uluslararas\u0131 standartlara uygun grit kodlar\u0131yla (N series) ve bilgisayar kontroll\u00fc olarak yap\u0131lmaktad\u0131r. <br> F\u0131r\u00e7alama - SB Y\u00dcZEY (Scotch Brite) i\u015fleme uluslararas\u0131 standartlara uygun grit kodlu 3 kafa (Medium, Fine, Very Fine) f\u0131r\u00e7alarla ve bilgisayar kontroll\u00fc olarak yap\u0131lmaktad\u0131r. Ta\u015flama ve F\u0131r\u00e7alama i\u015flemleri her m\u00fc\u015fteri ayr\u0131 bir \u00fcretim parametresi olarak sisteme kay\u0131t edilerek takip edilmekte, m\u00fcteakip sipari\u015flerde ayn\u0131 parametreler kullan\u0131larak \u00fcr\u00fcn kalitesinde s\u00fcreklilik sa\u011flanmaktad\u0131r. Ta\u015flama ve F\u0131r\u00e7alama i\u015flemi s\u0131ras\u0131nda levhalar m\u00fc\u015fteri talebine uygun olarak 70 mikron ve 100 mikron PVC kaplanmaktad\u0131r.<\/div>\t\t<\/div>\n\n\t\t\t\t<\/div>\n\t\t\t\t<\/div>\n\t\t\t\t\t<\/div>\n\t\t<\/div>\n\t\t\t\t\t\t\t<\/div>\n\t\t<\/section>\n\t\t\t\t\t\t<\/div>\n\t\t\t\t\t<\/div>\n\t\t","protected":false},"excerpt":{"rendered":"<p>Ta\u015flama \/ F\u0131r\u00e7alama Hatt\u0131 0,50mm ile 3,00mm kal\u0131nl\u0131klar aras\u0131ndaki paslanmaz \u00e7elik levhalar modern ve tam otomatik Ta\u015flama (2 Kafa) ve F\u0131r\u00e7alama (3 Kafa) hatlar\u0131nda y\u00fczey i\u015flemine tabi tutulmaktad\u0131r. Ta\u015flama &#8211; TA\u015eLI Y\u00dcZEY (N4) i\u015fleme uluslararas\u0131 standartlara uygun grit kodlar\u0131yla (N series) ve bilgisayar kontroll\u00fc olarak yap\u0131lmaktad\u0131r. F\u0131r\u00e7alama &#8211; SB Y\u00dcZEY (Scotch Brite) i\u015fleme uluslararas\u0131 standartlara [&hellip;]<\/p>\n","protected":false},"author":1,"featured_media":0,"parent":0,"menu_order":0,"comment_status":"closed","ping_status":"closed","template":"","meta":{"footnotes":""},"class_list":["post-12699","page","type-page","status-publish","hentry"],"yoast_head":"<!-- This site is optimized with the Yoast SEO Premium plugin v18.1 (Yoast SEO v18.2) - https:\/\/yoast.com\/wordpress\/plugins\/seo\/ -->\n<title>Paslanmaz \u00c7elik Ta\u015flama, Paslanmaz \u00c7elik F\u0131r\u00e7alama (SB, 4N)<\/title>\n<meta name=\"robots\" content=\"index, follow, max-snippet:-1, max-image-preview:large, max-video-preview:-1\" \/>\n<link rel=\"canonical\" href=\"https:\/\/poyrazpaslanmaz.com\/TUR\/stainless-steel-grinding-polishing-line\/\" \/>\n<meta property=\"og:locale\" content=\"tr_TR\" \/>\n<meta property=\"og:type\" content=\"article\" \/>\n<meta property=\"og:title\" content=\"Grinding &amp; Polishing Line\" \/>\n<meta property=\"og:description\" content=\"Ta\u015flama \/ F\u0131r\u00e7alama Hatt\u0131 0,50mm ile 3,00mm kal\u0131nl\u0131klar aras\u0131ndaki paslanmaz \u00e7elik levhalar modern ve tam otomatik Ta\u015flama (2 Kafa) ve F\u0131r\u00e7alama (3 Kafa) hatlar\u0131nda y\u00fczey i\u015flemine tabi tutulmaktad\u0131r. Ta\u015flama &#8211; TA\u015eLI Y\u00dcZEY (N4) i\u015fleme uluslararas\u0131 standartlara uygun grit kodlar\u0131yla (N series) ve bilgisayar kontroll\u00fc olarak yap\u0131lmaktad\u0131r. F\u0131r\u00e7alama &#8211; SB Y\u00dcZEY (Scotch Brite) i\u015fleme uluslararas\u0131 standartlara [&hellip;]\" \/>\n<meta property=\"og:url\" content=\"https:\/\/poyrazpaslanmaz.com\/TUR\/stainless-steel-grinding-polishing-line\/\" \/>\n<meta property=\"og:site_name\" content=\"Poyraz Paslanmaz \u00c7elik Servisi\" \/>\n<meta property=\"article:modified_time\" content=\"2025-12-19T08:12:51+00:00\" \/>\n<meta property=\"og:image\" content=\"https:\/\/poyrazpaslanmaz.com\/TUR\/wp-content\/uploads\/2025\/12\/taslama1.jpg\" \/>\n<meta name=\"twitter:card\" content=\"summary_large_image\" \/>\n<meta name=\"twitter:label1\" content=\"Tahmini okuma s\u00fcresi\" \/>\n\t<meta name=\"twitter:data1\" content=\"2 dakika\" \/>\n<script type=\"application\/ld+json\" class=\"yoast-schema-graph\">{\"@context\":\"https:\/\/schema.org\",\"@graph\":[{\"@type\":\"Organization\",\"@id\":\"https:\/\/poyrazpaslanmaz.com\/TUR\/#organization\",\"name\":\"Poyraz Paslanmaz \u00c7elik Servis Merkezi\",\"url\":\"https:\/\/poyrazpaslanmaz.com\/TUR\/\",\"sameAs\":[\"https:\/\/www.linkedin.com\/company\/poyraz-paslanmaz\/\",\"https:\/\/www.youtube.com\/channel\/UCikMTgktvEY2HsKznCs6wNQ\"],\"logo\":{\"@type\":\"ImageObject\",\"@id\":\"https:\/\/poyrazpaslanmaz.com\/TUR\/#logo\",\"inLanguage\":\"tr\",\"url\":\"https:\/\/poyrazpaslanmaz.com\/TUR\/wp-content\/uploads\/2019\/12\/POYRAZ-LOGO.png\",\"contentUrl\":\"https:\/\/poyrazpaslanmaz.com\/TUR\/wp-content\/uploads\/2019\/12\/POYRAZ-LOGO.png\",\"width\":700,\"height\":215,\"caption\":\"Poyraz Paslanmaz \u00c7elik Servis Merkezi\"},\"image\":{\"@id\":\"https:\/\/poyrazpaslanmaz.com\/TUR\/#logo\"}},{\"@type\":\"WebSite\",\"@id\":\"https:\/\/poyrazpaslanmaz.com\/TUR\/#website\",\"url\":\"https:\/\/poyrazpaslanmaz.com\/TUR\/\",\"name\":\"Poyraz Paslanmaz \u00c7elik Servisi\",\"description\":\"Paslanmaz Rulo, Sac, Boru, Profil, \u00c7ubuk, Lama, K\u00f6\u015febent\",\"publisher\":{\"@id\":\"https:\/\/poyrazpaslanmaz.com\/TUR\/#organization\"},\"potentialAction\":[{\"@type\":\"SearchAction\",\"target\":{\"@type\":\"EntryPoint\",\"urlTemplate\":\"https:\/\/poyrazpaslanmaz.com\/TUR\/?s={search_term_string}\"},\"query-input\":\"required name=search_term_string\"}],\"inLanguage\":\"tr\"},{\"@type\":\"ImageObject\",\"@id\":\"https:\/\/poyrazpaslanmaz.com\/TUR\/stainless-steel-grinding-polishing-line\/#primaryimage\",\"inLanguage\":\"tr\",\"url\":\"https:\/\/poyrazpaslanmaz.com\/TUR\/wp-content\/uploads\/2025\/12\/taslama1.jpg\",\"contentUrl\":\"https:\/\/poyrazpaslanmaz.com\/TUR\/wp-content\/uploads\/2025\/12\/taslama1.jpg\",\"width\":1920,\"height\":1080,\"caption\":\"Ta\u015flama F\u0131r\u00e7alama Hatt\u0131\"},{\"@type\":\"WebPage\",\"@id\":\"https:\/\/poyrazpaslanmaz.com\/TUR\/stainless-steel-grinding-polishing-line\/#webpage\",\"url\":\"https:\/\/poyrazpaslanmaz.com\/TUR\/stainless-steel-grinding-polishing-line\/\",\"name\":\"Paslanmaz \u00c7elik Ta\u015flama, Paslanmaz \u00c7elik F\u0131r\u00e7alama (SB, 4N)\",\"isPartOf\":{\"@id\":\"https:\/\/poyrazpaslanmaz.com\/TUR\/#website\"},\"primaryImageOfPage\":{\"@id\":\"https:\/\/poyrazpaslanmaz.com\/TUR\/stainless-steel-grinding-polishing-line\/#primaryimage\"},\"datePublished\":\"2022-02-07T08:43:21+00:00\",\"dateModified\":\"2025-12-19T08:12:51+00:00\",\"breadcrumb\":{\"@id\":\"https:\/\/poyrazpaslanmaz.com\/TUR\/stainless-steel-grinding-polishing-line\/#breadcrumb\"},\"inLanguage\":\"tr\",\"potentialAction\":[{\"@type\":\"ReadAction\",\"target\":[\"https:\/\/poyrazpaslanmaz.com\/TUR\/stainless-steel-grinding-polishing-line\/\"]}]},{\"@type\":\"BreadcrumbList\",\"@id\":\"https:\/\/poyrazpaslanmaz.com\/TUR\/stainless-steel-grinding-polishing-line\/#breadcrumb\",\"itemListElement\":[{\"@type\":\"ListItem\",\"position\":1,\"name\":\"Anasayfa\",\"item\":\"https:\/\/poyrazpaslanmaz.com\/TUR\/\"},{\"@type\":\"ListItem\",\"position\":2,\"name\":\"Grinding &#038; Polishing Line\"}]},{\"@type\":\"TechArticle\",\"@id\":\"https:\/\/poyrazpaslanmaz.com\/TUR\/stainless-steel-grinding-polishing-line\/#article\",\"isPartOf\":{\"@id\":\"https:\/\/poyrazpaslanmaz.com\/TUR\/stainless-steel-grinding-polishing-line\/#webpage\"},\"author\":{\"@id\":\"https:\/\/poyrazpaslanmaz.com\/TUR\/#\/schema\/person\/c779564c9945a08d3334cf8c7064c3a0\"},\"headline\":\"Grinding &#038; Polishing Line\",\"datePublished\":\"2022-02-07T08:43:21+00:00\",\"dateModified\":\"2025-12-19T08:12:51+00:00\",\"mainEntityOfPage\":{\"@id\":\"https:\/\/poyrazpaslanmaz.com\/TUR\/stainless-steel-grinding-polishing-line\/#webpage\"},\"wordCount\":158,\"publisher\":{\"@id\":\"https:\/\/poyrazpaslanmaz.com\/TUR\/#organization\"},\"image\":{\"@id\":\"https:\/\/poyrazpaslanmaz.com\/TUR\/stainless-steel-grinding-polishing-line\/#primaryimage\"},\"thumbnailUrl\":\"https:\/\/poyrazpaslanmaz.com\/TUR\/wp-content\/uploads\/2025\/12\/taslama1.jpg\",\"inLanguage\":\"tr\"},{\"@type\":\"Person\",\"@id\":\"https:\/\/poyrazpaslanmaz.com\/TUR\/#\/schema\/person\/c779564c9945a08d3334cf8c7064c3a0\",\"name\":\"poyraz\",\"image\":{\"@type\":\"ImageObject\",\"@id\":\"https:\/\/poyrazpaslanmaz.com\/TUR\/#personlogo\",\"inLanguage\":\"tr\",\"url\":\"https:\/\/secure.gravatar.com\/avatar\/0e253ed5519749879d717378123245bf?s=96&d=mm&r=g\",\"contentUrl\":\"https:\/\/secure.gravatar.com\/avatar\/0e253ed5519749879d717378123245bf?s=96&d=mm&r=g\",\"caption\":\"poyraz\"},\"sameAs\":[\"http:\/\/poyrazpaslanmaz.com\/TUR\"],\"url\":\"https:\/\/poyrazpaslanmaz.com\/TUR\/author\/poyraz\/\"}]}<\/script>\n<!-- \/ Yoast SEO Premium plugin. -->","yoast_head_json":{"title":"Paslanmaz \u00c7elik Ta\u015flama, Paslanmaz \u00c7elik F\u0131r\u00e7alama (SB, 4N)","robots":{"index":"index","follow":"follow","max-snippet":"max-snippet:-1","max-image-preview":"max-image-preview:large","max-video-preview":"max-video-preview:-1"},"canonical":"https:\/\/poyrazpaslanmaz.com\/TUR\/stainless-steel-grinding-polishing-line\/","og_locale":"tr_TR","og_type":"article","og_title":"Grinding & Polishing Line","og_description":"Ta\u015flama \/ F\u0131r\u00e7alama Hatt\u0131 0,50mm ile 3,00mm kal\u0131nl\u0131klar aras\u0131ndaki paslanmaz \u00e7elik levhalar modern ve tam otomatik Ta\u015flama (2 Kafa) ve F\u0131r\u00e7alama (3 Kafa) hatlar\u0131nda y\u00fczey i\u015flemine tabi tutulmaktad\u0131r. Ta\u015flama &#8211; TA\u015eLI Y\u00dcZEY (N4) i\u015fleme uluslararas\u0131 standartlara uygun grit kodlar\u0131yla (N series) ve bilgisayar kontroll\u00fc olarak yap\u0131lmaktad\u0131r. F\u0131r\u00e7alama &#8211; SB Y\u00dcZEY (Scotch Brite) i\u015fleme uluslararas\u0131 standartlara [&hellip;]","og_url":"https:\/\/poyrazpaslanmaz.com\/TUR\/stainless-steel-grinding-polishing-line\/","og_site_name":"Poyraz Paslanmaz \u00c7elik Servisi","article_modified_time":"2025-12-19T08:12:51+00:00","og_image":[{"url":"https:\/\/poyrazpaslanmaz.com\/TUR\/wp-content\/uploads\/2025\/12\/taslama1.jpg"}],"twitter_card":"summary_large_image","twitter_misc":{"Tahmini okuma s\u00fcresi":"2 dakika"},"schema":{"@context":"https:\/\/schema.org","@graph":[{"@type":"Organization","@id":"https:\/\/poyrazpaslanmaz.com\/TUR\/#organization","name":"Poyraz Paslanmaz \u00c7elik Servis Merkezi","url":"https:\/\/poyrazpaslanmaz.com\/TUR\/","sameAs":["https:\/\/www.linkedin.com\/company\/poyraz-paslanmaz\/","https:\/\/www.youtube.com\/channel\/UCikMTgktvEY2HsKznCs6wNQ"],"logo":{"@type":"ImageObject","@id":"https:\/\/poyrazpaslanmaz.com\/TUR\/#logo","inLanguage":"tr","url":"https:\/\/poyrazpaslanmaz.com\/TUR\/wp-content\/uploads\/2019\/12\/POYRAZ-LOGO.png","contentUrl":"https:\/\/poyrazpaslanmaz.com\/TUR\/wp-content\/uploads\/2019\/12\/POYRAZ-LOGO.png","width":700,"height":215,"caption":"Poyraz Paslanmaz \u00c7elik Servis Merkezi"},"image":{"@id":"https:\/\/poyrazpaslanmaz.com\/TUR\/#logo"}},{"@type":"WebSite","@id":"https:\/\/poyrazpaslanmaz.com\/TUR\/#website","url":"https:\/\/poyrazpaslanmaz.com\/TUR\/","name":"Poyraz Paslanmaz \u00c7elik Servisi","description":"Paslanmaz Rulo, Sac, Boru, Profil, \u00c7ubuk, Lama, K\u00f6\u015febent","publisher":{"@id":"https:\/\/poyrazpaslanmaz.com\/TUR\/#organization"},"potentialAction":[{"@type":"SearchAction","target":{"@type":"EntryPoint","urlTemplate":"https:\/\/poyrazpaslanmaz.com\/TUR\/?s={search_term_string}"},"query-input":"required name=search_term_string"}],"inLanguage":"tr"},{"@type":"ImageObject","@id":"https:\/\/poyrazpaslanmaz.com\/TUR\/stainless-steel-grinding-polishing-line\/#primaryimage","inLanguage":"tr","url":"https:\/\/poyrazpaslanmaz.com\/TUR\/wp-content\/uploads\/2025\/12\/taslama1.jpg","contentUrl":"https:\/\/poyrazpaslanmaz.com\/TUR\/wp-content\/uploads\/2025\/12\/taslama1.jpg","width":1920,"height":1080,"caption":"Ta\u015flama F\u0131r\u00e7alama Hatt\u0131"},{"@type":"WebPage","@id":"https:\/\/poyrazpaslanmaz.com\/TUR\/stainless-steel-grinding-polishing-line\/#webpage","url":"https:\/\/poyrazpaslanmaz.com\/TUR\/stainless-steel-grinding-polishing-line\/","name":"Paslanmaz \u00c7elik Ta\u015flama, Paslanmaz \u00c7elik F\u0131r\u00e7alama (SB, 4N)","isPartOf":{"@id":"https:\/\/poyrazpaslanmaz.com\/TUR\/#website"},"primaryImageOfPage":{"@id":"https:\/\/poyrazpaslanmaz.com\/TUR\/stainless-steel-grinding-polishing-line\/#primaryimage"},"datePublished":"2022-02-07T08:43:21+00:00","dateModified":"2025-12-19T08:12:51+00:00","breadcrumb":{"@id":"https:\/\/poyrazpaslanmaz.com\/TUR\/stainless-steel-grinding-polishing-line\/#breadcrumb"},"inLanguage":"tr","potentialAction":[{"@type":"ReadAction","target":["https:\/\/poyrazpaslanmaz.com\/TUR\/stainless-steel-grinding-polishing-line\/"]}]},{"@type":"BreadcrumbList","@id":"https:\/\/poyrazpaslanmaz.com\/TUR\/stainless-steel-grinding-polishing-line\/#breadcrumb","itemListElement":[{"@type":"ListItem","position":1,"name":"Anasayfa","item":"https:\/\/poyrazpaslanmaz.com\/TUR\/"},{"@type":"ListItem","position":2,"name":"Grinding &#038; Polishing Line"}]},{"@type":"TechArticle","@id":"https:\/\/poyrazpaslanmaz.com\/TUR\/stainless-steel-grinding-polishing-line\/#article","isPartOf":{"@id":"https:\/\/poyrazpaslanmaz.com\/TUR\/stainless-steel-grinding-polishing-line\/#webpage"},"author":{"@id":"https:\/\/poyrazpaslanmaz.com\/TUR\/#\/schema\/person\/c779564c9945a08d3334cf8c7064c3a0"},"headline":"Grinding &#038; Polishing Line","datePublished":"2022-02-07T08:43:21+00:00","dateModified":"2025-12-19T08:12:51+00:00","mainEntityOfPage":{"@id":"https:\/\/poyrazpaslanmaz.com\/TUR\/stainless-steel-grinding-polishing-line\/#webpage"},"wordCount":158,"publisher":{"@id":"https:\/\/poyrazpaslanmaz.com\/TUR\/#organization"},"image":{"@id":"https:\/\/poyrazpaslanmaz.com\/TUR\/stainless-steel-grinding-polishing-line\/#primaryimage"},"thumbnailUrl":"https:\/\/poyrazpaslanmaz.com\/TUR\/wp-content\/uploads\/2025\/12\/taslama1.jpg","inLanguage":"tr"},{"@type":"Person","@id":"https:\/\/poyrazpaslanmaz.com\/TUR\/#\/schema\/person\/c779564c9945a08d3334cf8c7064c3a0","name":"poyraz","image":{"@type":"ImageObject","@id":"https:\/\/poyrazpaslanmaz.com\/TUR\/#personlogo","inLanguage":"tr","url":"https:\/\/secure.gravatar.com\/avatar\/0e253ed5519749879d717378123245bf?s=96&d=mm&r=g","contentUrl":"https:\/\/secure.gravatar.com\/avatar\/0e253ed5519749879d717378123245bf?s=96&d=mm&r=g","caption":"poyraz"},"sameAs":["http:\/\/poyrazpaslanmaz.com\/TUR"],"url":"https:\/\/poyrazpaslanmaz.com\/TUR\/author\/poyraz\/"}]}},"_links":{"self":[{"href":"https:\/\/poyrazpaslanmaz.com\/TUR\/wp-json\/wp\/v2\/pages\/12699","targetHints":{"allow":["GET"]}}],"collection":[{"href":"https:\/\/poyrazpaslanmaz.com\/TUR\/wp-json\/wp\/v2\/pages"}],"about":[{"href":"https:\/\/poyrazpaslanmaz.com\/TUR\/wp-json\/wp\/v2\/types\/page"}],"author":[{"embeddable":true,"href":"https:\/\/poyrazpaslanmaz.com\/TUR\/wp-json\/wp\/v2\/users\/1"}],"replies":[{"embeddable":true,"href":"https:\/\/poyrazpaslanmaz.com\/TUR\/wp-json\/wp\/v2\/comments?post=12699"}],"version-history":[{"count":3,"href":"https:\/\/poyrazpaslanmaz.com\/TUR\/wp-json\/wp\/v2\/pages\/12699\/revisions"}],"predecessor-version":[{"id":13289,"href":"https:\/\/poyrazpaslanmaz.com\/TUR\/wp-json\/wp\/v2\/pages\/12699\/revisions\/13289"}],"wp:attachment":[{"href":"https:\/\/poyrazpaslanmaz.com\/TUR\/wp-json\/wp\/v2\/media?parent=12699"}],"curies":[{"name":"wp","href":"https:\/\/api.w.org\/{rel}","templated":true}]}}