{"id":12706,"date":"2022-02-07T11:47:12","date_gmt":"2022-02-07T08:47:12","guid":{"rendered":"https:\/\/poyrazpaslanmaz.com\/TUR\/?page_id=12706"},"modified":"2022-02-21T09:40:59","modified_gmt":"2022-02-21T06:40:59","slug":"stainless-steel-press-brake-bending","status":"publish","type":"page","link":"https:\/\/poyrazpaslanmaz.com\/TUR\/stainless-steel-press-brake-bending\/","title":{"rendered":"Press-Brake Bending"},"content":{"rendered":"\t\t<div data-elementor-type=\"wp-page\" data-elementor-id=\"12706\" class=\"elementor elementor-12706\" data-elementor-settings=\"[]\">\n\t\t\t\t\t\t\t<div class=\"elementor-section-wrap\">\n\t\t\t\t\t\t\t<section class=\"elementor-section elementor-top-section elementor-element elementor-element-9009454 elementor-section-boxed elementor-section-height-default elementor-section-height-default\" data-id=\"9009454\" data-element_type=\"section\">\n\t\t\t\t\t\t<div class=\"elementor-container elementor-column-gap-default\">\n\t\t\t\t\t<div class=\"elementor-column elementor-col-100 elementor-top-column elementor-element elementor-element-705c6e3\" data-id=\"705c6e3\" data-element_type=\"column\">\n\t\t\t<div class=\"elementor-widget-wrap elementor-element-populated\">\n\t\t\t\t\t\t\t\t<div class=\"elementor-element elementor-element-52d36ea elementor-widget elementor-widget-ld_gallery\" data-id=\"52d36ea\" data-element_type=\"widget\" data-widget_type=\"ld_gallery.default\">\n\t\t\t\t<div class=\"elementor-widget-container\">\n\t\t\t\n\t\t<div class=\"lqd-img-gal\">\n\n\t\t\t<div class=\"lqd-img-gal-imgs\">\n\n\t\t\t\t<div class=\"carousel-container carousel-nav-floated carousel-nav-center carousel-nav-middle carousel-nav-lg carousel-nav-solid carousel-nav-circle carousel-nav-appear-onhover carousel-dots-mobile-inside\">\n\t\t\t\t\t<div class=\"carousel-items\" data-lqd-flickity='{ \"prevNextButtons\": true, \"navArrow\": \"6\", \"parallax\": true, \"adaptiveHeight\": true }' id=\"lqd-image-gallery-69f727e1efa82main-carousel\">\n\n\t\t\t\t\t\t\t\t\t\t\t\t<div class=\"carousel-item col-xs-12 px-0\">\n\t\t\t\t\t\t\t<div class=\"carousel-item-inner\">\n\t\t\t\t\t\t\t\t<figure>\n\t\t\t\t\t\t\t\t\t<img loading=\"lazy\" decoding=\"async\" width=\"1452\" height=\"966\" src=\"https:\/\/poyrazpaslanmaz.com\/TUR\/wp-content\/uploads\/2021\/12\/ABKANT-2.jpg\" class=\"attachment-full size-full\" alt=\"\" srcset=\"https:\/\/poyrazpaslanmaz.com\/TUR\/wp-content\/uploads\/2021\/12\/ABKANT-2.jpg 1452w, https:\/\/poyrazpaslanmaz.com\/TUR\/wp-content\/uploads\/2021\/12\/ABKANT-2-300x200.jpg 300w, https:\/\/poyrazpaslanmaz.com\/TUR\/wp-content\/uploads\/2021\/12\/ABKANT-2-1024x681.jpg 1024w\" sizes=\"auto, (max-width: 1452px) 100vw, 1452px\" \/>\t\t\t\t\t\t\t\t<\/figure>\n\t\t\t\t\t\t\t<\/div>\n\t\t\t\t\t\t<\/div>\n\t\t\t\t\t\t\t\t\t\t\t\t<div class=\"carousel-item col-xs-12 px-0\">\n\t\t\t\t\t\t\t<div class=\"carousel-item-inner\">\n\t\t\t\t\t\t\t\t<figure>\n\t\t\t\t\t\t\t\t\t<img loading=\"lazy\" decoding=\"async\" width=\"1500\" height=\"1000\" src=\"https:\/\/poyrazpaslanmaz.com\/TUR\/wp-content\/uploads\/2021\/12\/ABKANT-1.jpg\" class=\"attachment-full size-full\" alt=\"\" srcset=\"https:\/\/poyrazpaslanmaz.com\/TUR\/wp-content\/uploads\/2021\/12\/ABKANT-1.jpg 1500w, https:\/\/poyrazpaslanmaz.com\/TUR\/wp-content\/uploads\/2021\/12\/ABKANT-1-300x200.jpg 300w, https:\/\/poyrazpaslanmaz.com\/TUR\/wp-content\/uploads\/2021\/12\/ABKANT-1-1024x683.jpg 1024w, https:\/\/poyrazpaslanmaz.com\/TUR\/wp-content\/uploads\/2021\/12\/ABKANT-1-720x480.jpg 720w\" sizes=\"auto, (max-width: 1500px) 100vw, 1500px\" \/>\t\t\t\t\t\t\t\t<\/figure>\n\t\t\t\t\t\t\t<\/div>\n\t\t\t\t\t\t<\/div>\n\t\t\t\t\t\t\t\t\t\t\t\t<div class=\"carousel-item col-xs-12 px-0\">\n\t\t\t\t\t\t\t<div class=\"carousel-item-inner\">\n\t\t\t\t\t\t\t\t<figure>\n\t\t\t\t\t\t\t\t\t<img loading=\"lazy\" decoding=\"async\" width=\"1452\" height=\"966\" src=\"https:\/\/poyrazpaslanmaz.com\/TUR\/wp-content\/uploads\/2021\/12\/ABKANT-3.jpg\" class=\"attachment-full size-full\" alt=\"\" srcset=\"https:\/\/poyrazpaslanmaz.com\/TUR\/wp-content\/uploads\/2021\/12\/ABKANT-3.jpg 1452w, https:\/\/poyrazpaslanmaz.com\/TUR\/wp-content\/uploads\/2021\/12\/ABKANT-3-300x200.jpg 300w, https:\/\/poyrazpaslanmaz.com\/TUR\/wp-content\/uploads\/2021\/12\/ABKANT-3-1024x681.jpg 1024w\" sizes=\"auto, (max-width: 1452px) 100vw, 1452px\" \/>\t\t\t\t\t\t\t\t<\/figure>\n\t\t\t\t\t\t\t<\/div>\n\t\t\t\t\t\t<\/div>\n\t\t\t\t\t\t\n\t\t\t\t\t<\/div>\n\t\t\t\t<\/div>\n\n\t\t\t<\/div>\n\n\t\t\t<div class=\"lqd-img-gal-thumbs\">\n\n\t\t\t\t<div class=\"carousel-container\">\n\t\t\t\t\t<div class=\"carousel-items\" data-lqd-flickity='{ \"contain\": false, \"pageDots\": false, \"asNavFor\": \"#lqd-image-gallery-69f727e1efa82main-carousel\" }'>\n\n\t\t\t\t\t\t\t\t\t\t\t\t<div class=\"carousel-item col-xs-4 col-sm-3 col-md-2\">\n\t\t\t\t\t\t\t<div class=\"carousel-item-inner\">\n\t\t\t\t\t\t\t\t<figure>\n\t\t\t\t\t\t\t\t\t<img loading=\"lazy\" decoding=\"async\" width=\"105\" height=\"70\" src=\"https:\/\/poyrazpaslanmaz.com\/TUR\/wp-content\/uploads\/2021\/12\/ABKANT-2.jpg\" class=\"attachment-160x70 size-160x70\" alt=\"\" srcset=\"https:\/\/poyrazpaslanmaz.com\/TUR\/wp-content\/uploads\/2021\/12\/ABKANT-2.jpg 1452w, https:\/\/poyrazpaslanmaz.com\/TUR\/wp-content\/uploads\/2021\/12\/ABKANT-2-300x200.jpg 300w, https:\/\/poyrazpaslanmaz.com\/TUR\/wp-content\/uploads\/2021\/12\/ABKANT-2-1024x681.jpg 1024w\" sizes=\"auto, (max-width: 105px) 100vw, 105px\" \/>\t\t\t\t\t\t\t\t<\/figure>\n\t\t\t\t\t\t\t<\/div>\n\t\t\t\t\t\t<\/div>\n\t\t\t\t\t\t\t\t\t\t\t\t<div class=\"carousel-item col-xs-4 col-sm-3 col-md-2\">\n\t\t\t\t\t\t\t<div class=\"carousel-item-inner\">\n\t\t\t\t\t\t\t\t<figure>\n\t\t\t\t\t\t\t\t\t<img loading=\"lazy\" decoding=\"async\" width=\"105\" height=\"70\" src=\"https:\/\/poyrazpaslanmaz.com\/TUR\/wp-content\/uploads\/2021\/12\/ABKANT-1.jpg\" class=\"attachment-160x70 size-160x70\" alt=\"\" srcset=\"https:\/\/poyrazpaslanmaz.com\/TUR\/wp-content\/uploads\/2021\/12\/ABKANT-1.jpg 1500w, https:\/\/poyrazpaslanmaz.com\/TUR\/wp-content\/uploads\/2021\/12\/ABKANT-1-300x200.jpg 300w, https:\/\/poyrazpaslanmaz.com\/TUR\/wp-content\/uploads\/2021\/12\/ABKANT-1-1024x683.jpg 1024w, https:\/\/poyrazpaslanmaz.com\/TUR\/wp-content\/uploads\/2021\/12\/ABKANT-1-720x480.jpg 720w\" sizes=\"auto, (max-width: 105px) 100vw, 105px\" \/>\t\t\t\t\t\t\t\t<\/figure>\n\t\t\t\t\t\t\t<\/div>\n\t\t\t\t\t\t<\/div>\n\t\t\t\t\t\t\t\t\t\t\t\t<div class=\"carousel-item col-xs-4 col-sm-3 col-md-2\">\n\t\t\t\t\t\t\t<div class=\"carousel-item-inner\">\n\t\t\t\t\t\t\t\t<figure>\n\t\t\t\t\t\t\t\t\t<img loading=\"lazy\" decoding=\"async\" width=\"105\" height=\"70\" src=\"https:\/\/poyrazpaslanmaz.com\/TUR\/wp-content\/uploads\/2021\/12\/ABKANT-3.jpg\" class=\"attachment-160x70 size-160x70\" alt=\"\" srcset=\"https:\/\/poyrazpaslanmaz.com\/TUR\/wp-content\/uploads\/2021\/12\/ABKANT-3.jpg 1452w, https:\/\/poyrazpaslanmaz.com\/TUR\/wp-content\/uploads\/2021\/12\/ABKANT-3-300x200.jpg 300w, https:\/\/poyrazpaslanmaz.com\/TUR\/wp-content\/uploads\/2021\/12\/ABKANT-3-1024x681.jpg 1024w\" sizes=\"auto, (max-width: 105px) 100vw, 105px\" \/>\t\t\t\t\t\t\t\t<\/figure>\n\t\t\t\t\t\t\t<\/div>\n\t\t\t\t\t\t<\/div>\n\t\t\t\t\t\t\n\t\t\t\t\t<\/div>\n\t\t\t\t<\/div>\n\n\t\t\t<\/div>\n\n\t\t<\/div>\n\n\t\t\t\t<\/div>\n\t\t\t\t<\/div>\n\t\t\t\t<div class=\"elementor-element elementor-element-64aa330 elementor-widget elementor-widget-hub_fancy_heading\" data-id=\"64aa330\" data-element_type=\"widget\" data-widget_type=\"hub_fancy_heading.default\">\n\t\t\t\t<div class=\"elementor-widget-container\">\n\t\t\t\n\t\t<div id=\"ld-fancy-heading-69f727e200ffe\" class=\"ld-fancy-heading\">\n\t\t\t<h2 class=\"ld-fh-element elementor-heading-title lqd-highlight-underline lqd-highlight-grow-left h2\"  > TOLERANSLAR<\/h2>\t\t<\/div>\n\n\t\t\t\t<\/div>\n\t\t\t\t<\/div>\n\t\t\t\t\t<\/div>\n\t\t<\/div>\n\t\t\t\t\t\t\t<\/div>\n\t\t<\/section>\n\t\t\t\t<section class=\"elementor-section elementor-top-section elementor-element elementor-element-464fe36 elementor-section-boxed elementor-section-height-default elementor-section-height-default\" data-id=\"464fe36\" data-element_type=\"section\">\n\t\t\t\t\t\t<div class=\"elementor-container elementor-column-gap-default\">\n\t\t\t\t\t<div class=\"elementor-column elementor-col-100 elementor-top-column elementor-element elementor-element-b9cc89c\" data-id=\"b9cc89c\" data-element_type=\"column\">\n\t\t\t<div class=\"elementor-widget-wrap elementor-element-populated\">\n\t\t\t\t\t\t\t\t<div class=\"elementor-element elementor-element-c9d7e03 elementor-widget elementor-widget-ld_price_table\" data-id=\"c9d7e03\" data-element_type=\"widget\" data-widget_type=\"ld_price_table.default\">\n\t\t\t\t<div class=\"elementor-widget-container\">\n\t\t\t <div class=\"lqd-pt lqd-pt-style-8 lqd-pt-title-16 lqd-pt-price-48 pos-rel round\">\n\t\t\t\t<div class=\"lqd-pt-inner pt-6 pb-5\">\n\n\t\t\t\t\t<div class=\"lqd-pt-bg lqd-overlay round\"><\/div>\n\n\t\t\t\t\t\n\t\t\t\t\t<div class=\"lqd-pt-head pos-rel px-5 pb-4 text-center\">\n\t\t\t\t\t\t<span class=\"lqd-pt-price font-weight-bold mb-3\">Abkant B\u00fck\u00fcm<\/span>\t\t\t\t\t\t\t\t\t\t\t<\/div>\n\n\t\t\t\t\t<div class=\"lqd-pt-body pos-rel pt-3 px-5 px-md-8\">\n\t\t\t\t\t\t<ul>\n<li><span style=\"text-decoration: underline\">Kal\u0131nl\u0131k:<\/span>\u00a0 0,50 mm - 10,00 mm\u00a0<\/li>\n<li><span style=\"text-decoration: underline\">Geni\u015flik\/EN:<\/span>\u00a0 10x10 mm<\/li>\n<li><span style=\"text-decoration: underline\">Maks. Boy<\/span>: 4.000 mm<\/li>\n<li><span style=\"text-decoration: underline\">Tolerans<\/span>: + \/ \u2013 1 mm\u00a0<\/li>\n<li><span style=\"text-decoration: underline\">Malzeme<\/span>: Paslanmaz<\/li>\n<\/ul>\n\t\t\t\t\t<\/div>\n\n\t\t\t\t\t\n\t\t\t\t<\/div>\n\n\t\t\t<\/div>\t\t<\/div>\n\t\t\t\t<\/div>\n\t\t\t\t\t<\/div>\n\t\t<\/div>\n\t\t\t\t\t\t\t<\/div>\n\t\t<\/section>\n\t\t\t\t<section class=\"elementor-section elementor-top-section elementor-element elementor-element-7091f81 elementor-section-boxed elementor-section-height-default elementor-section-height-default\" data-id=\"7091f81\" data-element_type=\"section\">\n\t\t\t\t\t\t<div class=\"elementor-container elementor-column-gap-default\">\n\t\t\t\t\t<div class=\"elementor-column elementor-col-100 elementor-top-column elementor-element elementor-element-b86b96a\" data-id=\"b86b96a\" data-element_type=\"column\">\n\t\t\t<div class=\"elementor-widget-wrap elementor-element-populated\">\n\t\t\t\t\t\t\t\t<div class=\"elementor-element elementor-element-753003d elementor-widget elementor-widget-hub_fancy_heading\" data-id=\"753003d\" data-element_type=\"widget\" data-widget_type=\"hub_fancy_heading.default\">\n\t\t\t\t<div class=\"elementor-widget-container\">\n\t\t\t\n\t\t<div id=\"ld-fancy-heading-69f727e205909\" class=\"ld-fancy-heading\">\n\t\t\t<h2 class=\"ld-fh-element elementor-heading-title lqd-highlight-underline lqd-highlight-grow-left h2\"  > ABKANT B\u00dcK\u00dcM<\/h2>\t\t<\/div>\n\n\t\t\t\t<\/div>\n\t\t\t\t<\/div>\n\t\t\t\t<div class=\"elementor-element elementor-element-96c9d6e elementor-widget elementor-widget-hub_fancy_heading\" data-id=\"96c9d6e\" data-element_type=\"widget\" data-widget_type=\"hub_fancy_heading.default\">\n\t\t\t\t<div class=\"elementor-widget-container\">\n\t\t\t\n\t\t<div id=\"ld-fancy-heading-69f727e205f6a\" class=\"ld-fancy-heading\">\n\t\t\t<div class=\"ld-fh-element lqd-highlight-underline lqd-highlight-grow-left div\"  > CNC Abkant pres, sac metal hammaddeyi b\u00fckerek istenen forma getiren bir sa\u00e7 \u015fekillendirme tezgah\u0131d\u0131r. <br>Daha ilkel olan t\u00fcr\u00fc caka olarak adland\u0131r\u0131l\u0131r. <br>Abkant b\u00fck\u00fcm tezgahlar\u0131 ile sac metal, iki kal\u0131p aras\u0131nda bas\u0131larak \u015fekil al\u0131r. Altta bulunan b\u00fcy\u00fck kal\u0131p di\u015fi kal\u0131pt\u0131r, \u00fcstteki ise erkek kal\u0131pt\u0131r. <br>Farkl\u0131 tonajlarda ve geni\u015fliklerde modelleri vard\u0131r. \u00dcst kal\u0131p, alt kal\u0131p, hidrolik eksenleri, CNC kontrol \u00fcnitesi gibi b\u00f6l\u00fcmlerden olu\u015fur. <br>\u00dcst kal\u0131b\u0131n di\u015fi kal\u0131ba hidrolik kuvvetle bask\u0131 uygulamas\u0131 ile sac\u0131 arada s\u0131k\u0131\u015ft\u0131rarak farkl\u0131 a\u00e7\u0131larda b\u00fckmeyi sa\u011flar. <br>Di\u015fi kal\u0131p \u201cV\u201d \u015feklindedir. <br>\u00dcst kal\u0131p yani erkek kal\u0131p da \u201cV\u201d \u015feklindedir. \n<br>Geli\u015fen teknolojiyle birlikte bilgisayar\u0131n makineler \u00fczerindeki kontrol\u00fc h\u0131zla artmaktad\u0131r. <br>Abkant tezg\u00e2hlar\u0131nda yap\u0131lan i\u015flerin daha kaliteli, daha h\u0131zl\u0131 ve daha kolay bir \u015fekilde yap\u0131labilmesi, \u00fcretimin kalitesini ve rekabet g\u00fcc\u00fcn\u00fc artt\u0131rmaktad\u0131r. <br>Bu da abkant b\u00fckme makinesinin bilgisayar kontroll\u00fc olmas\u0131yla m\u00fcmk\u00fcnd\u00fcr.\n\nAbkant presler, sac metale hidrolik bas\u0131n\u00e7la kuvvet uygular. <br>Malzeme t\u00fcr\u00fc, malzeme kal\u0131nl\u0131\u011f\u0131, uygulanacak bas\u0131n\u00e7 gibi bilgiler CNC kontrol panelinden cihaza girilir. Bu bilgiler verildikten sonra animasyon elde edilir ve b\u00fckme i\u015flemi sonras\u0131 ortaya \u00e7\u0131kacak olan \u00fcr\u00fcn g\u00f6r\u00fclm\u00fc\u015f olur. Bir hatayla kar\u015f\u0131la\u015f\u0131lmas\u0131 halinde gerekli de\u011fi\u015fiklikler yap\u0131larak istenen \u00fcr\u00fcn\u00fcn \u00fcretilmesi sa\u011flan\u0131r. CNC kontroll\u00fc abkantlardaki \u00f6nemli di\u011fer bir \u00f6zellik ise arka dayaman\u0131n hareket ettirilebilmesidir. <br>\u0130leri, geri, a\u015fa\u011f\u0131 ve yukar\u0131 sayesinde daha hassas \u00fcretimle istenen form sac metale verilebilir. <br>Bu da CNC\u2019nin abkanta kazand\u0131rd\u0131\u011f\u0131 kolayl\u0131klardand\u0131r.<\/div>\t\t<\/div>\n\n\t\t\t\t<\/div>\n\t\t\t\t<\/div>\n\t\t\t\t\t<\/div>\n\t\t<\/div>\n\t\t\t\t\t\t\t<\/div>\n\t\t<\/section>\n\t\t\t\t\t\t<\/div>\n\t\t\t\t\t<\/div>\n\t\t","protected":false},"excerpt":{"rendered":"<p>TOLERANSLAR Abkant B\u00fck\u00fcm Kal\u0131nl\u0131k:\u00a0 0,50 mm &#8211; 10,00 mm\u00a0 Geni\u015flik\/EN:\u00a0 10&#215;10 mm Maks. Boy: 4.000 mm Tolerans: + \/ \u2013 1 mm\u00a0 Malzeme: Paslanmaz ABKANT B\u00dcK\u00dcM CNC Abkant pres, sac metal hammaddeyi b\u00fckerek istenen forma getiren bir sa\u00e7 \u015fekillendirme tezgah\u0131d\u0131r. Daha ilkel olan t\u00fcr\u00fc caka olarak adland\u0131r\u0131l\u0131r. Abkant b\u00fck\u00fcm tezgahlar\u0131 ile sac metal, iki kal\u0131p [&hellip;]<\/p>\n","protected":false},"author":1,"featured_media":0,"parent":0,"menu_order":0,"comment_status":"closed","ping_status":"closed","template":"","meta":{"footnotes":""},"class_list":["post-12706","page","type-page","status-publish","hentry"],"yoast_head":"<!-- This site is optimized with the Yoast SEO Premium plugin v18.1 (Yoast SEO v18.2) - https:\/\/yoast.com\/wordpress\/plugins\/seo\/ -->\n<title>Paslanmaz \u00c7elik Abkant B\u00fck\u00fcm<\/title>\n<meta name=\"robots\" content=\"index, follow, max-snippet:-1, max-image-preview:large, max-video-preview:-1\" \/>\n<link rel=\"canonical\" href=\"https:\/\/poyrazpaslanmaz.com\/TUR\/stainless-steel-press-brake-bending\/\" \/>\n<meta property=\"og:locale\" content=\"tr_TR\" \/>\n<meta property=\"og:type\" content=\"article\" \/>\n<meta property=\"og:title\" content=\"Press-Brake Bending\" \/>\n<meta property=\"og:description\" content=\"TOLERANSLAR Abkant B\u00fck\u00fcm Kal\u0131nl\u0131k:\u00a0 0,50 mm &#8211; 10,00 mm\u00a0 Geni\u015flik\/EN:\u00a0 10&#215;10 mm Maks. Boy: 4.000 mm Tolerans: + \/ \u2013 1 mm\u00a0 Malzeme: Paslanmaz ABKANT B\u00dcK\u00dcM CNC Abkant pres, sac metal hammaddeyi b\u00fckerek istenen forma getiren bir sa\u00e7 \u015fekillendirme tezgah\u0131d\u0131r. Daha ilkel olan t\u00fcr\u00fc caka olarak adland\u0131r\u0131l\u0131r. Abkant b\u00fck\u00fcm tezgahlar\u0131 ile sac metal, iki kal\u0131p [&hellip;]\" \/>\n<meta property=\"og:url\" content=\"https:\/\/poyrazpaslanmaz.com\/TUR\/stainless-steel-press-brake-bending\/\" \/>\n<meta property=\"og:site_name\" content=\"Poyraz Paslanmaz \u00c7elik Servisi\" \/>\n<meta property=\"article:modified_time\" content=\"2022-02-21T06:40:59+00:00\" \/>\n<meta property=\"og:image\" content=\"https:\/\/poyrazpaslanmaz.com\/TUR\/wp-content\/uploads\/2021\/12\/ABKANT-2.jpg\" \/>\n<meta name=\"twitter:card\" content=\"summary_large_image\" \/>\n<meta name=\"twitter:label1\" content=\"Tahmini okuma s\u00fcresi\" \/>\n\t<meta name=\"twitter:data1\" content=\"3 dakika\" \/>\n<script type=\"application\/ld+json\" class=\"yoast-schema-graph\">{\"@context\":\"https:\/\/schema.org\",\"@graph\":[{\"@type\":\"Organization\",\"@id\":\"https:\/\/poyrazpaslanmaz.com\/TUR\/#organization\",\"name\":\"Poyraz Paslanmaz \u00c7elik Servis Merkezi\",\"url\":\"https:\/\/poyrazpaslanmaz.com\/TUR\/\",\"sameAs\":[\"https:\/\/www.linkedin.com\/company\/poyraz-paslanmaz\/\",\"https:\/\/www.youtube.com\/channel\/UCikMTgktvEY2HsKznCs6wNQ\"],\"logo\":{\"@type\":\"ImageObject\",\"@id\":\"https:\/\/poyrazpaslanmaz.com\/TUR\/#logo\",\"inLanguage\":\"tr\",\"url\":\"https:\/\/poyrazpaslanmaz.com\/TUR\/wp-content\/uploads\/2019\/12\/POYRAZ-LOGO.png\",\"contentUrl\":\"https:\/\/poyrazpaslanmaz.com\/TUR\/wp-content\/uploads\/2019\/12\/POYRAZ-LOGO.png\",\"width\":700,\"height\":215,\"caption\":\"Poyraz Paslanmaz \u00c7elik Servis Merkezi\"},\"image\":{\"@id\":\"https:\/\/poyrazpaslanmaz.com\/TUR\/#logo\"}},{\"@type\":\"WebSite\",\"@id\":\"https:\/\/poyrazpaslanmaz.com\/TUR\/#website\",\"url\":\"https:\/\/poyrazpaslanmaz.com\/TUR\/\",\"name\":\"Poyraz Paslanmaz \u00c7elik Servisi\",\"description\":\"Paslanmaz Rulo, Sac, Boru, Profil, \u00c7ubuk, Lama, K\u00f6\u015febent\",\"publisher\":{\"@id\":\"https:\/\/poyrazpaslanmaz.com\/TUR\/#organization\"},\"potentialAction\":[{\"@type\":\"SearchAction\",\"target\":{\"@type\":\"EntryPoint\",\"urlTemplate\":\"https:\/\/poyrazpaslanmaz.com\/TUR\/?s={search_term_string}\"},\"query-input\":\"required name=search_term_string\"}],\"inLanguage\":\"tr\"},{\"@type\":\"ImageObject\",\"@id\":\"https:\/\/poyrazpaslanmaz.com\/TUR\/stainless-steel-press-brake-bending\/#primaryimage\",\"inLanguage\":\"tr\",\"url\":\"https:\/\/poyrazpaslanmaz.com\/TUR\/wp-content\/uploads\/2021\/12\/ABKANT-2.jpg\",\"contentUrl\":\"https:\/\/poyrazpaslanmaz.com\/TUR\/wp-content\/uploads\/2021\/12\/ABKANT-2.jpg\",\"width\":1452,\"height\":966,\"caption\":\"Paslanmaz \u00c7elikler\"},{\"@type\":\"WebPage\",\"@id\":\"https:\/\/poyrazpaslanmaz.com\/TUR\/stainless-steel-press-brake-bending\/#webpage\",\"url\":\"https:\/\/poyrazpaslanmaz.com\/TUR\/stainless-steel-press-brake-bending\/\",\"name\":\"Paslanmaz \u00c7elik Abkant B\u00fck\u00fcm\",\"isPartOf\":{\"@id\":\"https:\/\/poyrazpaslanmaz.com\/TUR\/#website\"},\"primaryImageOfPage\":{\"@id\":\"https:\/\/poyrazpaslanmaz.com\/TUR\/stainless-steel-press-brake-bending\/#primaryimage\"},\"datePublished\":\"2022-02-07T08:47:12+00:00\",\"dateModified\":\"2022-02-21T06:40:59+00:00\",\"breadcrumb\":{\"@id\":\"https:\/\/poyrazpaslanmaz.com\/TUR\/stainless-steel-press-brake-bending\/#breadcrumb\"},\"inLanguage\":\"tr\",\"potentialAction\":[{\"@type\":\"ReadAction\",\"target\":[\"https:\/\/poyrazpaslanmaz.com\/TUR\/stainless-steel-press-brake-bending\/\"]}]},{\"@type\":\"BreadcrumbList\",\"@id\":\"https:\/\/poyrazpaslanmaz.com\/TUR\/stainless-steel-press-brake-bending\/#breadcrumb\",\"itemListElement\":[{\"@type\":\"ListItem\",\"position\":1,\"name\":\"Anasayfa\",\"item\":\"https:\/\/poyrazpaslanmaz.com\/TUR\/\"},{\"@type\":\"ListItem\",\"position\":2,\"name\":\"Press-Brake Bending\"}]},{\"@type\":\"TechArticle\",\"@id\":\"https:\/\/poyrazpaslanmaz.com\/TUR\/stainless-steel-press-brake-bending\/#article\",\"isPartOf\":{\"@id\":\"https:\/\/poyrazpaslanmaz.com\/TUR\/stainless-steel-press-brake-bending\/#webpage\"},\"author\":{\"@id\":\"https:\/\/poyrazpaslanmaz.com\/TUR\/#\/schema\/person\/c779564c9945a08d3334cf8c7064c3a0\"},\"headline\":\"Press-Brake Bending\",\"datePublished\":\"2022-02-07T08:47:12+00:00\",\"dateModified\":\"2022-02-21T06:40:59+00:00\",\"mainEntityOfPage\":{\"@id\":\"https:\/\/poyrazpaslanmaz.com\/TUR\/stainless-steel-press-brake-bending\/#webpage\"},\"wordCount\":324,\"publisher\":{\"@id\":\"https:\/\/poyrazpaslanmaz.com\/TUR\/#organization\"},\"image\":{\"@id\":\"https:\/\/poyrazpaslanmaz.com\/TUR\/stainless-steel-press-brake-bending\/#primaryimage\"},\"thumbnailUrl\":\"https:\/\/poyrazpaslanmaz.com\/TUR\/wp-content\/uploads\/2021\/12\/ABKANT-2.jpg\",\"inLanguage\":\"tr\"},{\"@type\":\"Person\",\"@id\":\"https:\/\/poyrazpaslanmaz.com\/TUR\/#\/schema\/person\/c779564c9945a08d3334cf8c7064c3a0\",\"name\":\"poyraz\",\"image\":{\"@type\":\"ImageObject\",\"@id\":\"https:\/\/poyrazpaslanmaz.com\/TUR\/#personlogo\",\"inLanguage\":\"tr\",\"url\":\"https:\/\/secure.gravatar.com\/avatar\/0e253ed5519749879d717378123245bf?s=96&d=mm&r=g\",\"contentUrl\":\"https:\/\/secure.gravatar.com\/avatar\/0e253ed5519749879d717378123245bf?s=96&d=mm&r=g\",\"caption\":\"poyraz\"},\"sameAs\":[\"http:\/\/poyrazpaslanmaz.com\/TUR\"],\"url\":\"https:\/\/poyrazpaslanmaz.com\/TUR\/author\/poyraz\/\"}]}<\/script>\n<!-- \/ Yoast SEO Premium plugin. -->","yoast_head_json":{"title":"Paslanmaz \u00c7elik Abkant B\u00fck\u00fcm","robots":{"index":"index","follow":"follow","max-snippet":"max-snippet:-1","max-image-preview":"max-image-preview:large","max-video-preview":"max-video-preview:-1"},"canonical":"https:\/\/poyrazpaslanmaz.com\/TUR\/stainless-steel-press-brake-bending\/","og_locale":"tr_TR","og_type":"article","og_title":"Press-Brake Bending","og_description":"TOLERANSLAR Abkant B\u00fck\u00fcm Kal\u0131nl\u0131k:\u00a0 0,50 mm &#8211; 10,00 mm\u00a0 Geni\u015flik\/EN:\u00a0 10&#215;10 mm Maks. Boy: 4.000 mm Tolerans: + \/ \u2013 1 mm\u00a0 Malzeme: Paslanmaz ABKANT B\u00dcK\u00dcM CNC Abkant pres, sac metal hammaddeyi b\u00fckerek istenen forma getiren bir sa\u00e7 \u015fekillendirme tezgah\u0131d\u0131r. Daha ilkel olan t\u00fcr\u00fc caka olarak adland\u0131r\u0131l\u0131r. Abkant b\u00fck\u00fcm tezgahlar\u0131 ile sac metal, iki kal\u0131p [&hellip;]","og_url":"https:\/\/poyrazpaslanmaz.com\/TUR\/stainless-steel-press-brake-bending\/","og_site_name":"Poyraz Paslanmaz \u00c7elik Servisi","article_modified_time":"2022-02-21T06:40:59+00:00","og_image":[{"url":"https:\/\/poyrazpaslanmaz.com\/TUR\/wp-content\/uploads\/2021\/12\/ABKANT-2.jpg"}],"twitter_card":"summary_large_image","twitter_misc":{"Tahmini okuma s\u00fcresi":"3 dakika"},"schema":{"@context":"https:\/\/schema.org","@graph":[{"@type":"Organization","@id":"https:\/\/poyrazpaslanmaz.com\/TUR\/#organization","name":"Poyraz Paslanmaz \u00c7elik Servis Merkezi","url":"https:\/\/poyrazpaslanmaz.com\/TUR\/","sameAs":["https:\/\/www.linkedin.com\/company\/poyraz-paslanmaz\/","https:\/\/www.youtube.com\/channel\/UCikMTgktvEY2HsKznCs6wNQ"],"logo":{"@type":"ImageObject","@id":"https:\/\/poyrazpaslanmaz.com\/TUR\/#logo","inLanguage":"tr","url":"https:\/\/poyrazpaslanmaz.com\/TUR\/wp-content\/uploads\/2019\/12\/POYRAZ-LOGO.png","contentUrl":"https:\/\/poyrazpaslanmaz.com\/TUR\/wp-content\/uploads\/2019\/12\/POYRAZ-LOGO.png","width":700,"height":215,"caption":"Poyraz Paslanmaz \u00c7elik Servis Merkezi"},"image":{"@id":"https:\/\/poyrazpaslanmaz.com\/TUR\/#logo"}},{"@type":"WebSite","@id":"https:\/\/poyrazpaslanmaz.com\/TUR\/#website","url":"https:\/\/poyrazpaslanmaz.com\/TUR\/","name":"Poyraz Paslanmaz \u00c7elik Servisi","description":"Paslanmaz Rulo, Sac, Boru, Profil, \u00c7ubuk, Lama, K\u00f6\u015febent","publisher":{"@id":"https:\/\/poyrazpaslanmaz.com\/TUR\/#organization"},"potentialAction":[{"@type":"SearchAction","target":{"@type":"EntryPoint","urlTemplate":"https:\/\/poyrazpaslanmaz.com\/TUR\/?s={search_term_string}"},"query-input":"required name=search_term_string"}],"inLanguage":"tr"},{"@type":"ImageObject","@id":"https:\/\/poyrazpaslanmaz.com\/TUR\/stainless-steel-press-brake-bending\/#primaryimage","inLanguage":"tr","url":"https:\/\/poyrazpaslanmaz.com\/TUR\/wp-content\/uploads\/2021\/12\/ABKANT-2.jpg","contentUrl":"https:\/\/poyrazpaslanmaz.com\/TUR\/wp-content\/uploads\/2021\/12\/ABKANT-2.jpg","width":1452,"height":966,"caption":"Paslanmaz \u00c7elikler"},{"@type":"WebPage","@id":"https:\/\/poyrazpaslanmaz.com\/TUR\/stainless-steel-press-brake-bending\/#webpage","url":"https:\/\/poyrazpaslanmaz.com\/TUR\/stainless-steel-press-brake-bending\/","name":"Paslanmaz \u00c7elik Abkant B\u00fck\u00fcm","isPartOf":{"@id":"https:\/\/poyrazpaslanmaz.com\/TUR\/#website"},"primaryImageOfPage":{"@id":"https:\/\/poyrazpaslanmaz.com\/TUR\/stainless-steel-press-brake-bending\/#primaryimage"},"datePublished":"2022-02-07T08:47:12+00:00","dateModified":"2022-02-21T06:40:59+00:00","breadcrumb":{"@id":"https:\/\/poyrazpaslanmaz.com\/TUR\/stainless-steel-press-brake-bending\/#breadcrumb"},"inLanguage":"tr","potentialAction":[{"@type":"ReadAction","target":["https:\/\/poyrazpaslanmaz.com\/TUR\/stainless-steel-press-brake-bending\/"]}]},{"@type":"BreadcrumbList","@id":"https:\/\/poyrazpaslanmaz.com\/TUR\/stainless-steel-press-brake-bending\/#breadcrumb","itemListElement":[{"@type":"ListItem","position":1,"name":"Anasayfa","item":"https:\/\/poyrazpaslanmaz.com\/TUR\/"},{"@type":"ListItem","position":2,"name":"Press-Brake Bending"}]},{"@type":"TechArticle","@id":"https:\/\/poyrazpaslanmaz.com\/TUR\/stainless-steel-press-brake-bending\/#article","isPartOf":{"@id":"https:\/\/poyrazpaslanmaz.com\/TUR\/stainless-steel-press-brake-bending\/#webpage"},"author":{"@id":"https:\/\/poyrazpaslanmaz.com\/TUR\/#\/schema\/person\/c779564c9945a08d3334cf8c7064c3a0"},"headline":"Press-Brake Bending","datePublished":"2022-02-07T08:47:12+00:00","dateModified":"2022-02-21T06:40:59+00:00","mainEntityOfPage":{"@id":"https:\/\/poyrazpaslanmaz.com\/TUR\/stainless-steel-press-brake-bending\/#webpage"},"wordCount":324,"publisher":{"@id":"https:\/\/poyrazpaslanmaz.com\/TUR\/#organization"},"image":{"@id":"https:\/\/poyrazpaslanmaz.com\/TUR\/stainless-steel-press-brake-bending\/#primaryimage"},"thumbnailUrl":"https:\/\/poyrazpaslanmaz.com\/TUR\/wp-content\/uploads\/2021\/12\/ABKANT-2.jpg","inLanguage":"tr"},{"@type":"Person","@id":"https:\/\/poyrazpaslanmaz.com\/TUR\/#\/schema\/person\/c779564c9945a08d3334cf8c7064c3a0","name":"poyraz","image":{"@type":"ImageObject","@id":"https:\/\/poyrazpaslanmaz.com\/TUR\/#personlogo","inLanguage":"tr","url":"https:\/\/secure.gravatar.com\/avatar\/0e253ed5519749879d717378123245bf?s=96&d=mm&r=g","contentUrl":"https:\/\/secure.gravatar.com\/avatar\/0e253ed5519749879d717378123245bf?s=96&d=mm&r=g","caption":"poyraz"},"sameAs":["http:\/\/poyrazpaslanmaz.com\/TUR"],"url":"https:\/\/poyrazpaslanmaz.com\/TUR\/author\/poyraz\/"}]}},"_links":{"self":[{"href":"https:\/\/poyrazpaslanmaz.com\/TUR\/wp-json\/wp\/v2\/pages\/12706","targetHints":{"allow":["GET"]}}],"collection":[{"href":"https:\/\/poyrazpaslanmaz.com\/TUR\/wp-json\/wp\/v2\/pages"}],"about":[{"href":"https:\/\/poyrazpaslanmaz.com\/TUR\/wp-json\/wp\/v2\/types\/page"}],"author":[{"embeddable":true,"href":"https:\/\/poyrazpaslanmaz.com\/TUR\/wp-json\/wp\/v2\/users\/1"}],"replies":[{"embeddable":true,"href":"https:\/\/poyrazpaslanmaz.com\/TUR\/wp-json\/wp\/v2\/comments?post=12706"}],"version-history":[{"count":0,"href":"https:\/\/poyrazpaslanmaz.com\/TUR\/wp-json\/wp\/v2\/pages\/12706\/revisions"}],"wp:attachment":[{"href":"https:\/\/poyrazpaslanmaz.com\/TUR\/wp-json\/wp\/v2\/media?parent=12706"}],"curies":[{"name":"wp","href":"https:\/\/api.w.org\/{rel}","templated":true}]}}