{"id":12756,"date":"2022-02-07T14:18:27","date_gmt":"2022-02-07T11:18:27","guid":{"rendered":"https:\/\/poyrazpaslanmaz.com\/TUR\/?page_id=12756"},"modified":"2022-02-21T09:41:11","modified_gmt":"2022-02-21T06:41:11","slug":"quality-policies","status":"publish","type":"page","link":"https:\/\/poyrazpaslanmaz.com\/TUR\/quality-policies\/","title":{"rendered":"Quality Policies"},"content":{"rendered":"\t\t<div data-elementor-type=\"wp-page\" data-elementor-id=\"12756\" class=\"elementor elementor-12756\" data-elementor-settings=\"[]\">\n\t\t\t\t\t\t\t<div class=\"elementor-section-wrap\">\n\t\t\t\t\t\t\t<section class=\"elementor-section elementor-top-section elementor-element elementor-element-1668b18 elementor-section-boxed elementor-section-height-default elementor-section-height-default\" data-id=\"1668b18\" data-element_type=\"section\">\n\t\t\t\t\t\t<div class=\"elementor-container elementor-column-gap-default\">\n\t\t\t\t\t<div class=\"elementor-column elementor-col-100 elementor-top-column elementor-element elementor-element-da0e211\" data-id=\"da0e211\" data-element_type=\"column\">\n\t\t\t<div class=\"elementor-widget-wrap elementor-element-populated\">\n\t\t\t\t\t\t\t\t<div class=\"elementor-element elementor-element-68aa267 elementor-widget elementor-widget-hub_fancy_heading\" data-id=\"68aa267\" data-element_type=\"widget\" data-widget_type=\"hub_fancy_heading.default\">\n\t\t\t\t<div class=\"elementor-widget-container\">\n\t\t\t\n\t\t<div id=\"ld-fancy-heading-69f725dd43fdf\" class=\"ld-fancy-heading\">\n\t\t\t<h5 class=\"ld-fh-element elementor-heading-title lqd-highlight-underline lqd-highlight-grow-left h5\"  > Kalite Politikam\u0131z<\/h5>\t\t<\/div>\n\n\t\t\t\t<\/div>\n\t\t\t\t<\/div>\n\t\t\t\t\t<\/div>\n\t\t<\/div>\n\t\t\t\t\t\t\t<\/div>\n\t\t<\/section>\n\t\t\t\t<section class=\"elementor-section elementor-top-section elementor-element elementor-element-f1f92a2 elementor-section-boxed elementor-section-height-default elementor-section-height-default\" data-id=\"f1f92a2\" data-element_type=\"section\">\n\t\t\t\t\t\t<div class=\"elementor-container elementor-column-gap-default\">\n\t\t\t\t\t<div class=\"elementor-column elementor-col-100 elementor-top-column elementor-element elementor-element-34c2075\" data-id=\"34c2075\" data-element_type=\"column\">\n\t\t\t<div class=\"elementor-widget-wrap elementor-element-populated\">\n\t\t\t\t\t\t\t\t<div class=\"elementor-element elementor-element-5cf1711 elementor-widget elementor-widget-hub_fancy_heading\" data-id=\"5cf1711\" data-element_type=\"widget\" data-widget_type=\"hub_fancy_heading.default\">\n\t\t\t\t<div class=\"elementor-widget-container\">\n\t\t\t\n\t\t<div id=\"ld-fancy-heading-69f725dd453a6\" class=\"ld-fancy-heading\">\n\t\t\t<span class=\"ld-fh-element lqd-highlight-underline lqd-highlight-grow-left span\"  > \nPoyraz Paslanmaz kalite politikas\u0131, a\u015fa\u011f\u0131da belirtilen ilkeleri i\u00e7ermektedir;<br>\n<b>1.T\u00fcketici odakl\u0131l\u0131k<br><\/b>\nAmac\u0131m\u0131z, t\u00fcketici beklentilerinin ger\u00e7ekle\u015fmesi ve m\u00fcmk\u00fcn oldu\u011funca bunlar\u0131n \u00f6tesine ge\u00e7ilmesidir.<br>\nAlg\u0131lanan kalite, bizim i\u00e7in \u00e7ok \u00f6nemli bir unsurdur. M\u00fc\u015fterilerin kalite kriterlerinin ger\u00e7ekle\u015fip ger\u00e7ekle\u015fmedi\u011fine yine m\u00fc\u015fteriler karar vermektedir. Bu nedenle t\u00fcketicinin herhangi bir aksakl\u0131kla kar\u015f\u0131la\u015fmas\u0131n\u0131 \u00f6nlemek i\u00e7in daima gerekli olan her \u015feyi yapar\u0131z.<br>\n<b>2. S\u00fcrekli iyile\u015ftirme<br><\/b>\nKalite y\u00f6netim sistemimizin amac\u0131, \u00fcr\u00fcnlerimiziz, \u00e7\u00f6z\u00fcmlerimizin ve s\u00fcre\u00e7lerimizin s\u00fcrekli olarak iyile\u015ftirilmesinin sa\u011flanmas\u0131d\u0131r. Bu, b\u00fct\u00fcn Poyraz Paslanmaz b\u00f6l\u00fcmleri i\u00e7in ge\u00e7erlidir.<br>\n<b>3. Taahh\u00fcd\u00fcm\u00fcz<br><\/b>\nY\u00f6netim seviyesinden alt kademe \u00e7al\u0131\u015fanlara kadar b\u00fct\u00fcn \u00e7al\u0131\u015fanlar, y\u00fcksek kaliteli \u00fcr\u00fcnler ve hizmetlerin ger\u00e7ekle\u015ftirilmesi ve bu kalitenin artt\u0131r\u0131lmas\u0131 i\u00e7in s\u00fcrekli \u00e7aba g\u00f6sterilmesinden sorumludurlar.\n<br><b>4. Uygunluk ve kalite<br><\/b>\nPoyraz Paslanmaz politikalar\u0131m\u0131z, y\u00f6netmeliklerimiz ve s\u00fcre\u00e7lerimiz, yasal \u015fartlara, uluslararas\u0131 standartlara, t\u00fcketici ihtiya\u00e7lar\u0131na ve deneyimlerimiz ve uzmanl\u0131\u011f\u0131m\u0131za dayal\u0131d\u0131r. Bunlara ili\u015fkin bilgiler s\u0131k\u0131 uyumluluk ile birle\u015ferek kalite y\u00f6netim standartlar\u0131m\u0131z\u0131n temelini olu\u015fturur.<br>\n<b>5. \u00d6l\u00e7\u00fclebilirlik ve \u015feffafl\u0131k<\/b><br>\n\u00dcr\u00fcnler, hizmetler ve s\u00fcre\u00e7lere ili\u015fkin uygun kalite kriterleri ve \u00f6nemli performans g\u00f6stergelerinin (KPI) se\u00e7ilmesinin yan\u0131 s\u0131ra kalite raporlar\u0131, Poyraz Paslanmaz\u2019da etkin kalite kontrol d\u00f6ng\u00fclerinin temelini olu\u015fturmaktad\u0131r.<br>\n<b>6. Ba\u015flang\u0131\u00e7tan itibaren kalite<br><\/b>\n\u0130lk a\u015famadan son a\u015famaya kadar, \u00fcr\u00fcnler ve s\u00fcre\u00e7lerde kaliteye \u00f6nem veririz. Hatalar\u0131n ve kusurlar\u0131n meydana geldikten sonra d\u00fczeltilmesi yerine en ba\u015f\u0131ndan \u00f6nlenmesi i\u00e7in tedbirler al\u0131nmas\u0131na odaklar\u0131n\u0131z. Bu nedenle s\u00fcrekli olarak \u00f6nleyici kalite g\u00fcvence y\u00f6ntemlerini ve ara\u00e7lar\u0131n\u0131 kullan\u0131r\u0131z.<br><\/b>\n<b>7.  Kalite risklerinin erken belirlenmesi<br><\/b>\nMuhtemel kalite risklerinin m\u00fcmk\u00fcn oldu\u011fu kadar erken belirlenmesi, bu risklerin de\u011ferlendirilmesi ve bulgulara dayal\u0131 olarak kal\u0131c\u0131 iyile\u015ftirilmeler sa\u011flanmas\u0131 i\u00e7in elimizde bulunan b\u00fct\u00fcn veri ve bilgi kaynaklar\u0131n\u0131 kullan\u0131r\u0131z.<br>\n<b>8. Problemlerin kesin olarak \u00e7\u00f6z\u00fcme kavu\u015fturulmas\u0131 \u2013 verimlili\u011fin artt\u0131r\u0131lmas\u0131<br><\/b>\nSistematik problem \u00e7\u00f6z\u00fcm\u00fc, hatalar\u0131m\u0131zdan ders \u00e7\u0131karmam\u0131za yard\u0131mc\u0131 olur ve hata veya kusurun k\u00f6k nedenini derhal ve kesin olarak bertaraf etmemizi sa\u011flar. K\u00f6k nedenler, teknik veya s\u00fcre\u00e7 kaynakl\u0131 olabilir. Hatalardan \u00e7\u0131kard\u0131\u011f\u0131m\u0131z dersleri, Poyraz Paslanmaz\u2019\u0131n daha verimli olmas\u0131 i\u00e7in benzeri durumlara uygular\u0131z.<br>\n<b>9.Tedarik\u00e7ilerimizin rol\u00fc<br><\/b>\nTedarik\u00e7ilerimiz, \u00fcr\u00fcnlerimizin ve \u00e7\u00f6z\u00fcmlerimizin kalitesinde temel bir yol oynamaktad\u0131rlar. \u0130\u015f ortaklar\u0131m\u0131z\u0131n, bizimle ayn\u0131 kalite standartlar\u0131na uymalar\u0131n\u0131 sa\u011flar\u0131z.\n<\/span>\t\t<\/div>\n\n\t\t\t\t<\/div>\n\t\t\t\t<\/div>\n\t\t\t\t\t<\/div>\n\t\t<\/div>\n\t\t\t\t\t\t\t<\/div>\n\t\t<\/section>\n\t\t\t\t\t\t<\/div>\n\t\t\t\t\t<\/div>\n\t\t","protected":false},"excerpt":{"rendered":"<p>Kalite Politikam\u0131z Poyraz Paslanmaz kalite politikas\u0131, a\u015fa\u011f\u0131da belirtilen ilkeleri i\u00e7ermektedir; 1.T\u00fcketici odakl\u0131l\u0131k Amac\u0131m\u0131z, t\u00fcketici beklentilerinin ger\u00e7ekle\u015fmesi ve m\u00fcmk\u00fcn oldu\u011funca bunlar\u0131n \u00f6tesine ge\u00e7ilmesidir. Alg\u0131lanan kalite, bizim i\u00e7in \u00e7ok \u00f6nemli bir unsurdur. M\u00fc\u015fterilerin kalite kriterlerinin ger\u00e7ekle\u015fip ger\u00e7ekle\u015fmedi\u011fine yine m\u00fc\u015fteriler karar vermektedir. Bu nedenle t\u00fcketicinin herhangi bir aksakl\u0131kla kar\u015f\u0131la\u015fmas\u0131n\u0131 \u00f6nlemek i\u00e7in daima gerekli olan her \u015feyi yapar\u0131z. 2. [&hellip;]<\/p>\n","protected":false},"author":1,"featured_media":0,"parent":0,"menu_order":0,"comment_status":"closed","ping_status":"closed","template":"","meta":{"footnotes":""},"class_list":["post-12756","page","type-page","status-publish","hentry"],"yoast_head":"<!-- This site is optimized with the Yoast SEO Premium plugin v18.1 (Yoast SEO v18.2) - https:\/\/yoast.com\/wordpress\/plugins\/seo\/ -->\n<title>Paslanmaz \u00c7elik Kalite Politikalar\u0131<\/title>\n<meta name=\"robots\" content=\"index, follow, max-snippet:-1, max-image-preview:large, max-video-preview:-1\" \/>\n<link rel=\"canonical\" href=\"https:\/\/poyrazpaslanmaz.com\/TUR\/quality-policies\/\" \/>\n<meta property=\"og:locale\" content=\"tr_TR\" \/>\n<meta property=\"og:type\" content=\"article\" \/>\n<meta property=\"og:title\" content=\"Quality Policies\" \/>\n<meta property=\"og:description\" content=\"Kalite Politikam\u0131z Poyraz Paslanmaz kalite politikas\u0131, a\u015fa\u011f\u0131da belirtilen ilkeleri i\u00e7ermektedir; 1.T\u00fcketici odakl\u0131l\u0131k Amac\u0131m\u0131z, t\u00fcketici beklentilerinin ger\u00e7ekle\u015fmesi ve m\u00fcmk\u00fcn oldu\u011funca bunlar\u0131n \u00f6tesine ge\u00e7ilmesidir. Alg\u0131lanan kalite, bizim i\u00e7in \u00e7ok \u00f6nemli bir unsurdur. M\u00fc\u015fterilerin kalite kriterlerinin ger\u00e7ekle\u015fip ger\u00e7ekle\u015fmedi\u011fine yine m\u00fc\u015fteriler karar vermektedir. Bu nedenle t\u00fcketicinin herhangi bir aksakl\u0131kla kar\u015f\u0131la\u015fmas\u0131n\u0131 \u00f6nlemek i\u00e7in daima gerekli olan her \u015feyi yapar\u0131z. 2. [&hellip;]\" \/>\n<meta property=\"og:url\" content=\"https:\/\/poyrazpaslanmaz.com\/TUR\/quality-policies\/\" \/>\n<meta property=\"og:site_name\" content=\"Poyraz Paslanmaz \u00c7elik Servisi\" \/>\n<meta property=\"article:modified_time\" content=\"2022-02-21T06:41:11+00:00\" \/>\n<meta name=\"twitter:card\" content=\"summary_large_image\" \/>\n<meta name=\"twitter:label1\" content=\"Tahmini okuma s\u00fcresi\" \/>\n\t<meta name=\"twitter:data1\" content=\"2 dakika\" \/>\n<script type=\"application\/ld+json\" class=\"yoast-schema-graph\">{\"@context\":\"https:\/\/schema.org\",\"@graph\":[{\"@type\":\"Organization\",\"@id\":\"https:\/\/poyrazpaslanmaz.com\/TUR\/#organization\",\"name\":\"Poyraz Paslanmaz \u00c7elik Servis Merkezi\",\"url\":\"https:\/\/poyrazpaslanmaz.com\/TUR\/\",\"sameAs\":[\"https:\/\/www.linkedin.com\/company\/poyraz-paslanmaz\/\",\"https:\/\/www.youtube.com\/channel\/UCikMTgktvEY2HsKznCs6wNQ\"],\"logo\":{\"@type\":\"ImageObject\",\"@id\":\"https:\/\/poyrazpaslanmaz.com\/TUR\/#logo\",\"inLanguage\":\"tr\",\"url\":\"https:\/\/poyrazpaslanmaz.com\/TUR\/wp-content\/uploads\/2019\/12\/POYRAZ-LOGO.png\",\"contentUrl\":\"https:\/\/poyrazpaslanmaz.com\/TUR\/wp-content\/uploads\/2019\/12\/POYRAZ-LOGO.png\",\"width\":700,\"height\":215,\"caption\":\"Poyraz Paslanmaz \u00c7elik Servis Merkezi\"},\"image\":{\"@id\":\"https:\/\/poyrazpaslanmaz.com\/TUR\/#logo\"}},{\"@type\":\"WebSite\",\"@id\":\"https:\/\/poyrazpaslanmaz.com\/TUR\/#website\",\"url\":\"https:\/\/poyrazpaslanmaz.com\/TUR\/\",\"name\":\"Poyraz Paslanmaz \u00c7elik Servisi\",\"description\":\"Paslanmaz Rulo, Sac, Boru, Profil, \u00c7ubuk, Lama, K\u00f6\u015febent\",\"publisher\":{\"@id\":\"https:\/\/poyrazpaslanmaz.com\/TUR\/#organization\"},\"potentialAction\":[{\"@type\":\"SearchAction\",\"target\":{\"@type\":\"EntryPoint\",\"urlTemplate\":\"https:\/\/poyrazpaslanmaz.com\/TUR\/?s={search_term_string}\"},\"query-input\":\"required name=search_term_string\"}],\"inLanguage\":\"tr\"},{\"@type\":\"WebPage\",\"@id\":\"https:\/\/poyrazpaslanmaz.com\/TUR\/quality-policies\/#webpage\",\"url\":\"https:\/\/poyrazpaslanmaz.com\/TUR\/quality-policies\/\",\"name\":\"Paslanmaz \u00c7elik Kalite Politikalar\u0131\",\"isPartOf\":{\"@id\":\"https:\/\/poyrazpaslanmaz.com\/TUR\/#website\"},\"datePublished\":\"2022-02-07T11:18:27+00:00\",\"dateModified\":\"2022-02-21T06:41:11+00:00\",\"breadcrumb\":{\"@id\":\"https:\/\/poyrazpaslanmaz.com\/TUR\/quality-policies\/#breadcrumb\"},\"inLanguage\":\"tr\",\"potentialAction\":[{\"@type\":\"ReadAction\",\"target\":[\"https:\/\/poyrazpaslanmaz.com\/TUR\/quality-policies\/\"]}]},{\"@type\":\"BreadcrumbList\",\"@id\":\"https:\/\/poyrazpaslanmaz.com\/TUR\/quality-policies\/#breadcrumb\",\"itemListElement\":[{\"@type\":\"ListItem\",\"position\":1,\"name\":\"Anasayfa\",\"item\":\"https:\/\/poyrazpaslanmaz.com\/TUR\/\"},{\"@type\":\"ListItem\",\"position\":2,\"name\":\"Quality Policies\"}]},{\"@type\":\"TechArticle\",\"@id\":\"https:\/\/poyrazpaslanmaz.com\/TUR\/quality-policies\/#article\",\"isPartOf\":{\"@id\":\"https:\/\/poyrazpaslanmaz.com\/TUR\/quality-policies\/#webpage\"},\"author\":{\"@id\":\"https:\/\/poyrazpaslanmaz.com\/TUR\/#\/schema\/person\/c779564c9945a08d3334cf8c7064c3a0\"},\"headline\":\"Quality Policies\",\"datePublished\":\"2022-02-07T11:18:27+00:00\",\"dateModified\":\"2022-02-21T06:41:11+00:00\",\"mainEntityOfPage\":{\"@id\":\"https:\/\/poyrazpaslanmaz.com\/TUR\/quality-policies\/#webpage\"},\"wordCount\":467,\"publisher\":{\"@id\":\"https:\/\/poyrazpaslanmaz.com\/TUR\/#organization\"},\"inLanguage\":\"tr\"},{\"@type\":\"Person\",\"@id\":\"https:\/\/poyrazpaslanmaz.com\/TUR\/#\/schema\/person\/c779564c9945a08d3334cf8c7064c3a0\",\"name\":\"poyraz\",\"image\":{\"@type\":\"ImageObject\",\"@id\":\"https:\/\/poyrazpaslanmaz.com\/TUR\/#personlogo\",\"inLanguage\":\"tr\",\"url\":\"https:\/\/secure.gravatar.com\/avatar\/0e253ed5519749879d717378123245bf?s=96&d=mm&r=g\",\"contentUrl\":\"https:\/\/secure.gravatar.com\/avatar\/0e253ed5519749879d717378123245bf?s=96&d=mm&r=g\",\"caption\":\"poyraz\"},\"sameAs\":[\"http:\/\/poyrazpaslanmaz.com\/TUR\"],\"url\":\"https:\/\/poyrazpaslanmaz.com\/TUR\/author\/poyraz\/\"}]}<\/script>\n<!-- \/ Yoast SEO Premium plugin. -->","yoast_head_json":{"title":"Paslanmaz \u00c7elik Kalite Politikalar\u0131","robots":{"index":"index","follow":"follow","max-snippet":"max-snippet:-1","max-image-preview":"max-image-preview:large","max-video-preview":"max-video-preview:-1"},"canonical":"https:\/\/poyrazpaslanmaz.com\/TUR\/quality-policies\/","og_locale":"tr_TR","og_type":"article","og_title":"Quality Policies","og_description":"Kalite Politikam\u0131z Poyraz Paslanmaz kalite politikas\u0131, a\u015fa\u011f\u0131da belirtilen ilkeleri i\u00e7ermektedir; 1.T\u00fcketici odakl\u0131l\u0131k Amac\u0131m\u0131z, t\u00fcketici beklentilerinin ger\u00e7ekle\u015fmesi ve m\u00fcmk\u00fcn oldu\u011funca bunlar\u0131n \u00f6tesine ge\u00e7ilmesidir. Alg\u0131lanan kalite, bizim i\u00e7in \u00e7ok \u00f6nemli bir unsurdur. M\u00fc\u015fterilerin kalite kriterlerinin ger\u00e7ekle\u015fip ger\u00e7ekle\u015fmedi\u011fine yine m\u00fc\u015fteriler karar vermektedir. Bu nedenle t\u00fcketicinin herhangi bir aksakl\u0131kla kar\u015f\u0131la\u015fmas\u0131n\u0131 \u00f6nlemek i\u00e7in daima gerekli olan her \u015feyi yapar\u0131z. 2. [&hellip;]","og_url":"https:\/\/poyrazpaslanmaz.com\/TUR\/quality-policies\/","og_site_name":"Poyraz Paslanmaz \u00c7elik Servisi","article_modified_time":"2022-02-21T06:41:11+00:00","twitter_card":"summary_large_image","twitter_misc":{"Tahmini okuma s\u00fcresi":"2 dakika"},"schema":{"@context":"https:\/\/schema.org","@graph":[{"@type":"Organization","@id":"https:\/\/poyrazpaslanmaz.com\/TUR\/#organization","name":"Poyraz Paslanmaz \u00c7elik Servis Merkezi","url":"https:\/\/poyrazpaslanmaz.com\/TUR\/","sameAs":["https:\/\/www.linkedin.com\/company\/poyraz-paslanmaz\/","https:\/\/www.youtube.com\/channel\/UCikMTgktvEY2HsKznCs6wNQ"],"logo":{"@type":"ImageObject","@id":"https:\/\/poyrazpaslanmaz.com\/TUR\/#logo","inLanguage":"tr","url":"https:\/\/poyrazpaslanmaz.com\/TUR\/wp-content\/uploads\/2019\/12\/POYRAZ-LOGO.png","contentUrl":"https:\/\/poyrazpaslanmaz.com\/TUR\/wp-content\/uploads\/2019\/12\/POYRAZ-LOGO.png","width":700,"height":215,"caption":"Poyraz Paslanmaz \u00c7elik Servis Merkezi"},"image":{"@id":"https:\/\/poyrazpaslanmaz.com\/TUR\/#logo"}},{"@type":"WebSite","@id":"https:\/\/poyrazpaslanmaz.com\/TUR\/#website","url":"https:\/\/poyrazpaslanmaz.com\/TUR\/","name":"Poyraz Paslanmaz \u00c7elik Servisi","description":"Paslanmaz Rulo, Sac, Boru, Profil, \u00c7ubuk, Lama, K\u00f6\u015febent","publisher":{"@id":"https:\/\/poyrazpaslanmaz.com\/TUR\/#organization"},"potentialAction":[{"@type":"SearchAction","target":{"@type":"EntryPoint","urlTemplate":"https:\/\/poyrazpaslanmaz.com\/TUR\/?s={search_term_string}"},"query-input":"required name=search_term_string"}],"inLanguage":"tr"},{"@type":"WebPage","@id":"https:\/\/poyrazpaslanmaz.com\/TUR\/quality-policies\/#webpage","url":"https:\/\/poyrazpaslanmaz.com\/TUR\/quality-policies\/","name":"Paslanmaz \u00c7elik Kalite Politikalar\u0131","isPartOf":{"@id":"https:\/\/poyrazpaslanmaz.com\/TUR\/#website"},"datePublished":"2022-02-07T11:18:27+00:00","dateModified":"2022-02-21T06:41:11+00:00","breadcrumb":{"@id":"https:\/\/poyrazpaslanmaz.com\/TUR\/quality-policies\/#breadcrumb"},"inLanguage":"tr","potentialAction":[{"@type":"ReadAction","target":["https:\/\/poyrazpaslanmaz.com\/TUR\/quality-policies\/"]}]},{"@type":"BreadcrumbList","@id":"https:\/\/poyrazpaslanmaz.com\/TUR\/quality-policies\/#breadcrumb","itemListElement":[{"@type":"ListItem","position":1,"name":"Anasayfa","item":"https:\/\/poyrazpaslanmaz.com\/TUR\/"},{"@type":"ListItem","position":2,"name":"Quality Policies"}]},{"@type":"TechArticle","@id":"https:\/\/poyrazpaslanmaz.com\/TUR\/quality-policies\/#article","isPartOf":{"@id":"https:\/\/poyrazpaslanmaz.com\/TUR\/quality-policies\/#webpage"},"author":{"@id":"https:\/\/poyrazpaslanmaz.com\/TUR\/#\/schema\/person\/c779564c9945a08d3334cf8c7064c3a0"},"headline":"Quality Policies","datePublished":"2022-02-07T11:18:27+00:00","dateModified":"2022-02-21T06:41:11+00:00","mainEntityOfPage":{"@id":"https:\/\/poyrazpaslanmaz.com\/TUR\/quality-policies\/#webpage"},"wordCount":467,"publisher":{"@id":"https:\/\/poyrazpaslanmaz.com\/TUR\/#organization"},"inLanguage":"tr"},{"@type":"Person","@id":"https:\/\/poyrazpaslanmaz.com\/TUR\/#\/schema\/person\/c779564c9945a08d3334cf8c7064c3a0","name":"poyraz","image":{"@type":"ImageObject","@id":"https:\/\/poyrazpaslanmaz.com\/TUR\/#personlogo","inLanguage":"tr","url":"https:\/\/secure.gravatar.com\/avatar\/0e253ed5519749879d717378123245bf?s=96&d=mm&r=g","contentUrl":"https:\/\/secure.gravatar.com\/avatar\/0e253ed5519749879d717378123245bf?s=96&d=mm&r=g","caption":"poyraz"},"sameAs":["http:\/\/poyrazpaslanmaz.com\/TUR"],"url":"https:\/\/poyrazpaslanmaz.com\/TUR\/author\/poyraz\/"}]}},"_links":{"self":[{"href":"https:\/\/poyrazpaslanmaz.com\/TUR\/wp-json\/wp\/v2\/pages\/12756","targetHints":{"allow":["GET"]}}],"collection":[{"href":"https:\/\/poyrazpaslanmaz.com\/TUR\/wp-json\/wp\/v2\/pages"}],"about":[{"href":"https:\/\/poyrazpaslanmaz.com\/TUR\/wp-json\/wp\/v2\/types\/page"}],"author":[{"embeddable":true,"href":"https:\/\/poyrazpaslanmaz.com\/TUR\/wp-json\/wp\/v2\/users\/1"}],"replies":[{"embeddable":true,"href":"https:\/\/poyrazpaslanmaz.com\/TUR\/wp-json\/wp\/v2\/comments?post=12756"}],"version-history":[{"count":0,"href":"https:\/\/poyrazpaslanmaz.com\/TUR\/wp-json\/wp\/v2\/pages\/12756\/revisions"}],"wp:attachment":[{"href":"https:\/\/poyrazpaslanmaz.com\/TUR\/wp-json\/wp\/v2\/media?parent=12756"}],"curies":[{"name":"wp","href":"https:\/\/api.w.org\/{rel}","templated":true}]}}