{"id":12763,"date":"2022-02-07T16:18:51","date_gmt":"2022-02-07T13:18:51","guid":{"rendered":"https:\/\/poyrazpaslanmaz.com\/TUR\/?page_id=12763"},"modified":"2022-02-21T09:40:37","modified_gmt":"2022-02-21T06:40:37","slug":"occupational-health-and-safety-policy","status":"publish","type":"page","link":"https:\/\/poyrazpaslanmaz.com\/TUR\/occupational-health-and-safety-policy\/","title":{"rendered":"Occupational Health and Safety Policy"},"content":{"rendered":"\t\t<div data-elementor-type=\"wp-page\" data-elementor-id=\"12763\" class=\"elementor elementor-12763\" data-elementor-settings=\"[]\">\n\t\t\t\t\t\t\t<div class=\"elementor-section-wrap\">\n\t\t\t\t\t\t\t<section class=\"elementor-section elementor-top-section elementor-element elementor-element-cf21b51 elementor-section-boxed elementor-section-height-default elementor-section-height-default\" data-id=\"cf21b51\" data-element_type=\"section\">\n\t\t\t\t\t\t<div class=\"elementor-container elementor-column-gap-default\">\n\t\t\t\t\t<div class=\"elementor-column elementor-col-100 elementor-top-column elementor-element elementor-element-f7b5b40\" data-id=\"f7b5b40\" data-element_type=\"column\">\n\t\t\t<div class=\"elementor-widget-wrap elementor-element-populated\">\n\t\t\t\t\t\t\t\t<div class=\"elementor-element elementor-element-38bb405 elementor-widget elementor-widget-hub_fancy_heading\" data-id=\"38bb405\" data-element_type=\"widget\" data-widget_type=\"hub_fancy_heading.default\">\n\t\t\t\t<div class=\"elementor-widget-container\">\n\t\t\t\n\t\t<div id=\"ld-fancy-heading-69f9b8756ebca\" class=\"ld-fancy-heading\">\n\t\t\t<h5 class=\"ld-fh-element elementor-heading-title lqd-highlight-underline lqd-highlight-grow-left h5\"  > \u0130\u015f Sa\u011fl\u0131\u011f\u0131 ve G\u00fcvenli\u011fi Politikam\u0131z<\/h5>\t\t<\/div>\n\n\t\t\t\t<\/div>\n\t\t\t\t<\/div>\n\t\t\t\t\t<\/div>\n\t\t<\/div>\n\t\t\t\t\t\t\t<\/div>\n\t\t<\/section>\n\t\t\t\t<section class=\"elementor-section elementor-top-section elementor-element elementor-element-9c5f468 elementor-section-boxed elementor-section-height-default elementor-section-height-default\" data-id=\"9c5f468\" data-element_type=\"section\">\n\t\t\t\t\t\t<div class=\"elementor-container elementor-column-gap-default\">\n\t\t\t\t\t<div class=\"elementor-column elementor-col-100 elementor-top-column elementor-element elementor-element-4ed509d\" data-id=\"4ed509d\" data-element_type=\"column\">\n\t\t\t<div class=\"elementor-widget-wrap elementor-element-populated\">\n\t\t\t\t\t\t\t\t<div class=\"elementor-element elementor-element-1e0b8c9 elementor-widget elementor-widget-hub_fancy_heading\" data-id=\"1e0b8c9\" data-element_type=\"widget\" data-widget_type=\"hub_fancy_heading.default\">\n\t\t\t\t<div class=\"elementor-widget-container\">\n\t\t\t\n\t\t<div id=\"ld-fancy-heading-69f9b8756fe5e\" class=\"ld-fancy-heading\">\n\t\t\t<span class=\"ld-fh-element lqd-highlight-underline lqd-highlight-grow-left span\"  > Poyraz Paslanmaz olarak olu\u015fturdu\u011fumuz \u0130\u015f Sa\u011fl\u0131\u011f\u0131 ve G\u00fcvenli\u011fi Politikas\u0131, canl\u0131ya ve i\u00e7inde ya\u015fad\u0131\u011f\u0131 \u00e7evreye duyulan sayg\u0131ya dayanmaktad\u0131r. <br>G\u00fcvenli ve sa\u011fl\u0131kl\u0131 bir \u00e7al\u0131\u015fma ortam\u0131 yarat\u0131lmas\u0131 i\u00e7in, herkes kendi yetki s\u0131n\u0131rlar\u0131 i\u00e7inde gerekeni yapmakla sorumludur.<br>\nBu do\u011frultuda;<br>\n\u2022\t\u0130\u015f Sa\u011fl\u0131\u011f\u0131 ve G\u00fcvenli\u011fi konusundaki t\u00fcm yasal ve di\u011fer y\u00fck\u00fcml\u00fcl\u00fckleri yerine getirmeyi,<br>\n\u2022\t\u0130\u015f Sa\u011fl\u0131\u011f\u0131 ve G\u00fcvenli\u011fi k\u00fclt\u00fcr\u00fcm\u00fcz\u00fc s\u00fcrekli iyile\u015ftirerek, s\u00fcrd\u00fcr\u00fclebilir \"\u2018\"S\u0131f\u0131r \u0130\u015f Kazas\u0131\" hedeflemeyi,<br>\n\u2022\tMeslek hastal\u0131klar\u0131na kar\u015f\u0131 gerekli \u00f6nlemleri almay\u0131,<br>\n\u2022\tEnd\u00fcstriyel d\u00fcnyan\u0131n geli\u015fimini g\u00f6z \u00f6n\u00fcne alarak, gelecekte kar\u015f\u0131la\u015f\u0131labilecek olas\u0131 durumlar\u0131 bug\u00fcnden tahmin etmeyi ve durumumuzu g\u00f6zden ge\u00e7irmeyi,<br>\n\u2022\tRisk de\u011ferlendirmesi ve risk seviye azaltma etkinliklerine her d\u00fczeyde kat\u0131l\u0131m i\u00e7in hedefler koymay\u0131,<br>\n\u2022\tPoyraz Paslanmaz \u00e7al\u0131\u015fanlar\u0131n\u0131n, ziyaret\u00e7ilerinin, alt i\u015fveren ve di\u011fer y\u00fcklenicilerin \u00e7al\u0131\u015fanlar\u0131n\u0131n yaralanma risklerinin en aza indirmek i\u00e7in gerekli \u00f6nlemleri almay\u0131,<br>\n\n\u0130SG politikam\u0131z olarak taahh\u00fct ederiz.<\/span>\t\t<\/div>\n\n\t\t\t\t<\/div>\n\t\t\t\t<\/div>\n\t\t\t\t\t<\/div>\n\t\t<\/div>\n\t\t\t\t\t\t\t<\/div>\n\t\t<\/section>\n\t\t\t\t\t\t<\/div>\n\t\t\t\t\t<\/div>\n\t\t","protected":false},"excerpt":{"rendered":"<p>\u0130\u015f Sa\u011fl\u0131\u011f\u0131 ve G\u00fcvenli\u011fi Politikam\u0131z Poyraz Paslanmaz olarak olu\u015fturdu\u011fumuz \u0130\u015f Sa\u011fl\u0131\u011f\u0131 ve G\u00fcvenli\u011fi Politikas\u0131, canl\u0131ya ve i\u00e7inde ya\u015fad\u0131\u011f\u0131 \u00e7evreye duyulan sayg\u0131ya dayanmaktad\u0131r. G\u00fcvenli ve sa\u011fl\u0131kl\u0131 bir \u00e7al\u0131\u015fma ortam\u0131 yarat\u0131lmas\u0131 i\u00e7in, herkes kendi yetki s\u0131n\u0131rlar\u0131 i\u00e7inde gerekeni yapmakla sorumludur. Bu do\u011frultuda; \u2022 \u0130\u015f Sa\u011fl\u0131\u011f\u0131 ve G\u00fcvenli\u011fi konusundaki t\u00fcm yasal ve di\u011fer y\u00fck\u00fcml\u00fcl\u00fckleri yerine getirmeyi, \u2022 \u0130\u015f [&hellip;]<\/p>\n","protected":false},"author":1,"featured_media":0,"parent":0,"menu_order":0,"comment_status":"closed","ping_status":"closed","template":"","meta":{"footnotes":""},"class_list":["post-12763","page","type-page","status-publish","hentry"],"yoast_head":"<!-- This site is optimized with the Yoast SEO Premium plugin v18.1 (Yoast SEO v18.2) - https:\/\/yoast.com\/wordpress\/plugins\/seo\/ -->\n<title>Paslanmaz \u00c7elik - \u0130\u015f Sa\u011fl\u0131\u011f\u0131 ve G\u00fcvenli\u011fi<\/title>\n<meta name=\"robots\" content=\"index, follow, max-snippet:-1, max-image-preview:large, max-video-preview:-1\" \/>\n<link rel=\"canonical\" href=\"https:\/\/poyrazpaslanmaz.com\/TUR\/occupational-health-and-safety-policy\/\" \/>\n<meta property=\"og:locale\" content=\"tr_TR\" \/>\n<meta property=\"og:type\" content=\"article\" \/>\n<meta property=\"og:title\" content=\"Occupational Health and Safety Policy\" \/>\n<meta property=\"og:description\" content=\"\u0130\u015f Sa\u011fl\u0131\u011f\u0131 ve G\u00fcvenli\u011fi Politikam\u0131z Poyraz Paslanmaz olarak olu\u015fturdu\u011fumuz \u0130\u015f Sa\u011fl\u0131\u011f\u0131 ve G\u00fcvenli\u011fi Politikas\u0131, canl\u0131ya ve i\u00e7inde ya\u015fad\u0131\u011f\u0131 \u00e7evreye duyulan sayg\u0131ya dayanmaktad\u0131r. G\u00fcvenli ve sa\u011fl\u0131kl\u0131 bir \u00e7al\u0131\u015fma ortam\u0131 yarat\u0131lmas\u0131 i\u00e7in, herkes kendi yetki s\u0131n\u0131rlar\u0131 i\u00e7inde gerekeni yapmakla sorumludur. Bu do\u011frultuda; \u2022 \u0130\u015f Sa\u011fl\u0131\u011f\u0131 ve G\u00fcvenli\u011fi konusundaki t\u00fcm yasal ve di\u011fer y\u00fck\u00fcml\u00fcl\u00fckleri yerine getirmeyi, \u2022 \u0130\u015f [&hellip;]\" \/>\n<meta property=\"og:url\" content=\"https:\/\/poyrazpaslanmaz.com\/TUR\/occupational-health-and-safety-policy\/\" \/>\n<meta property=\"og:site_name\" content=\"Poyraz Paslanmaz \u00c7elik Servisi\" \/>\n<meta property=\"article:modified_time\" content=\"2022-02-21T06:40:37+00:00\" \/>\n<meta name=\"twitter:card\" content=\"summary_large_image\" \/>\n<meta name=\"twitter:label1\" content=\"Tahmini okuma s\u00fcresi\" \/>\n\t<meta name=\"twitter:data1\" content=\"1 dakika\" \/>\n<script type=\"application\/ld+json\" class=\"yoast-schema-graph\">{\"@context\":\"https:\/\/schema.org\",\"@graph\":[{\"@type\":\"Organization\",\"@id\":\"https:\/\/poyrazpaslanmaz.com\/TUR\/#organization\",\"name\":\"Poyraz Paslanmaz \u00c7elik Servis Merkezi\",\"url\":\"https:\/\/poyrazpaslanmaz.com\/TUR\/\",\"sameAs\":[\"https:\/\/www.linkedin.com\/company\/poyraz-paslanmaz\/\",\"https:\/\/www.youtube.com\/channel\/UCikMTgktvEY2HsKznCs6wNQ\"],\"logo\":{\"@type\":\"ImageObject\",\"@id\":\"https:\/\/poyrazpaslanmaz.com\/TUR\/#logo\",\"inLanguage\":\"tr\",\"url\":\"https:\/\/poyrazpaslanmaz.com\/TUR\/wp-content\/uploads\/2019\/12\/POYRAZ-LOGO.png\",\"contentUrl\":\"https:\/\/poyrazpaslanmaz.com\/TUR\/wp-content\/uploads\/2019\/12\/POYRAZ-LOGO.png\",\"width\":700,\"height\":215,\"caption\":\"Poyraz Paslanmaz \u00c7elik Servis Merkezi\"},\"image\":{\"@id\":\"https:\/\/poyrazpaslanmaz.com\/TUR\/#logo\"}},{\"@type\":\"WebSite\",\"@id\":\"https:\/\/poyrazpaslanmaz.com\/TUR\/#website\",\"url\":\"https:\/\/poyrazpaslanmaz.com\/TUR\/\",\"name\":\"Poyraz Paslanmaz \u00c7elik Servisi\",\"description\":\"Paslanmaz Rulo, Sac, Boru, Profil, \u00c7ubuk, Lama, K\u00f6\u015febent\",\"publisher\":{\"@id\":\"https:\/\/poyrazpaslanmaz.com\/TUR\/#organization\"},\"potentialAction\":[{\"@type\":\"SearchAction\",\"target\":{\"@type\":\"EntryPoint\",\"urlTemplate\":\"https:\/\/poyrazpaslanmaz.com\/TUR\/?s={search_term_string}\"},\"query-input\":\"required name=search_term_string\"}],\"inLanguage\":\"tr\"},{\"@type\":\"WebPage\",\"@id\":\"https:\/\/poyrazpaslanmaz.com\/TUR\/occupational-health-and-safety-policy\/#webpage\",\"url\":\"https:\/\/poyrazpaslanmaz.com\/TUR\/occupational-health-and-safety-policy\/\",\"name\":\"Paslanmaz \u00c7elik - \u0130\u015f Sa\u011fl\u0131\u011f\u0131 ve G\u00fcvenli\u011fi\",\"isPartOf\":{\"@id\":\"https:\/\/poyrazpaslanmaz.com\/TUR\/#website\"},\"datePublished\":\"2022-02-07T13:18:51+00:00\",\"dateModified\":\"2022-02-21T06:40:37+00:00\",\"breadcrumb\":{\"@id\":\"https:\/\/poyrazpaslanmaz.com\/TUR\/occupational-health-and-safety-policy\/#breadcrumb\"},\"inLanguage\":\"tr\",\"potentialAction\":[{\"@type\":\"ReadAction\",\"target\":[\"https:\/\/poyrazpaslanmaz.com\/TUR\/occupational-health-and-safety-policy\/\"]}]},{\"@type\":\"BreadcrumbList\",\"@id\":\"https:\/\/poyrazpaslanmaz.com\/TUR\/occupational-health-and-safety-policy\/#breadcrumb\",\"itemListElement\":[{\"@type\":\"ListItem\",\"position\":1,\"name\":\"Anasayfa\",\"item\":\"https:\/\/poyrazpaslanmaz.com\/TUR\/\"},{\"@type\":\"ListItem\",\"position\":2,\"name\":\"Occupational Health and Safety Policy\"}]},{\"@type\":\"TechArticle\",\"@id\":\"https:\/\/poyrazpaslanmaz.com\/TUR\/occupational-health-and-safety-policy\/#article\",\"isPartOf\":{\"@id\":\"https:\/\/poyrazpaslanmaz.com\/TUR\/occupational-health-and-safety-policy\/#webpage\"},\"author\":{\"@id\":\"https:\/\/poyrazpaslanmaz.com\/TUR\/#\/schema\/person\/c779564c9945a08d3334cf8c7064c3a0\"},\"headline\":\"Occupational Health and Safety Policy\",\"datePublished\":\"2022-02-07T13:18:51+00:00\",\"dateModified\":\"2022-02-21T06:40:37+00:00\",\"mainEntityOfPage\":{\"@id\":\"https:\/\/poyrazpaslanmaz.com\/TUR\/occupational-health-and-safety-policy\/#webpage\"},\"wordCount\":202,\"publisher\":{\"@id\":\"https:\/\/poyrazpaslanmaz.com\/TUR\/#organization\"},\"inLanguage\":\"tr\"},{\"@type\":\"Person\",\"@id\":\"https:\/\/poyrazpaslanmaz.com\/TUR\/#\/schema\/person\/c779564c9945a08d3334cf8c7064c3a0\",\"name\":\"poyraz\",\"image\":{\"@type\":\"ImageObject\",\"@id\":\"https:\/\/poyrazpaslanmaz.com\/TUR\/#personlogo\",\"inLanguage\":\"tr\",\"url\":\"https:\/\/secure.gravatar.com\/avatar\/0e253ed5519749879d717378123245bf?s=96&d=mm&r=g\",\"contentUrl\":\"https:\/\/secure.gravatar.com\/avatar\/0e253ed5519749879d717378123245bf?s=96&d=mm&r=g\",\"caption\":\"poyraz\"},\"sameAs\":[\"http:\/\/poyrazpaslanmaz.com\/TUR\"],\"url\":\"https:\/\/poyrazpaslanmaz.com\/TUR\/author\/poyraz\/\"}]}<\/script>\n<!-- \/ Yoast SEO Premium plugin. -->","yoast_head_json":{"title":"Paslanmaz \u00c7elik - \u0130\u015f Sa\u011fl\u0131\u011f\u0131 ve G\u00fcvenli\u011fi","robots":{"index":"index","follow":"follow","max-snippet":"max-snippet:-1","max-image-preview":"max-image-preview:large","max-video-preview":"max-video-preview:-1"},"canonical":"https:\/\/poyrazpaslanmaz.com\/TUR\/occupational-health-and-safety-policy\/","og_locale":"tr_TR","og_type":"article","og_title":"Occupational Health and Safety Policy","og_description":"\u0130\u015f Sa\u011fl\u0131\u011f\u0131 ve G\u00fcvenli\u011fi Politikam\u0131z Poyraz Paslanmaz olarak olu\u015fturdu\u011fumuz \u0130\u015f Sa\u011fl\u0131\u011f\u0131 ve G\u00fcvenli\u011fi Politikas\u0131, canl\u0131ya ve i\u00e7inde ya\u015fad\u0131\u011f\u0131 \u00e7evreye duyulan sayg\u0131ya dayanmaktad\u0131r. G\u00fcvenli ve sa\u011fl\u0131kl\u0131 bir \u00e7al\u0131\u015fma ortam\u0131 yarat\u0131lmas\u0131 i\u00e7in, herkes kendi yetki s\u0131n\u0131rlar\u0131 i\u00e7inde gerekeni yapmakla sorumludur. Bu do\u011frultuda; \u2022 \u0130\u015f Sa\u011fl\u0131\u011f\u0131 ve G\u00fcvenli\u011fi konusundaki t\u00fcm yasal ve di\u011fer y\u00fck\u00fcml\u00fcl\u00fckleri yerine getirmeyi, \u2022 \u0130\u015f [&hellip;]","og_url":"https:\/\/poyrazpaslanmaz.com\/TUR\/occupational-health-and-safety-policy\/","og_site_name":"Poyraz Paslanmaz \u00c7elik Servisi","article_modified_time":"2022-02-21T06:40:37+00:00","twitter_card":"summary_large_image","twitter_misc":{"Tahmini okuma s\u00fcresi":"1 dakika"},"schema":{"@context":"https:\/\/schema.org","@graph":[{"@type":"Organization","@id":"https:\/\/poyrazpaslanmaz.com\/TUR\/#organization","name":"Poyraz Paslanmaz \u00c7elik Servis Merkezi","url":"https:\/\/poyrazpaslanmaz.com\/TUR\/","sameAs":["https:\/\/www.linkedin.com\/company\/poyraz-paslanmaz\/","https:\/\/www.youtube.com\/channel\/UCikMTgktvEY2HsKznCs6wNQ"],"logo":{"@type":"ImageObject","@id":"https:\/\/poyrazpaslanmaz.com\/TUR\/#logo","inLanguage":"tr","url":"https:\/\/poyrazpaslanmaz.com\/TUR\/wp-content\/uploads\/2019\/12\/POYRAZ-LOGO.png","contentUrl":"https:\/\/poyrazpaslanmaz.com\/TUR\/wp-content\/uploads\/2019\/12\/POYRAZ-LOGO.png","width":700,"height":215,"caption":"Poyraz Paslanmaz \u00c7elik Servis Merkezi"},"image":{"@id":"https:\/\/poyrazpaslanmaz.com\/TUR\/#logo"}},{"@type":"WebSite","@id":"https:\/\/poyrazpaslanmaz.com\/TUR\/#website","url":"https:\/\/poyrazpaslanmaz.com\/TUR\/","name":"Poyraz Paslanmaz \u00c7elik Servisi","description":"Paslanmaz Rulo, Sac, Boru, Profil, \u00c7ubuk, Lama, K\u00f6\u015febent","publisher":{"@id":"https:\/\/poyrazpaslanmaz.com\/TUR\/#organization"},"potentialAction":[{"@type":"SearchAction","target":{"@type":"EntryPoint","urlTemplate":"https:\/\/poyrazpaslanmaz.com\/TUR\/?s={search_term_string}"},"query-input":"required name=search_term_string"}],"inLanguage":"tr"},{"@type":"WebPage","@id":"https:\/\/poyrazpaslanmaz.com\/TUR\/occupational-health-and-safety-policy\/#webpage","url":"https:\/\/poyrazpaslanmaz.com\/TUR\/occupational-health-and-safety-policy\/","name":"Paslanmaz \u00c7elik - \u0130\u015f Sa\u011fl\u0131\u011f\u0131 ve G\u00fcvenli\u011fi","isPartOf":{"@id":"https:\/\/poyrazpaslanmaz.com\/TUR\/#website"},"datePublished":"2022-02-07T13:18:51+00:00","dateModified":"2022-02-21T06:40:37+00:00","breadcrumb":{"@id":"https:\/\/poyrazpaslanmaz.com\/TUR\/occupational-health-and-safety-policy\/#breadcrumb"},"inLanguage":"tr","potentialAction":[{"@type":"ReadAction","target":["https:\/\/poyrazpaslanmaz.com\/TUR\/occupational-health-and-safety-policy\/"]}]},{"@type":"BreadcrumbList","@id":"https:\/\/poyrazpaslanmaz.com\/TUR\/occupational-health-and-safety-policy\/#breadcrumb","itemListElement":[{"@type":"ListItem","position":1,"name":"Anasayfa","item":"https:\/\/poyrazpaslanmaz.com\/TUR\/"},{"@type":"ListItem","position":2,"name":"Occupational Health and Safety Policy"}]},{"@type":"TechArticle","@id":"https:\/\/poyrazpaslanmaz.com\/TUR\/occupational-health-and-safety-policy\/#article","isPartOf":{"@id":"https:\/\/poyrazpaslanmaz.com\/TUR\/occupational-health-and-safety-policy\/#webpage"},"author":{"@id":"https:\/\/poyrazpaslanmaz.com\/TUR\/#\/schema\/person\/c779564c9945a08d3334cf8c7064c3a0"},"headline":"Occupational Health and Safety Policy","datePublished":"2022-02-07T13:18:51+00:00","dateModified":"2022-02-21T06:40:37+00:00","mainEntityOfPage":{"@id":"https:\/\/poyrazpaslanmaz.com\/TUR\/occupational-health-and-safety-policy\/#webpage"},"wordCount":202,"publisher":{"@id":"https:\/\/poyrazpaslanmaz.com\/TUR\/#organization"},"inLanguage":"tr"},{"@type":"Person","@id":"https:\/\/poyrazpaslanmaz.com\/TUR\/#\/schema\/person\/c779564c9945a08d3334cf8c7064c3a0","name":"poyraz","image":{"@type":"ImageObject","@id":"https:\/\/poyrazpaslanmaz.com\/TUR\/#personlogo","inLanguage":"tr","url":"https:\/\/secure.gravatar.com\/avatar\/0e253ed5519749879d717378123245bf?s=96&d=mm&r=g","contentUrl":"https:\/\/secure.gravatar.com\/avatar\/0e253ed5519749879d717378123245bf?s=96&d=mm&r=g","caption":"poyraz"},"sameAs":["http:\/\/poyrazpaslanmaz.com\/TUR"],"url":"https:\/\/poyrazpaslanmaz.com\/TUR\/author\/poyraz\/"}]}},"_links":{"self":[{"href":"https:\/\/poyrazpaslanmaz.com\/TUR\/wp-json\/wp\/v2\/pages\/12763","targetHints":{"allow":["GET"]}}],"collection":[{"href":"https:\/\/poyrazpaslanmaz.com\/TUR\/wp-json\/wp\/v2\/pages"}],"about":[{"href":"https:\/\/poyrazpaslanmaz.com\/TUR\/wp-json\/wp\/v2\/types\/page"}],"author":[{"embeddable":true,"href":"https:\/\/poyrazpaslanmaz.com\/TUR\/wp-json\/wp\/v2\/users\/1"}],"replies":[{"embeddable":true,"href":"https:\/\/poyrazpaslanmaz.com\/TUR\/wp-json\/wp\/v2\/comments?post=12763"}],"version-history":[{"count":0,"href":"https:\/\/poyrazpaslanmaz.com\/TUR\/wp-json\/wp\/v2\/pages\/12763\/revisions"}],"wp:attachment":[{"href":"https:\/\/poyrazpaslanmaz.com\/TUR\/wp-json\/wp\/v2\/media?parent=12763"}],"curies":[{"name":"wp","href":"https:\/\/api.w.org\/{rel}","templated":true}]}}