{"id":8994,"date":"2020-12-14T08:23:14","date_gmt":"2020-12-14T05:23:14","guid":{"rendered":"https:\/\/companyhub.liquid-themes.com\/staging\/?page_id=8994"},"modified":"2021-12-20T14:50:27","modified_gmt":"2021-12-20T11:50:27","slug":"paslanmaz-celik-teknik-bilgiler","status":"publish","type":"page","link":"https:\/\/poyrazpaslanmaz.com\/TUR\/paslanmaz-celik-teknik-bilgiler\/","title":{"rendered":"Teknik Bilgiler"},"content":{"rendered":"\t\t<div data-elementor-type=\"wp-page\" data-elementor-id=\"8994\" class=\"elementor elementor-8994\" data-elementor-settings=\"[]\">\n\t\t\t\t\t\t\t<div class=\"elementor-section-wrap\">\n\t\t\t\t\t\t\t<section class=\"elementor-section elementor-top-section elementor-element elementor-element-e456d61 elementor-section-boxed elementor-section-height-default elementor-section-height-default\" data-id=\"e456d61\" data-element_type=\"section\">\n\t\t\t\t\t\t<div class=\"elementor-container elementor-column-gap-default\">\n\t\t\t\t\t<div class=\"elementor-column elementor-col-100 elementor-top-column elementor-element elementor-element-e94a6e8\" data-id=\"e94a6e8\" data-element_type=\"column\">\n\t\t\t<div class=\"elementor-widget-wrap elementor-element-populated\">\n\t\t\t\t\t\t\t\t<div class=\"elementor-element elementor-element-423b6c4 elementor-widget elementor-widget-ld_blog\" data-id=\"423b6c4\" data-element_type=\"widget\" data-widget_type=\"ld_blog.default\">\n\t\t\t\t<div class=\"elementor-widget-container\">\n\t\t\t<div class=\"lqd-lp-grid 423b6c4 blog-id-69449412 \"><div class=\"lqd-lp-row row d-flex flex-wrap\"><div class=\"lqd-lp-column col-md-6 col-sm-6 paslanmaz-celik-teknik-bilgiler\"><article id=\"post-12568\" class=\"lqd-lp lqd-lp-style-10 lqd-lp-img-cover pos-rel d-flex flex-wrap round overflow-hidden h-pt-80 lqd-lp-hover-img-zoom post-12568 post type-post status-publish format-standard has-post-thumbnail hentry category-paslanmaz-celik-teknik-bilgiler tag-paslanmaz-celik tag-paslanmaz-celik-uretimi tag-paslanmaz-celiklerin-tarihcesi\">\n<div class=\"lqd-lp-img lqd-overlay\"><figure class=\"pos-rel bg-cover bg-center w-100\"><img loading=\"lazy\" decoding=\"async\" width=\"1250\" height=\"700\" src=\"https:\/\/poyrazpaslanmaz.com\/TUR\/wp-content\/uploads\/2021\/12\/ABKANT-2-1250x700.jpg\" class=\"w-100 wp-post-image\" alt=\"\" \/><\/figure><\/div>\n<header class=\"lqd-lp-header lqd-overlay flex-column justify-content-between p-4\">\n\n\t<div class=\"lqd-lp-content-bg lqd-overlay\"><\/div>\n\t<div class=\"lqd-lp-header-top pos-rel\t\">\n\t\t<div class=\"lqd-lp-meta text-uppercase ltr-sp-1 font-weight-bold pos-rel z-index-2\">\n\t\t\t<div><span class=\"screen-reader-text\">Tags <\/span><ul class=\"lqd-lp-cat lqd-lp-cat-solid reset-ul inline-nav\"><li><a class=\"round\" href=\"https:\/\/poyrazpaslanmaz.com\/TUR\/category\/paslanmaz-celik-teknik-bilgiler\/\" rel=\"category\">Paslanmaz \u00c7elik Teknik Bilgiler<\/a><\/li><\/ul><\/div>\t\t<\/div>\n\t<\/div>\n\n\t<div class=\"lqd-lp-header-bottom pos-rel\">\n\n\t\t<time class=\"lqd-lp-date text-uppercase ltr-sp-1 font-weight-bold pos-rel z-index-2\" datetime=\"2022-01-24T16:28:31+03:00\">4 y\u0131l ago<\/time>\n\n\t\t<h2 class=\"entry-title lqd-lp-title mt-2 mb-0 h5 lh-135\"><a  href=\"https:\/\/poyrazpaslanmaz.com\/TUR\/2022\/01\/24\/paslanmaz-celiklerin-tarihcesi\/\" rel=\"bookmark\">Paslanmaz \u00c7eliklerin Tarih\u00e7esi<\/a><\/h2>\t\t\n\t<\/div>\n\n<\/header>\n\n<a  href=\"https:\/\/poyrazpaslanmaz.com\/TUR\/2022\/01\/24\/paslanmaz-celiklerin-tarihcesi\/\" class=\"lqd-lp-overlay-link lqd-overlay z-index-2\"><\/a><\/article><\/div><div class=\"lqd-lp-column col-md-6 col-sm-6 paslanmaz-celik-teknik-bilgiler\"><article id=\"post-12541\" class=\"lqd-lp lqd-lp-style-10 lqd-lp-img-cover pos-rel d-flex flex-wrap round overflow-hidden h-pt-80 lqd-lp-hover-img-zoom post-12541 post type-post status-publish format-standard has-post-thumbnail hentry category-paslanmaz-celik-teknik-bilgiler tag-paslanmaz-celik tag-paslanmaz-celik-genel-bilgi tag-paslanmaz-celik-nedir\">\n<div class=\"lqd-lp-img lqd-overlay\"><figure class=\"pos-rel bg-cover bg-center w-100\"><img loading=\"lazy\" decoding=\"async\" width=\"768\" height=\"432\" src=\"https:\/\/poyrazpaslanmaz.com\/TUR\/wp-content\/uploads\/2022\/01\/Martensitic-chrome-steel.png\" class=\"w-100 wp-post-image\" alt=\"Paslanmaz \u00c7elik\" srcset=\"https:\/\/poyrazpaslanmaz.com\/TUR\/wp-content\/uploads\/2022\/01\/Martensitic-chrome-steel.png 768w, https:\/\/poyrazpaslanmaz.com\/TUR\/wp-content\/uploads\/2022\/01\/Martensitic-chrome-steel-300x169.png 300w\" sizes=\"auto, (max-width: 768px) 100vw, 768px\" \/><\/figure><\/div>\n<header class=\"lqd-lp-header lqd-overlay flex-column justify-content-between p-4\">\n\n\t<div class=\"lqd-lp-content-bg lqd-overlay\"><\/div>\n\t<div class=\"lqd-lp-header-top pos-rel\t\">\n\t\t<div class=\"lqd-lp-meta text-uppercase ltr-sp-1 font-weight-bold pos-rel z-index-2\">\n\t\t\t<div><span class=\"screen-reader-text\">Tags <\/span><ul class=\"lqd-lp-cat lqd-lp-cat-solid reset-ul inline-nav\"><li><a class=\"round\" href=\"https:\/\/poyrazpaslanmaz.com\/TUR\/category\/paslanmaz-celik-teknik-bilgiler\/\" rel=\"category\">Paslanmaz \u00c7elik Teknik Bilgiler<\/a><\/li><\/ul><\/div>\t\t<\/div>\n\t<\/div>\n\n\t<div class=\"lqd-lp-header-bottom pos-rel\">\n\n\t\t<time class=\"lqd-lp-date text-uppercase ltr-sp-1 font-weight-bold pos-rel z-index-2\" datetime=\"2022-01-04T10:30:21+03:00\">4 y\u0131l ago<\/time>\n\n\t\t<h2 class=\"entry-title lqd-lp-title mt-2 mb-0 h5 lh-135\"><a  href=\"https:\/\/poyrazpaslanmaz.com\/TUR\/2022\/01\/04\/paslanmaz-celik-nedir-paslanmaz-celik-genel-bilgiler\/\" rel=\"bookmark\">Paslanmaz \u00c7elik Genel Bilgi<\/a><\/h2>\t\t\n\t<\/div>\n\n<\/header>\n\n<a  href=\"https:\/\/poyrazpaslanmaz.com\/TUR\/2022\/01\/04\/paslanmaz-celik-nedir-paslanmaz-celik-genel-bilgiler\/\" class=\"lqd-lp-overlay-link lqd-overlay z-index-2\"><\/a><\/article><\/div><div class=\"lqd-lp-column col-md-6 col-sm-6 paslanmaz-celik-teknik-bilgiler\"><article id=\"post-12087\" class=\"lqd-lp lqd-lp-style-10 lqd-lp-img-cover pos-rel d-flex flex-wrap round overflow-hidden h-pt-80 lqd-lp-hover-img-zoom post-12087 post type-post status-publish format-standard has-post-thumbnail hentry category-paslanmaz-celik-teknik-bilgiler tag-paslanmaz-celik tag-paslanmaz-celik-nedir\">\n<div class=\"lqd-lp-img lqd-overlay\"><figure class=\"pos-rel bg-cover bg-center w-100\"><img loading=\"lazy\" decoding=\"async\" width=\"1069\" height=\"602\" src=\"https:\/\/poyrazpaslanmaz.com\/TUR\/wp-content\/uploads\/2021\/11\/UFK09638_K.jpg\" class=\"w-100 wp-post-image\" alt=\"\" srcset=\"https:\/\/poyrazpaslanmaz.com\/TUR\/wp-content\/uploads\/2021\/11\/UFK09638_K.jpg 1069w, https:\/\/poyrazpaslanmaz.com\/TUR\/wp-content\/uploads\/2021\/11\/UFK09638_K-300x169.jpg 300w, https:\/\/poyrazpaslanmaz.com\/TUR\/wp-content\/uploads\/2021\/11\/UFK09638_K-1024x577.jpg 1024w\" sizes=\"auto, (max-width: 1069px) 100vw, 1069px\" \/><\/figure><\/div>\n<header class=\"lqd-lp-header lqd-overlay flex-column justify-content-between p-4\">\n\n\t<div class=\"lqd-lp-content-bg lqd-overlay\"><\/div>\n\t<div class=\"lqd-lp-header-top pos-rel\t\">\n\t\t<div class=\"lqd-lp-meta text-uppercase ltr-sp-1 font-weight-bold pos-rel z-index-2\">\n\t\t\t<div><span class=\"screen-reader-text\">Tags <\/span><ul class=\"lqd-lp-cat lqd-lp-cat-solid reset-ul inline-nav\"><li><a class=\"round\" href=\"https:\/\/poyrazpaslanmaz.com\/TUR\/category\/paslanmaz-celik-teknik-bilgiler\/\" rel=\"category\">Paslanmaz \u00c7elik Teknik Bilgiler<\/a><\/li><\/ul><\/div>\t\t<\/div>\n\t<\/div>\n\n\t<div class=\"lqd-lp-header-bottom pos-rel\">\n\n\t\t<time class=\"lqd-lp-date text-uppercase ltr-sp-1 font-weight-bold pos-rel z-index-2\" datetime=\"2021-12-28T14:18:20+03:00\">4 y\u0131l ago<\/time>\n\n\t\t<h2 class=\"entry-title lqd-lp-title mt-2 mb-0 h5 lh-135\"><a  href=\"https:\/\/poyrazpaslanmaz.com\/TUR\/2021\/12\/28\/paslanmaz-celik-nedir-paslanmaz-celik-kaliteleri\/\" rel=\"bookmark\">Paslanmaz \u00c7elik Nedir?<\/a><\/h2>\t\t\n\t<\/div>\n\n<\/header>\n\n<a  href=\"https:\/\/poyrazpaslanmaz.com\/TUR\/2021\/12\/28\/paslanmaz-celik-nedir-paslanmaz-celik-kaliteleri\/\" class=\"lqd-lp-overlay-link lqd-overlay z-index-2\"><\/a><\/article><\/div><div class=\"lqd-lp-column col-md-6 col-sm-6 paslanmaz-celik-teknik-bilgiler\"><article id=\"post-12310\" class=\"lqd-lp lqd-lp-style-10 lqd-lp-img-cover pos-rel d-flex flex-wrap round overflow-hidden h-pt-80 lqd-lp-hover-img-zoom post-12310 post type-post status-publish format-standard has-post-thumbnail hentry category-paslanmaz-celik-teknik-bilgiler tag-aisi-1-4104-430f-benzeri tag-aisi-420-a-1-4021 tag-aisi-420-b-1-4028 tag-aisi-420-d-1-4034 tag-aisi-431-1-4057 tag-aisi-440-b-1-4112 tag-aisi-440c-1-4125 tag-aisi-440m-ugi4116n tag-aisi-4418-1-4418\">\n<div class=\"lqd-lp-img lqd-overlay\"><figure class=\"pos-rel bg-cover bg-center w-100\"><img loading=\"lazy\" decoding=\"async\" width=\"512\" height=\"384\" src=\"https:\/\/poyrazpaslanmaz.com\/TUR\/wp-content\/uploads\/2021\/12\/unnamed.jpg\" class=\"w-100 wp-post-image\" alt=\"\" srcset=\"https:\/\/poyrazpaslanmaz.com\/TUR\/wp-content\/uploads\/2021\/12\/unnamed.jpg 512w, https:\/\/poyrazpaslanmaz.com\/TUR\/wp-content\/uploads\/2021\/12\/unnamed-300x225.jpg 300w\" sizes=\"auto, (max-width: 512px) 100vw, 512px\" \/><\/figure><\/div>\n<header class=\"lqd-lp-header lqd-overlay flex-column justify-content-between p-4\">\n\n\t<div class=\"lqd-lp-content-bg lqd-overlay\"><\/div>\n\t<div class=\"lqd-lp-header-top pos-rel\t\">\n\t\t<div class=\"lqd-lp-meta text-uppercase ltr-sp-1 font-weight-bold pos-rel z-index-2\">\n\t\t\t<div><span class=\"screen-reader-text\">Tags <\/span><ul class=\"lqd-lp-cat lqd-lp-cat-solid reset-ul inline-nav\"><li><a class=\"round\" href=\"https:\/\/poyrazpaslanmaz.com\/TUR\/category\/paslanmaz-celik-teknik-bilgiler\/\" rel=\"category\">Paslanmaz \u00c7elik Teknik Bilgiler<\/a><\/li><\/ul><\/div>\t\t<\/div>\n\t<\/div>\n\n\t<div class=\"lqd-lp-header-bottom pos-rel\">\n\n\t\t<time class=\"lqd-lp-date text-uppercase ltr-sp-1 font-weight-bold pos-rel z-index-2\" datetime=\"2021-12-20T15:15:51+03:00\">4 y\u0131l ago<\/time>\n\n\t\t<h2 class=\"entry-title lqd-lp-title mt-2 mb-0 h5 lh-135\"><a  href=\"https:\/\/poyrazpaslanmaz.com\/TUR\/2021\/12\/20\/martenzitik-paslanmaz-celik-kaliteleri\/\" rel=\"bookmark\">Martenzitik Paslanmaz \u00c7elikler<\/a><\/h2>\t\t\n\t<\/div>\n\n<\/header>\n\n<a  href=\"https:\/\/poyrazpaslanmaz.com\/TUR\/2021\/12\/20\/martenzitik-paslanmaz-celik-kaliteleri\/\" class=\"lqd-lp-overlay-link lqd-overlay z-index-2\"><\/a><\/article><\/div><div class=\"lqd-lp-column col-md-6 col-sm-6 paslanmaz-celik-teknik-bilgiler\"><article id=\"post-12277\" class=\"lqd-lp lqd-lp-style-10 lqd-lp-img-cover pos-rel d-flex flex-wrap round overflow-hidden h-pt-80 lqd-lp-hover-img-zoom post-12277 post type-post status-publish format-standard has-post-thumbnail hentry category-paslanmaz-celik-teknik-bilgiler tag-430ti tag-aisi-405 tag-aisi-409l tag-aisi-410l tag-aisi-430 tag-aisi-434 tag-aisi-436 tag-aisi-439 tag-aisi-441 tag-aisi-444 tag-aisi-447 tag-ferritik-paslanmaz-celikler\">\n<div class=\"lqd-lp-img lqd-overlay\"><figure class=\"pos-rel bg-cover bg-center w-100\"><img loading=\"lazy\" decoding=\"async\" width=\"808\" height=\"299\" src=\"https:\/\/poyrazpaslanmaz.com\/TUR\/wp-content\/uploads\/2021\/12\/Microstructure-of-ferritic-stainless-steel-a-409-and-b-439.png\" class=\"w-100 wp-post-image\" alt=\"\" srcset=\"https:\/\/poyrazpaslanmaz.com\/TUR\/wp-content\/uploads\/2021\/12\/Microstructure-of-ferritic-stainless-steel-a-409-and-b-439.png 808w, https:\/\/poyrazpaslanmaz.com\/TUR\/wp-content\/uploads\/2021\/12\/Microstructure-of-ferritic-stainless-steel-a-409-and-b-439-300x111.png 300w\" sizes=\"auto, (max-width: 808px) 100vw, 808px\" \/><\/figure><\/div>\n<header class=\"lqd-lp-header lqd-overlay flex-column justify-content-between p-4\">\n\n\t<div class=\"lqd-lp-content-bg lqd-overlay\"><\/div>\n\t<div class=\"lqd-lp-header-top pos-rel\t\">\n\t\t<div class=\"lqd-lp-meta text-uppercase ltr-sp-1 font-weight-bold pos-rel z-index-2\">\n\t\t\t<div><span class=\"screen-reader-text\">Tags <\/span><ul class=\"lqd-lp-cat lqd-lp-cat-solid reset-ul inline-nav\"><li><a class=\"round\" href=\"https:\/\/poyrazpaslanmaz.com\/TUR\/category\/paslanmaz-celik-teknik-bilgiler\/\" rel=\"category\">Paslanmaz \u00c7elik Teknik Bilgiler<\/a><\/li><\/ul><\/div>\t\t<\/div>\n\t<\/div>\n\n\t<div class=\"lqd-lp-header-bottom pos-rel\">\n\n\t\t<time class=\"lqd-lp-date text-uppercase ltr-sp-1 font-weight-bold pos-rel z-index-2\" datetime=\"2021-12-20T14:58:13+03:00\">4 y\u0131l ago<\/time>\n\n\t\t<h2 class=\"entry-title lqd-lp-title mt-2 mb-0 h5 lh-135\"><a  href=\"https:\/\/poyrazpaslanmaz.com\/TUR\/2021\/12\/20\/ferritik-paslanmaz-celik-kaliteleri\/\" rel=\"bookmark\">Ferritik Paslanmaz \u00c7elikler<\/a><\/h2>\t\t\n\t<\/div>\n\n<\/header>\n\n<a  href=\"https:\/\/poyrazpaslanmaz.com\/TUR\/2021\/12\/20\/ferritik-paslanmaz-celik-kaliteleri\/\" class=\"lqd-lp-overlay-link lqd-overlay z-index-2\"><\/a><\/article><\/div><div class=\"lqd-lp-column col-md-6 col-sm-6 paslanmaz-celik-teknik-bilgiler\"><article id=\"post-12201\" class=\"lqd-lp lqd-lp-style-10 lqd-lp-img-cover pos-rel d-flex flex-wrap round overflow-hidden h-pt-80 lqd-lp-hover-img-zoom post-12201 post type-post status-publish format-standard has-post-thumbnail hentry category-paslanmaz-celik-teknik-bilgiler tag-aisi-303-1-4305 tag-aisi-304-1-4301 tag-aisi-304l-1-4307 tag-aisi-310-310s-1-4845 tag-aisi-316-1-4401 tag-aisi-316l-1-4404 tag-aisi-316lmo-1-4435 tag-aisi-316ti-1-4571 tag-aisi-321-1-4541 tag-ostenitik-faz-yapisi tag-ostenitik-paslanmaz-celikler tag-paslanmaz-celik\">\n<div class=\"lqd-lp-img lqd-overlay\"><figure class=\"pos-rel bg-cover bg-center w-100\"><img loading=\"lazy\" decoding=\"async\" width=\"690\" height=\"498\" src=\"https:\/\/poyrazpaslanmaz.com\/TUR\/wp-content\/uploads\/2021\/12\/2021-12-20_13-32-40.png\" class=\"w-100 wp-post-image\" alt=\"\" srcset=\"https:\/\/poyrazpaslanmaz.com\/TUR\/wp-content\/uploads\/2021\/12\/2021-12-20_13-32-40.png 690w, https:\/\/poyrazpaslanmaz.com\/TUR\/wp-content\/uploads\/2021\/12\/2021-12-20_13-32-40-300x217.png 300w\" sizes=\"auto, (max-width: 690px) 100vw, 690px\" \/><\/figure><\/div>\n<header class=\"lqd-lp-header lqd-overlay flex-column justify-content-between p-4\">\n\n\t<div class=\"lqd-lp-content-bg lqd-overlay\"><\/div>\n\t<div class=\"lqd-lp-header-top pos-rel\t\">\n\t\t<div class=\"lqd-lp-meta text-uppercase ltr-sp-1 font-weight-bold pos-rel z-index-2\">\n\t\t\t<div><span class=\"screen-reader-text\">Tags <\/span><ul class=\"lqd-lp-cat lqd-lp-cat-solid reset-ul inline-nav\"><li><a class=\"round\" href=\"https:\/\/poyrazpaslanmaz.com\/TUR\/category\/paslanmaz-celik-teknik-bilgiler\/\" rel=\"category\">Paslanmaz \u00c7elik Teknik Bilgiler<\/a><\/li><\/ul><\/div>\t\t<\/div>\n\t<\/div>\n\n\t<div class=\"lqd-lp-header-bottom pos-rel\">\n\n\t\t<time class=\"lqd-lp-date text-uppercase ltr-sp-1 font-weight-bold pos-rel z-index-2\" datetime=\"2021-12-20T14:33:44+03:00\">4 y\u0131l ago<\/time>\n\n\t\t<h2 class=\"entry-title lqd-lp-title mt-2 mb-0 h5 lh-135\"><a  href=\"https:\/\/poyrazpaslanmaz.com\/TUR\/2021\/12\/20\/ostenitik-paslanmaz-celikler\/\" rel=\"bookmark\">\u00d6stenitik Paslanmaz \u00c7elikler<\/a><\/h2>\t\t\n\t<\/div>\n\n<\/header>\n\n<a  href=\"https:\/\/poyrazpaslanmaz.com\/TUR\/2021\/12\/20\/ostenitik-paslanmaz-celikler\/\" class=\"lqd-lp-overlay-link lqd-overlay z-index-2\"><\/a><\/article><\/div><\/div><!--\/ .row --><\/div><!--\/ .lqd-lp-grid -->\t\t<\/div>\n\t\t\t\t<\/div>\n\t\t\t\t\t<\/div>\n\t\t<\/div>\n\t\t\t\t\t\t\t<\/div>\n\t\t<\/section>\n\t\t\t\t\t\t<\/div>\n\t\t\t\t\t<\/div>\n\t\t","protected":false},"excerpt":{"rendered":"<p>Tags Paslanmaz \u00c7elik Teknik Bilgiler 17 dakika ago \u00d6stenitik Paslanmaz \u00c7elikler Tags Paslanmaz \u00c7elik Teknik Bilgiler 32 dakika ago Paslanmaz \u00c7elik Nedir?<\/p>\n","protected":false},"author":1,"featured_media":0,"parent":0,"menu_order":0,"comment_status":"closed","ping_status":"closed","template":"","meta":{"footnotes":""},"class_list":["post-8994","page","type-page","status-publish","hentry"],"yoast_head":"<!-- This site is optimized with the Yoast SEO Premium plugin v18.1 (Yoast SEO v18.2) - https:\/\/yoast.com\/wordpress\/plugins\/seo\/ -->\n<title>Paslanmaz \u00c7elik Teknik Bilgiler<\/title>\n<meta name=\"robots\" content=\"index, follow, max-snippet:-1, max-image-preview:large, max-video-preview:-1\" \/>\n<link rel=\"canonical\" href=\"https:\/\/poyrazpaslanmaz.com\/TUR\/paslanmaz-celik-teknik-bilgiler\/\" \/>\n<meta property=\"og:locale\" content=\"tr_TR\" \/>\n<meta property=\"og:type\" content=\"article\" \/>\n<meta property=\"og:title\" content=\"Teknik Bilgiler\" \/>\n<meta property=\"og:description\" content=\"Tags Paslanmaz \u00c7elik Teknik Bilgiler 17 dakika ago \u00d6stenitik Paslanmaz \u00c7elikler Tags Paslanmaz \u00c7elik Teknik Bilgiler 32 dakika ago Paslanmaz \u00c7elik Nedir?\" \/>\n<meta property=\"og:url\" content=\"https:\/\/poyrazpaslanmaz.com\/TUR\/paslanmaz-celik-teknik-bilgiler\/\" \/>\n<meta property=\"og:site_name\" content=\"Poyraz Paslanmaz \u00c7elik Servisi\" \/>\n<meta property=\"article:modified_time\" content=\"2021-12-20T11:50:27+00:00\" \/>\n<meta property=\"og:image\" content=\"http:\/\/poyrazpaslanmaz.com\/TUR\/wp-content\/uploads\/2021\/12\/2021-12-20_13-32-40.png\" \/>\n<meta name=\"twitter:card\" content=\"summary_large_image\" \/>\n<script type=\"application\/ld+json\" class=\"yoast-schema-graph\">{\"@context\":\"https:\/\/schema.org\",\"@graph\":[{\"@type\":\"Organization\",\"@id\":\"https:\/\/poyrazpaslanmaz.com\/TUR\/#organization\",\"name\":\"Poyraz Paslanmaz \u00c7elik Servis Merkezi\",\"url\":\"https:\/\/poyrazpaslanmaz.com\/TUR\/\",\"sameAs\":[\"https:\/\/www.linkedin.com\/company\/poyraz-paslanmaz\/\",\"https:\/\/www.youtube.com\/channel\/UCikMTgktvEY2HsKznCs6wNQ\"],\"logo\":{\"@type\":\"ImageObject\",\"@id\":\"https:\/\/poyrazpaslanmaz.com\/TUR\/#logo\",\"inLanguage\":\"tr\",\"url\":\"https:\/\/poyrazpaslanmaz.com\/TUR\/wp-content\/uploads\/2019\/12\/POYRAZ-LOGO.png\",\"contentUrl\":\"https:\/\/poyrazpaslanmaz.com\/TUR\/wp-content\/uploads\/2019\/12\/POYRAZ-LOGO.png\",\"width\":700,\"height\":215,\"caption\":\"Poyraz Paslanmaz \u00c7elik Servis Merkezi\"},\"image\":{\"@id\":\"https:\/\/poyrazpaslanmaz.com\/TUR\/#logo\"}},{\"@type\":\"WebSite\",\"@id\":\"https:\/\/poyrazpaslanmaz.com\/TUR\/#website\",\"url\":\"https:\/\/poyrazpaslanmaz.com\/TUR\/\",\"name\":\"Poyraz Paslanmaz \u00c7elik Servisi\",\"description\":\"Paslanmaz Rulo, Sac, Boru, Profil, \u00c7ubuk, Lama, K\u00f6\u015febent\",\"publisher\":{\"@id\":\"https:\/\/poyrazpaslanmaz.com\/TUR\/#organization\"},\"potentialAction\":[{\"@type\":\"SearchAction\",\"target\":{\"@type\":\"EntryPoint\",\"urlTemplate\":\"https:\/\/poyrazpaslanmaz.com\/TUR\/?s={search_term_string}\"},\"query-input\":\"required name=search_term_string\"}],\"inLanguage\":\"tr\"},{\"@type\":\"ImageObject\",\"@id\":\"https:\/\/poyrazpaslanmaz.com\/TUR\/paslanmaz-celik-teknik-bilgiler\/#primaryimage\",\"inLanguage\":\"tr\",\"url\":\"http:\/\/poyrazpaslanmaz.com\/TUR\/wp-content\/uploads\/2021\/12\/2021-12-20_13-32-40.png\",\"contentUrl\":\"http:\/\/poyrazpaslanmaz.com\/TUR\/wp-content\/uploads\/2021\/12\/2021-12-20_13-32-40.png\"},{\"@type\":\"WebPage\",\"@id\":\"https:\/\/poyrazpaslanmaz.com\/TUR\/paslanmaz-celik-teknik-bilgiler\/#webpage\",\"url\":\"https:\/\/poyrazpaslanmaz.com\/TUR\/paslanmaz-celik-teknik-bilgiler\/\",\"name\":\"Paslanmaz \u00c7elik Teknik Bilgiler\",\"isPartOf\":{\"@id\":\"https:\/\/poyrazpaslanmaz.com\/TUR\/#website\"},\"primaryImageOfPage\":{\"@id\":\"https:\/\/poyrazpaslanmaz.com\/TUR\/paslanmaz-celik-teknik-bilgiler\/#primaryimage\"},\"datePublished\":\"2020-12-14T05:23:14+00:00\",\"dateModified\":\"2021-12-20T11:50:27+00:00\",\"breadcrumb\":{\"@id\":\"https:\/\/poyrazpaslanmaz.com\/TUR\/paslanmaz-celik-teknik-bilgiler\/#breadcrumb\"},\"inLanguage\":\"tr\",\"potentialAction\":[{\"@type\":\"ReadAction\",\"target\":[\"https:\/\/poyrazpaslanmaz.com\/TUR\/paslanmaz-celik-teknik-bilgiler\/\"]}]},{\"@type\":\"BreadcrumbList\",\"@id\":\"https:\/\/poyrazpaslanmaz.com\/TUR\/paslanmaz-celik-teknik-bilgiler\/#breadcrumb\",\"itemListElement\":[{\"@type\":\"ListItem\",\"position\":1,\"name\":\"Anasayfa\",\"item\":\"https:\/\/poyrazpaslanmaz.com\/TUR\/\"},{\"@type\":\"ListItem\",\"position\":2,\"name\":\"Teknik Bilgiler\"}]},{\"@type\":\"TechArticle\",\"@id\":\"https:\/\/poyrazpaslanmaz.com\/TUR\/paslanmaz-celik-teknik-bilgiler\/#article\",\"isPartOf\":{\"@id\":\"https:\/\/poyrazpaslanmaz.com\/TUR\/paslanmaz-celik-teknik-bilgiler\/#webpage\"},\"author\":{\"@id\":\"https:\/\/poyrazpaslanmaz.com\/TUR\/#\/schema\/person\/c779564c9945a08d3334cf8c7064c3a0\"},\"headline\":\"Teknik Bilgiler\",\"datePublished\":\"2020-12-14T05:23:14+00:00\",\"dateModified\":\"2021-12-20T11:50:27+00:00\",\"mainEntityOfPage\":{\"@id\":\"https:\/\/poyrazpaslanmaz.com\/TUR\/paslanmaz-celik-teknik-bilgiler\/#webpage\"},\"wordCount\":22,\"publisher\":{\"@id\":\"https:\/\/poyrazpaslanmaz.com\/TUR\/#organization\"},\"image\":{\"@id\":\"https:\/\/poyrazpaslanmaz.com\/TUR\/paslanmaz-celik-teknik-bilgiler\/#primaryimage\"},\"thumbnailUrl\":\"http:\/\/poyrazpaslanmaz.com\/TUR\/wp-content\/uploads\/2021\/12\/2021-12-20_13-32-40.png\",\"inLanguage\":\"tr\"},{\"@type\":\"Person\",\"@id\":\"https:\/\/poyrazpaslanmaz.com\/TUR\/#\/schema\/person\/c779564c9945a08d3334cf8c7064c3a0\",\"name\":\"poyraz\",\"image\":{\"@type\":\"ImageObject\",\"@id\":\"https:\/\/poyrazpaslanmaz.com\/TUR\/#personlogo\",\"inLanguage\":\"tr\",\"url\":\"https:\/\/secure.gravatar.com\/avatar\/0e253ed5519749879d717378123245bf?s=96&d=mm&r=g\",\"contentUrl\":\"https:\/\/secure.gravatar.com\/avatar\/0e253ed5519749879d717378123245bf?s=96&d=mm&r=g\",\"caption\":\"poyraz\"},\"sameAs\":[\"http:\/\/poyrazpaslanmaz.com\/TUR\"],\"url\":\"https:\/\/poyrazpaslanmaz.com\/TUR\/author\/poyraz\/\"}]}<\/script>\n<!-- \/ Yoast SEO Premium plugin. -->","yoast_head_json":{"title":"Paslanmaz \u00c7elik Teknik Bilgiler","robots":{"index":"index","follow":"follow","max-snippet":"max-snippet:-1","max-image-preview":"max-image-preview:large","max-video-preview":"max-video-preview:-1"},"canonical":"https:\/\/poyrazpaslanmaz.com\/TUR\/paslanmaz-celik-teknik-bilgiler\/","og_locale":"tr_TR","og_type":"article","og_title":"Teknik Bilgiler","og_description":"Tags Paslanmaz \u00c7elik Teknik Bilgiler 17 dakika ago \u00d6stenitik Paslanmaz \u00c7elikler Tags Paslanmaz \u00c7elik Teknik Bilgiler 32 dakika ago Paslanmaz \u00c7elik Nedir?","og_url":"https:\/\/poyrazpaslanmaz.com\/TUR\/paslanmaz-celik-teknik-bilgiler\/","og_site_name":"Poyraz Paslanmaz \u00c7elik Servisi","article_modified_time":"2021-12-20T11:50:27+00:00","og_image":[{"url":"http:\/\/poyrazpaslanmaz.com\/TUR\/wp-content\/uploads\/2021\/12\/2021-12-20_13-32-40.png"}],"twitter_card":"summary_large_image","schema":{"@context":"https:\/\/schema.org","@graph":[{"@type":"Organization","@id":"https:\/\/poyrazpaslanmaz.com\/TUR\/#organization","name":"Poyraz Paslanmaz \u00c7elik Servis Merkezi","url":"https:\/\/poyrazpaslanmaz.com\/TUR\/","sameAs":["https:\/\/www.linkedin.com\/company\/poyraz-paslanmaz\/","https:\/\/www.youtube.com\/channel\/UCikMTgktvEY2HsKznCs6wNQ"],"logo":{"@type":"ImageObject","@id":"https:\/\/poyrazpaslanmaz.com\/TUR\/#logo","inLanguage":"tr","url":"https:\/\/poyrazpaslanmaz.com\/TUR\/wp-content\/uploads\/2019\/12\/POYRAZ-LOGO.png","contentUrl":"https:\/\/poyrazpaslanmaz.com\/TUR\/wp-content\/uploads\/2019\/12\/POYRAZ-LOGO.png","width":700,"height":215,"caption":"Poyraz Paslanmaz \u00c7elik Servis Merkezi"},"image":{"@id":"https:\/\/poyrazpaslanmaz.com\/TUR\/#logo"}},{"@type":"WebSite","@id":"https:\/\/poyrazpaslanmaz.com\/TUR\/#website","url":"https:\/\/poyrazpaslanmaz.com\/TUR\/","name":"Poyraz Paslanmaz \u00c7elik Servisi","description":"Paslanmaz Rulo, Sac, Boru, Profil, \u00c7ubuk, Lama, K\u00f6\u015febent","publisher":{"@id":"https:\/\/poyrazpaslanmaz.com\/TUR\/#organization"},"potentialAction":[{"@type":"SearchAction","target":{"@type":"EntryPoint","urlTemplate":"https:\/\/poyrazpaslanmaz.com\/TUR\/?s={search_term_string}"},"query-input":"required name=search_term_string"}],"inLanguage":"tr"},{"@type":"ImageObject","@id":"https:\/\/poyrazpaslanmaz.com\/TUR\/paslanmaz-celik-teknik-bilgiler\/#primaryimage","inLanguage":"tr","url":"http:\/\/poyrazpaslanmaz.com\/TUR\/wp-content\/uploads\/2021\/12\/2021-12-20_13-32-40.png","contentUrl":"http:\/\/poyrazpaslanmaz.com\/TUR\/wp-content\/uploads\/2021\/12\/2021-12-20_13-32-40.png"},{"@type":"WebPage","@id":"https:\/\/poyrazpaslanmaz.com\/TUR\/paslanmaz-celik-teknik-bilgiler\/#webpage","url":"https:\/\/poyrazpaslanmaz.com\/TUR\/paslanmaz-celik-teknik-bilgiler\/","name":"Paslanmaz \u00c7elik Teknik Bilgiler","isPartOf":{"@id":"https:\/\/poyrazpaslanmaz.com\/TUR\/#website"},"primaryImageOfPage":{"@id":"https:\/\/poyrazpaslanmaz.com\/TUR\/paslanmaz-celik-teknik-bilgiler\/#primaryimage"},"datePublished":"2020-12-14T05:23:14+00:00","dateModified":"2021-12-20T11:50:27+00:00","breadcrumb":{"@id":"https:\/\/poyrazpaslanmaz.com\/TUR\/paslanmaz-celik-teknik-bilgiler\/#breadcrumb"},"inLanguage":"tr","potentialAction":[{"@type":"ReadAction","target":["https:\/\/poyrazpaslanmaz.com\/TUR\/paslanmaz-celik-teknik-bilgiler\/"]}]},{"@type":"BreadcrumbList","@id":"https:\/\/poyrazpaslanmaz.com\/TUR\/paslanmaz-celik-teknik-bilgiler\/#breadcrumb","itemListElement":[{"@type":"ListItem","position":1,"name":"Anasayfa","item":"https:\/\/poyrazpaslanmaz.com\/TUR\/"},{"@type":"ListItem","position":2,"name":"Teknik Bilgiler"}]},{"@type":"TechArticle","@id":"https:\/\/poyrazpaslanmaz.com\/TUR\/paslanmaz-celik-teknik-bilgiler\/#article","isPartOf":{"@id":"https:\/\/poyrazpaslanmaz.com\/TUR\/paslanmaz-celik-teknik-bilgiler\/#webpage"},"author":{"@id":"https:\/\/poyrazpaslanmaz.com\/TUR\/#\/schema\/person\/c779564c9945a08d3334cf8c7064c3a0"},"headline":"Teknik Bilgiler","datePublished":"2020-12-14T05:23:14+00:00","dateModified":"2021-12-20T11:50:27+00:00","mainEntityOfPage":{"@id":"https:\/\/poyrazpaslanmaz.com\/TUR\/paslanmaz-celik-teknik-bilgiler\/#webpage"},"wordCount":22,"publisher":{"@id":"https:\/\/poyrazpaslanmaz.com\/TUR\/#organization"},"image":{"@id":"https:\/\/poyrazpaslanmaz.com\/TUR\/paslanmaz-celik-teknik-bilgiler\/#primaryimage"},"thumbnailUrl":"http:\/\/poyrazpaslanmaz.com\/TUR\/wp-content\/uploads\/2021\/12\/2021-12-20_13-32-40.png","inLanguage":"tr"},{"@type":"Person","@id":"https:\/\/poyrazpaslanmaz.com\/TUR\/#\/schema\/person\/c779564c9945a08d3334cf8c7064c3a0","name":"poyraz","image":{"@type":"ImageObject","@id":"https:\/\/poyrazpaslanmaz.com\/TUR\/#personlogo","inLanguage":"tr","url":"https:\/\/secure.gravatar.com\/avatar\/0e253ed5519749879d717378123245bf?s=96&d=mm&r=g","contentUrl":"https:\/\/secure.gravatar.com\/avatar\/0e253ed5519749879d717378123245bf?s=96&d=mm&r=g","caption":"poyraz"},"sameAs":["http:\/\/poyrazpaslanmaz.com\/TUR"],"url":"https:\/\/poyrazpaslanmaz.com\/TUR\/author\/poyraz\/"}]}},"_links":{"self":[{"href":"https:\/\/poyrazpaslanmaz.com\/TUR\/wp-json\/wp\/v2\/pages\/8994","targetHints":{"allow":["GET"]}}],"collection":[{"href":"https:\/\/poyrazpaslanmaz.com\/TUR\/wp-json\/wp\/v2\/pages"}],"about":[{"href":"https:\/\/poyrazpaslanmaz.com\/TUR\/wp-json\/wp\/v2\/types\/page"}],"author":[{"embeddable":true,"href":"https:\/\/poyrazpaslanmaz.com\/TUR\/wp-json\/wp\/v2\/users\/1"}],"replies":[{"embeddable":true,"href":"https:\/\/poyrazpaslanmaz.com\/TUR\/wp-json\/wp\/v2\/comments?post=8994"}],"version-history":[{"count":0,"href":"https:\/\/poyrazpaslanmaz.com\/TUR\/wp-json\/wp\/v2\/pages\/8994\/revisions"}],"wp:attachment":[{"href":"https:\/\/poyrazpaslanmaz.com\/TUR\/wp-json\/wp\/v2\/media?parent=8994"}],"curies":[{"name":"wp","href":"https:\/\/api.w.org\/{rel}","templated":true}]}}